{"id":7460,"date":"2019-01-11T10:58:17","date_gmt":"2019-01-11T15:58:17","guid":{"rendered":"http:\/\/test.conceptbbm.com\/packaging-solutions\/"},"modified":"2021-07-16T11:58:54","modified_gmt":"2021-07-16T15:58:54","slug":"solutions-d-emballage","status":"publish","type":"page","link":"https:\/\/conceptbbm.com\/fr\/solutions-d-emballage\/","title":{"rendered":"Solutions d\u2019emballage"},"content":{"rendered":"<p>[vc_row css=\u00a0\u00bb.vc_custom_1553181489641{border-bottom-width: 400px !important;}\u00a0\u00bb][vc_column width=\u00a0\u00bb2\/3&Prime;][vc_column_text]<\/p>\n<h4>Thermoformage<\/h4>\n<p>Cette technique, reconnue et appr\u00e9ci\u00e9e pour sa rapidit\u00e9 d\u2019ex\u00e9cution et sa souplesse, offre de nombreuses possibilit\u00e9s : du modelage de mat\u00e9riaux tels que le PVC, le polystyr\u00e8ne et PET scell\u00e9, recyclable et soudable, \u00e0 la r\u00e9alisation de coquilles d\u2019emballage pour faciliter la mise en march\u00e9.<\/p>\n<p>Avec notre service de prototype et de dessin technique sur mesure, votre projet d\u2019emballage de produits sera r\u00e9alis\u00e9 rapidement et facilement, \u00e0 des prix tr\u00e8s concurrentiels.[\/vc_column_text][\/vc_column][vc_column width=\u00a0\u00bb1\/3&Prime;][vc_gallery interval=\u00a0\u00bb3&Prime; images=\u00a0\u00bb6555,6556,6557&Prime; img_size=\u00a0\u00bb400&#215;400&Prime; onclick=\u00a0\u00bbimg_link_large\u00a0\u00bb custom_links_target=\u00a0\u00bb_blank\u00a0\u00bb][\/vc_column][\/vc_row][vc_row el_id=\u00a0\u00bbheat-sealing\u00a0\u00bb][vc_column][vc_separator color=\u00a0\u00bbcustom\u00a0\u00bb accent_color=\u00a0\u00bb#5aa6ed\u00a0\u00bb][\/vc_column][\/vc_row][vc_row css=\u00a0\u00bb.vc_custom_1553616956475{border-bottom-width: 400px !important;}\u00a0\u00bb][vc_column width=\u00a0\u00bb1\/3&Prime;][vc_gallery interval=\u00a0\u00bb3&Prime; images=\u00a0\u00bb6558,6559,6560&Prime; img_size=\u00a0\u00bb400&#215;400&Prime; onclick=\u00a0\u00bbimg_link_large\u00a0\u00bb custom_links_target=\u00a0\u00bb_blank\u00a0\u00bb][\/vc_column][vc_column width=\u00a0\u00bb2\/3&Prime;][vc_column_text]<\/p>\n<h4>Scellage RF \/ \u00e0 chaud<\/h4>\n<p>Notre entreprise familiale ma\u00eetrise \u00e0 la perfection la technique du scellage \u00e0 chaud et \u00e0 pression, autant pour des emballages en carton et en plastique que pour des travaux de scellage plastique sur plastique ou encore pour du scellage par points.<\/p>\n<p>De plus, le grand choix de matrices et de \u00ab jigs \u00bb pr\u00eats \u00e0 l\u2019emploi permet de r\u00e9duire le co\u00fbt d\u2019assemblage et le temps de pr\u00e9paration tout en s\u2019adaptant \u00e0 une grande diversit\u00e9 de formes et de types de produits.<\/p>\n<p>Consultez nos conseillers pour en savoir davantage. Vous pourriez faire des \u00e9conomies appr\u00e9ciables.[\/vc_column_text][\/vc_column][\/vc_row][vc_row el_id=\u00a0\u00bbshrink\u00a0\u00bb][vc_column][vc_separator][\/vc_column][\/vc_row][vc_row css=\u00a0\u00bb.vc_custom_1553616951987{border-bottom-width: 400px !important;}\u00a0\u00bb][vc_column width=\u00a0\u00bb2\/3&Prime;][vc_column_text]<\/p>\n<h4>Emballage sous pellicule r\u00e9tractable<\/h4>\n<p>Cette technique tr\u00e8s populaire est parfaite pour combiner, mettre en valeur et prot\u00e9ger des produits de toute nature et ce, de fa\u00e7on attrayante et \u00e9conomique. Elle \u00e9pouse parfaitement la forme des produits\u00a0: du disque compact, aux jouets, livres, bouteilles, etc.<\/p>\n<p><strong>Concept BBM<\/strong>, vous permet de choisir l\u2019option du mode de scellage complet ou combin\u00e9 en utilisant un manchon de PVC, par exemple.<\/p>\n<p>Offerte en plusieurs \u00e9paisseurs et degr\u00e9s de transparence, l\u2019emballage sous pellicule r\u00e9tractable allie robustesse, imperm\u00e9abilit\u00e9, belle pr\u00e9sentation et \u00e9conomie.<\/p>\n<p>Consultez nos conseillers pour en savoir davantage. Vous pourriez faire des \u00e9conomies appr\u00e9ciables.[\/vc_column_text][\/vc_column][vc_column width=\u00a0\u00bb1\/3&Prime;][vc_gallery interval=\u00a0\u00bb3&Prime; images=\u00a0\u00bb6543,6542&Prime; img_size=\u00a0\u00bb400&#215;400&Prime; onclick=\u00a0\u00bbimg_link_large\u00a0\u00bb custom_links_target=\u00a0\u00bb_blank\u00a0\u00bb][\/vc_column][\/vc_row]<\/p>\n","protected":false},"excerpt":{"rendered":"<p>[vc_row css=\u00a0\u00bb.vc_custom_1553181489641{border-bottom-width: 400px !important;}\u00a0\u00bb][vc_column width=\u00a0\u00bb2\/3&Prime;][vc_column_text] Thermoformage Cette technique, reconnue et appr\u00e9ci\u00e9e pour sa rapidit\u00e9 d\u2019ex\u00e9cution et sa souplesse, offre de nombreuses possibilit\u00e9s : du modelage de mat\u00e9riaux tels que le PVC, le polystyr\u00e8ne et PET scell\u00e9, recyclable et soudable, \u00e0 la r\u00e9alisation de coquilles d\u2019emballage pour faciliter la mise en march\u00e9. Avec notre service de [&hellip;]<\/p>\n","protected":false},"author":1,"featured_media":7252,"parent":0,"menu_order":0,"comment_status":"closed","ping_status":"closed","template":"","meta":{"_monsterinsights_skip_tracking":false,"_monsterinsights_sitenote_active":false,"_monsterinsights_sitenote_note":"","_monsterinsights_sitenote_category":0},"yoast_head":"<!-- This site is optimized with the Yoast SEO plugin v18.9 - https:\/\/yoast.com\/wordpress\/plugins\/seo\/ -->\n<title>Solutions d\u2019emballage | Concept BBM<\/title>\n<meta name=\"description\" content=\"100% local. Notre \u00e9quipe est sp\u00e9cialis\u00e9e dans des solutions d\u2019emballage vari\u00e9es, tel que le thermoformage, scellage RF \u00e0 chaud et pellicule r\u00e9tractable.\" \/>\n<meta name=\"robots\" content=\"index, follow, max-snippet:-1, max-image-preview:large, max-video-preview:-1\" \/>\n<link rel=\"canonical\" href=\"https:\/\/conceptbbm.com\/fr\/solutions-d-emballage\/\" \/>\n<meta property=\"og:locale\" content=\"fr_FR\" \/>\n<meta property=\"og:type\" content=\"article\" \/>\n<meta property=\"og:title\" content=\"Solutions d\u2019emballage | Concept BBM\" \/>\n<meta property=\"og:description\" content=\"100% local. Notre \u00e9quipe est sp\u00e9cialis\u00e9e dans des solutions d\u2019emballage vari\u00e9es, tel que le thermoformage, scellage RF \u00e0 chaud et pellicule r\u00e9tractable.\" \/>\n<meta property=\"og:url\" content=\"https:\/\/conceptbbm.com\/fr\/solutions-d-emballage\/\" \/>\n<meta property=\"og:site_name\" content=\"Concept BBM\" \/>\n<meta property=\"article:modified_time\" content=\"2021-07-16T15:58:54+00:00\" \/>\n<meta property=\"og:image\" content=\"https:\/\/conceptbbm.com\/wp-content\/uploads\/2019\/01\/Thermo-home-1024x683.png\" \/>\n\t<meta property=\"og:image:width\" content=\"1024\" \/>\n\t<meta property=\"og:image:height\" content=\"683\" \/>\n\t<meta property=\"og:image:type\" content=\"image\/png\" \/>\n<meta name=\"twitter:card\" content=\"summary_large_image\" \/>\n<meta name=\"twitter:label1\" content=\"Dur\u00e9e de lecture estim\u00e9e\" \/>\n\t<meta name=\"twitter:data1\" content=\"2 minutes\" \/>\n<script type=\"application\/ld+json\" class=\"yoast-schema-graph\">{\"@context\":\"https:\/\/schema.org\",\"@graph\":[{\"@type\":\"Organization\",\"@id\":\"https:\/\/conceptbbm.com\/#organization\",\"name\":\"Concept BBM\",\"url\":\"https:\/\/conceptbbm.com\/\",\"sameAs\":[],\"logo\":{\"@type\":\"ImageObject\",\"inLanguage\":\"fr-FR\",\"@id\":\"https:\/\/conceptbbm.com\/#\/schema\/logo\/image\/\",\"url\":\"https:\/\/conceptbbm.com\/wp-content\/uploads\/2019\/02\/logo-conceptbbm.png\",\"contentUrl\":\"https:\/\/conceptbbm.com\/wp-content\/uploads\/2019\/02\/logo-conceptbbm.png\",\"width\":150,\"height\":150,\"caption\":\"Concept BBM\"},\"image\":{\"@id\":\"https:\/\/conceptbbm.com\/#\/schema\/logo\/image\/\"}},{\"@type\":\"WebSite\",\"@id\":\"https:\/\/conceptbbm.com\/#website\",\"url\":\"https:\/\/conceptbbm.com\/\",\"name\":\"Concept BBM\",\"description\":\"\",\"publisher\":{\"@id\":\"https:\/\/conceptbbm.com\/#organization\"},\"potentialAction\":[{\"@type\":\"SearchAction\",\"target\":{\"@type\":\"EntryPoint\",\"urlTemplate\":\"https:\/\/conceptbbm.com\/?s={search_term_string}\"},\"query-input\":\"required name=search_term_string\"}],\"inLanguage\":\"fr-FR\"},{\"@type\":\"ImageObject\",\"inLanguage\":\"fr-FR\",\"@id\":\"https:\/\/conceptbbm.com\/fr\/solutions-d-emballage\/#primaryimage\",\"url\":\"https:\/\/conceptbbm.com\/wp-content\/uploads\/2019\/01\/Thermo-home.png\",\"contentUrl\":\"https:\/\/conceptbbm.com\/wp-content\/uploads\/2019\/01\/Thermo-home.png\",\"width\":1920,\"height\":1280,\"caption\":\"thermoformage\"},{\"@type\":\"WebPage\",\"@id\":\"https:\/\/conceptbbm.com\/fr\/solutions-d-emballage\/#webpage\",\"url\":\"https:\/\/conceptbbm.com\/fr\/solutions-d-emballage\/\",\"name\":\"Solutions d\u2019emballage | Concept BBM\",\"isPartOf\":{\"@id\":\"https:\/\/conceptbbm.com\/#website\"},\"primaryImageOfPage\":{\"@id\":\"https:\/\/conceptbbm.com\/fr\/solutions-d-emballage\/#primaryimage\"},\"datePublished\":\"2019-01-11T15:58:17+00:00\",\"dateModified\":\"2021-07-16T15:58:54+00:00\",\"description\":\"100% local. Notre \u00e9quipe est sp\u00e9cialis\u00e9e dans des solutions d\u2019emballage vari\u00e9es, tel que le thermoformage, scellage RF \u00e0 chaud et pellicule r\u00e9tractable.\",\"breadcrumb\":{\"@id\":\"https:\/\/conceptbbm.com\/fr\/solutions-d-emballage\/#breadcrumb\"},\"inLanguage\":\"fr-FR\",\"potentialAction\":[{\"@type\":\"ReadAction\",\"target\":[\"https:\/\/conceptbbm.com\/fr\/solutions-d-emballage\/\"]}]},{\"@type\":\"BreadcrumbList\",\"@id\":\"https:\/\/conceptbbm.com\/fr\/solutions-d-emballage\/#breadcrumb\",\"itemListElement\":[{\"@type\":\"ListItem\",\"position\":1,\"name\":\"\",\"item\":\"https:\/\/conceptbbm.com\/fr\/\"},{\"@type\":\"ListItem\",\"position\":2,\"name\":\"Solutions d\u2019emballage\"}]}]}<\/script>\n<!-- \/ Yoast SEO plugin. -->","yoast_head_json":{"title":"Solutions d\u2019emballage | Concept BBM","description":"100% local. Notre \u00e9quipe est sp\u00e9cialis\u00e9e dans des solutions d\u2019emballage vari\u00e9es, tel que le thermoformage, scellage RF \u00e0 chaud et pellicule r\u00e9tractable.","robots":{"index":"index","follow":"follow","max-snippet":"max-snippet:-1","max-image-preview":"max-image-preview:large","max-video-preview":"max-video-preview:-1"},"canonical":"https:\/\/conceptbbm.com\/fr\/solutions-d-emballage\/","og_locale":"fr_FR","og_type":"article","og_title":"Solutions d\u2019emballage | Concept BBM","og_description":"100% local. Notre \u00e9quipe est sp\u00e9cialis\u00e9e dans des solutions d\u2019emballage vari\u00e9es, tel que le thermoformage, scellage RF \u00e0 chaud et pellicule r\u00e9tractable.","og_url":"https:\/\/conceptbbm.com\/fr\/solutions-d-emballage\/","og_site_name":"Concept BBM","article_modified_time":"2021-07-16T15:58:54+00:00","og_image":[{"width":1024,"height":683,"url":"https:\/\/conceptbbm.com\/wp-content\/uploads\/2019\/01\/Thermo-home-1024x683.png","type":"image\/png"}],"twitter_card":"summary_large_image","twitter_misc":{"Dur\u00e9e de lecture estim\u00e9e":"2 minutes"},"schema":{"@context":"https:\/\/schema.org","@graph":[{"@type":"Organization","@id":"https:\/\/conceptbbm.com\/#organization","name":"Concept BBM","url":"https:\/\/conceptbbm.com\/","sameAs":[],"logo":{"@type":"ImageObject","inLanguage":"fr-FR","@id":"https:\/\/conceptbbm.com\/#\/schema\/logo\/image\/","url":"https:\/\/conceptbbm.com\/wp-content\/uploads\/2019\/02\/logo-conceptbbm.png","contentUrl":"https:\/\/conceptbbm.com\/wp-content\/uploads\/2019\/02\/logo-conceptbbm.png","width":150,"height":150,"caption":"Concept BBM"},"image":{"@id":"https:\/\/conceptbbm.com\/#\/schema\/logo\/image\/"}},{"@type":"WebSite","@id":"https:\/\/conceptbbm.com\/#website","url":"https:\/\/conceptbbm.com\/","name":"Concept BBM","description":"","publisher":{"@id":"https:\/\/conceptbbm.com\/#organization"},"potentialAction":[{"@type":"SearchAction","target":{"@type":"EntryPoint","urlTemplate":"https:\/\/conceptbbm.com\/?s={search_term_string}"},"query-input":"required name=search_term_string"}],"inLanguage":"fr-FR"},{"@type":"ImageObject","inLanguage":"fr-FR","@id":"https:\/\/conceptbbm.com\/fr\/solutions-d-emballage\/#primaryimage","url":"https:\/\/conceptbbm.com\/wp-content\/uploads\/2019\/01\/Thermo-home.png","contentUrl":"https:\/\/conceptbbm.com\/wp-content\/uploads\/2019\/01\/Thermo-home.png","width":1920,"height":1280,"caption":"thermoformage"},{"@type":"WebPage","@id":"https:\/\/conceptbbm.com\/fr\/solutions-d-emballage\/#webpage","url":"https:\/\/conceptbbm.com\/fr\/solutions-d-emballage\/","name":"Solutions d\u2019emballage | Concept BBM","isPartOf":{"@id":"https:\/\/conceptbbm.com\/#website"},"primaryImageOfPage":{"@id":"https:\/\/conceptbbm.com\/fr\/solutions-d-emballage\/#primaryimage"},"datePublished":"2019-01-11T15:58:17+00:00","dateModified":"2021-07-16T15:58:54+00:00","description":"100% local. Notre \u00e9quipe est sp\u00e9cialis\u00e9e dans des solutions d\u2019emballage vari\u00e9es, tel que le thermoformage, scellage RF \u00e0 chaud et pellicule r\u00e9tractable.","breadcrumb":{"@id":"https:\/\/conceptbbm.com\/fr\/solutions-d-emballage\/#breadcrumb"},"inLanguage":"fr-FR","potentialAction":[{"@type":"ReadAction","target":["https:\/\/conceptbbm.com\/fr\/solutions-d-emballage\/"]}]},{"@type":"BreadcrumbList","@id":"https:\/\/conceptbbm.com\/fr\/solutions-d-emballage\/#breadcrumb","itemListElement":[{"@type":"ListItem","position":1,"name":"","item":"https:\/\/conceptbbm.com\/fr\/"},{"@type":"ListItem","position":2,"name":"Solutions d\u2019emballage"}]}]}},"_links":{"self":[{"href":"https:\/\/conceptbbm.com\/fr\/wp-json\/wp\/v2\/pages\/7460"}],"collection":[{"href":"https:\/\/conceptbbm.com\/fr\/wp-json\/wp\/v2\/pages"}],"about":[{"href":"https:\/\/conceptbbm.com\/fr\/wp-json\/wp\/v2\/types\/page"}],"author":[{"embeddable":true,"href":"https:\/\/conceptbbm.com\/fr\/wp-json\/wp\/v2\/users\/1"}],"replies":[{"embeddable":true,"href":"https:\/\/conceptbbm.com\/fr\/wp-json\/wp\/v2\/comments?post=7460"}],"version-history":[{"count":6,"href":"https:\/\/conceptbbm.com\/fr\/wp-json\/wp\/v2\/pages\/7460\/revisions"}],"predecessor-version":[{"id":9431,"href":"https:\/\/conceptbbm.com\/fr\/wp-json\/wp\/v2\/pages\/7460\/revisions\/9431"}],"wp:featuredmedia":[{"embeddable":true,"href":"https:\/\/conceptbbm.com\/fr\/wp-json\/wp\/v2\/media\/7252"}],"wp:attachment":[{"href":"https:\/\/conceptbbm.com\/fr\/wp-json\/wp\/v2\/media?parent=7460"}],"curies":[{"name":"wp","href":"https:\/\/api.w.org\/{rel}","templated":true}]}}