{"id":9057,"date":"2021-04-26T11:37:35","date_gmt":"2021-04-26T15:37:35","guid":{"rendered":"https:\/\/conceptbbm.com\/?page_id=9057"},"modified":"2021-04-26T11:37:41","modified_gmt":"2021-04-26T15:37:41","slug":"presentoirs-en-carton-pour-bouteilles","status":"publish","type":"page","link":"https:\/\/conceptbbm.com\/fr\/presentoirs-en-carton-pour-bouteilles\/","title":{"rendered":"Pr\u00e9sentoirs en carton pour bouteilles"},"content":{"rendered":"<p>[vc_row][vc_column][vc_column_text]<\/p>\n<h4>Concept BBM poss\u00e8de une vaste s\u00e9lection de pr\u00e9sentoirs standards en plus des mod\u00e8les pouvant \u00eatre dessin\u00e9s sur mesure.<\/h4>\n<h4><\/p>\n<p>Nous offrons entre autres des pr\u00e9sentoirs de carton pour bouteilles de tout gabarit (bouteilles de vin, bouteilles de bi\u00e8res), canettes et autres produits lourds.<\/h4>\n<h4><\/h4>\n<p>[\/vc_column_text][\/vc_column][\/vc_row][vc_row][vc_column][vc_gallery type=\u00a0\u00bbimage_grid\u00a0\u00bb images=\u00a0\u00bb9048,5895,9025,7955,9037,5901,9046,8525,9043,8238,8975,8868,8384,8117,9098&Prime; img_size=\u00a0\u00bb250&#215;250&Prime; onclick=\u00a0\u00bbcustom_link\u00a0\u00bb custom_links_target=\u00a0\u00bb_blank\u00a0\u00bb css_animation=\u00a0\u00bbnone\u00a0\u00bb title=\u00a0\u00bbPr\u00e9sentoirs de plancher et de comptoir en carton\u00a0\u00bb custom_links=\u00a0\u00bb#E-8_aHR0cHMlM0ElMkYlMkZjb25jZXB0YmJtLmNvbSUyRmZyJTJGcHJvZHVpdCUyRnByZXNlbnRvaXItcGxhbmNoZXItY2FydG9uLTEzODAlMkYlMkNodHRwcyUzQSUyRiUyRmNvbmNlcHRiYm0uY29tJTJGZnIlMkZwcm9kdWl0JTJGcHJlc2VudG9pci1jb21wdG9pci1jYXJ0b24tMTM1MyUyRiUyQ2h0dHBzJTNBJTJGJTJGY29uY2VwdGJibS5jb20lMkZmciUyRnByb2R1aXQlMkZwcmVzZW50b2lyLXBsYW5jaGVyLWNhcnRvbi0xMzgwJTJGJTJDaHR0cHMlM0ElMkYlMkZjb25jZXB0YmJtLmNvbSUyRmZyJTJGcHJvZHVpdCUyRjEzNDAtcHJlc2VudG9pci1jb21wdG9pci1jYXJ0b24lMkYlMkNodHRwcyUzQSUyRiUyRmNvbmNlcHRiYm0uY29tJTJGZnIlMkZwcm9kdWl0JTJGcHJlc2VudG9pci1wbGFuY2hlci1jYXJ0b24tMzEyMSUyRiUyQ2h0dHBzJTNBJTJGJTJGY29uY2VwdGJibS5jb20lMkZmciUyRnByb2R1aXQlMkZwcmVzZW50b2lyLWNvbXB0b2lyLWNhcnRvbi0yMDk0JTJGJTJDaHR0cHMlM0ElMkYlMkZjb25jZXB0YmJtLmNvbSUyRmZyJTJGcHJvZHVpdCUyRnByZXNlbnRvaXItZGUtY29tcHRvaXItZW4tY2FydG9uLTc0NzBrLWRlc2luZmVjdGFudC1wb3VyLWxlcy1tYWlucy1jb3ZpZC0xOSUyRiUyQ2h0dHBzJTNBJTJGJTJGY29uY2VwdGJibS5jb20lMkZmciUyRnByb2R1aXQlMkZwcmVzZW50b2lyLWRlLWNvbXB0b2lyLWVuLWNhcnRvbi03NDI5ayUyRiUyQ2h0dHBzJTNBJTJGJTJGY29uY2VwdGJibS5jb20lMkZmciUyRnByb2R1aXQlMkZiZW5uZS1lbi1jYXJ0b24tZHVtcC1iaW4tNTE4OCUyRiUyQ2h0dHBzJTNBJTJGJTJGY29uY2VwdGJibS5jb20lMkZmciUyRnByb2R1aXQlMkZwcmVzZW50b2lyLXBsYW5jaGVyLWNhcnRvbi03MjUxJTJGJTJDaHR0cHMlM0ElMkYlMkZjb25jZXB0YmJtLmNvbSUyRmZyJTJGcHJvZHVpdCUyRnByZXNlbnRvaXItZGUtcGxhbmNoZXItZW4tY2FydG9uLTcwMjklMkYlMkNodHRwcyUzQSUyRiUyRmNvbmNlcHRiYm0uY29tJTJGZnIlMkZwcm9kdWl0JTJGcHJlc2VudG9pci1kZS1wbGFuY2hlci1lbi1jYXJ0b24tNzE3NyUyRiUyQ2h0dHBzJTNBJTJGJTJGY29uY2VwdGJibS5jb20lMkZmciUyRnByb2R1aXQlMkZwcmVzZW50b2lyLXBsYW5jaGVyLWNhcnRvbi00MTUyJTJGJTJDaHR0cHMlM0ElMkYlMkZjb25jZXB0YmJtLmNvbSUyRmZyJTJGcHJvZHVpdCUyRjQxNjgtcHJlc2VudG9pci1wbGFuY2hlci1jYXJ0b24lMkYlMkNodHRwcyUzQSUyRiUyRmNvbmNlcHRiYm0uY29tJTJGZnIlMkZjYXRlZ29yaWUtcHJvZHVpdCUyRnByZXNlbnRvaXJzLWVuLWNhcnRvbiUyRg==\u00a0\u00bb][\/vc_column][\/vc_row][vc_row][vc_column][vc_separator][\/vc_column][\/vc_row][vc_row][vc_column][vc_column_text]<\/p>\n<h6>Pr\u00e9sentoir de plancher; pr\u00e9sentoir de comptoir; bouteille; produits pharmaceutiques; bouteilles de graines de chanvre; pr\u00e9sentoir pour bouteilles de parfum et fragrances; cosm\u00e9tiques; pr\u00e9sentoir de canettes; pr\u00e9sentoir pour bouteilles de vin\/bi\u00e8re<\/h6>\n<p>[\/vc_column_text][\/vc_column][\/vc_row]<\/p>\n","protected":false},"excerpt":{"rendered":"<p>[vc_row][vc_column][vc_column_text] Concept BBM poss\u00e8de une vaste s\u00e9lection de pr\u00e9sentoirs standards en plus des mod\u00e8les pouvant \u00eatre dessin\u00e9s sur mesure. Nous offrons entre autres des pr\u00e9sentoirs de carton pour bouteilles de tout gabarit (bouteilles de vin, bouteilles de bi\u00e8res), canettes et autres produits lourds. [\/vc_column_text][\/vc_column][\/vc_row][vc_row][vc_column][vc_gallery type=\u00a0\u00bbimage_grid\u00a0\u00bb images=\u00a0\u00bb9048,5895,9025,7955,9037,5901,9046,8525,9043,8238,8975,8868,8384,8117,9098&Prime; img_size=\u00a0\u00bb250&#215;250&Prime; onclick=\u00a0\u00bbcustom_link\u00a0\u00bb custom_links_target=\u00a0\u00bb_blank\u00a0\u00bb css_animation=\u00a0\u00bbnone\u00a0\u00bb title=\u00a0\u00bbPr\u00e9sentoirs de plancher et de [&hellip;]<\/p>\n","protected":false},"author":1,"featured_media":0,"parent":0,"menu_order":0,"comment_status":"closed","ping_status":"closed","template":"","meta":{"_monsterinsights_skip_tracking":false,"_monsterinsights_sitenote_active":false,"_monsterinsights_sitenote_note":"","_monsterinsights_sitenote_category":0},"yoast_head":"<!-- This site is optimized with the Yoast SEO plugin v18.9 - https:\/\/yoast.com\/wordpress\/plugins\/seo\/ -->\n<title>Pr\u00e9sentoirs en carton pour bouteilles | Concept BBM<\/title>\n<meta name=\"description\" content=\"Concept BBM poss\u00e8de une vaste s\u00e9lection de pr\u00e9sentoirs standards en plus des mod\u00e8les pouvant \u00eatre dessin\u00e9s sur mesure. Nous offrons entre autres des pr\u00e9sentoirs de carton pour bouteilles de tout gabarit (bouteilles de vin, bouteilles de bi\u00e8res), canettes et autres produits lourds.\" \/>\n<meta name=\"robots\" content=\"index, follow, max-snippet:-1, max-image-preview:large, max-video-preview:-1\" \/>\n<link rel=\"canonical\" href=\"https:\/\/conceptbbm.com\/fr\/presentoirs-en-carton-pour-bouteilles\/\" \/>\n<meta property=\"og:locale\" content=\"fr_FR\" \/>\n<meta property=\"og:type\" content=\"article\" \/>\n<meta property=\"og:title\" content=\"Pr\u00e9sentoirs en carton pour bouteilles | Concept BBM\" \/>\n<meta property=\"og:description\" content=\"Concept BBM poss\u00e8de une vaste s\u00e9lection de pr\u00e9sentoirs standards en plus des mod\u00e8les pouvant \u00eatre dessin\u00e9s sur mesure. Nous offrons entre autres des pr\u00e9sentoirs de carton pour bouteilles de tout gabarit (bouteilles de vin, bouteilles de bi\u00e8res), canettes et autres produits lourds.\" \/>\n<meta property=\"og:url\" content=\"https:\/\/conceptbbm.com\/fr\/presentoirs-en-carton-pour-bouteilles\/\" \/>\n<meta property=\"og:site_name\" content=\"Concept BBM\" \/>\n<meta property=\"article:modified_time\" content=\"2021-04-26T15:37:41+00:00\" \/>\n<meta name=\"twitter:card\" content=\"summary_large_image\" \/>\n<meta name=\"twitter:label1\" content=\"Dur\u00e9e de lecture estim\u00e9e\" \/>\n\t<meta name=\"twitter:data1\" content=\"2 minutes\" \/>\n<script type=\"application\/ld+json\" class=\"yoast-schema-graph\">{\"@context\":\"https:\/\/schema.org\",\"@graph\":[{\"@type\":\"Organization\",\"@id\":\"https:\/\/conceptbbm.com\/#organization\",\"name\":\"Concept BBM\",\"url\":\"https:\/\/conceptbbm.com\/\",\"sameAs\":[],\"logo\":{\"@type\":\"ImageObject\",\"inLanguage\":\"fr-FR\",\"@id\":\"https:\/\/conceptbbm.com\/#\/schema\/logo\/image\/\",\"url\":\"https:\/\/conceptbbm.com\/wp-content\/uploads\/2019\/02\/logo-conceptbbm.png\",\"contentUrl\":\"https:\/\/conceptbbm.com\/wp-content\/uploads\/2019\/02\/logo-conceptbbm.png\",\"width\":150,\"height\":150,\"caption\":\"Concept BBM\"},\"image\":{\"@id\":\"https:\/\/conceptbbm.com\/#\/schema\/logo\/image\/\"}},{\"@type\":\"WebSite\",\"@id\":\"https:\/\/conceptbbm.com\/#website\",\"url\":\"https:\/\/conceptbbm.com\/\",\"name\":\"Concept BBM\",\"description\":\"\",\"publisher\":{\"@id\":\"https:\/\/conceptbbm.com\/#organization\"},\"potentialAction\":[{\"@type\":\"SearchAction\",\"target\":{\"@type\":\"EntryPoint\",\"urlTemplate\":\"https:\/\/conceptbbm.com\/?s={search_term_string}\"},\"query-input\":\"required name=search_term_string\"}],\"inLanguage\":\"fr-FR\"},{\"@type\":\"WebPage\",\"@id\":\"https:\/\/conceptbbm.com\/fr\/presentoirs-en-carton-pour-bouteilles\/#webpage\",\"url\":\"https:\/\/conceptbbm.com\/fr\/presentoirs-en-carton-pour-bouteilles\/\",\"name\":\"Pr\u00e9sentoirs en carton pour bouteilles | Concept BBM\",\"isPartOf\":{\"@id\":\"https:\/\/conceptbbm.com\/#website\"},\"datePublished\":\"2021-04-26T15:37:35+00:00\",\"dateModified\":\"2021-04-26T15:37:41+00:00\",\"description\":\"Concept BBM poss\u00e8de une vaste s\u00e9lection de pr\u00e9sentoirs standards en plus des mod\u00e8les pouvant \u00eatre dessin\u00e9s sur mesure. Nous offrons entre autres des pr\u00e9sentoirs de carton pour bouteilles de tout gabarit (bouteilles de vin, bouteilles de bi\u00e8res), canettes et autres produits lourds.\",\"breadcrumb\":{\"@id\":\"https:\/\/conceptbbm.com\/fr\/presentoirs-en-carton-pour-bouteilles\/#breadcrumb\"},\"inLanguage\":\"fr-FR\",\"potentialAction\":[{\"@type\":\"ReadAction\",\"target\":[\"https:\/\/conceptbbm.com\/fr\/presentoirs-en-carton-pour-bouteilles\/\"]}]},{\"@type\":\"BreadcrumbList\",\"@id\":\"https:\/\/conceptbbm.com\/fr\/presentoirs-en-carton-pour-bouteilles\/#breadcrumb\",\"itemListElement\":[{\"@type\":\"ListItem\",\"position\":1,\"name\":\"\",\"item\":\"https:\/\/conceptbbm.com\/fr\/\"},{\"@type\":\"ListItem\",\"position\":2,\"name\":\"Pr\u00e9sentoirs en carton pour bouteilles\"}]}]}<\/script>\n<!-- \/ Yoast SEO plugin. -->","yoast_head_json":{"title":"Pr\u00e9sentoirs en carton pour bouteilles | Concept BBM","description":"Concept BBM poss\u00e8de une vaste s\u00e9lection de pr\u00e9sentoirs standards en plus des mod\u00e8les pouvant \u00eatre dessin\u00e9s sur mesure. Nous offrons entre autres des pr\u00e9sentoirs de carton pour bouteilles de tout gabarit (bouteilles de vin, bouteilles de bi\u00e8res), canettes et autres produits lourds.","robots":{"index":"index","follow":"follow","max-snippet":"max-snippet:-1","max-image-preview":"max-image-preview:large","max-video-preview":"max-video-preview:-1"},"canonical":"https:\/\/conceptbbm.com\/fr\/presentoirs-en-carton-pour-bouteilles\/","og_locale":"fr_FR","og_type":"article","og_title":"Pr\u00e9sentoirs en carton pour bouteilles | Concept BBM","og_description":"Concept BBM poss\u00e8de une vaste s\u00e9lection de pr\u00e9sentoirs standards en plus des mod\u00e8les pouvant \u00eatre dessin\u00e9s sur mesure. Nous offrons entre autres des pr\u00e9sentoirs de carton pour bouteilles de tout gabarit (bouteilles de vin, bouteilles de bi\u00e8res), canettes et autres produits lourds.","og_url":"https:\/\/conceptbbm.com\/fr\/presentoirs-en-carton-pour-bouteilles\/","og_site_name":"Concept BBM","article_modified_time":"2021-04-26T15:37:41+00:00","twitter_card":"summary_large_image","twitter_misc":{"Dur\u00e9e de lecture estim\u00e9e":"2 minutes"},"schema":{"@context":"https:\/\/schema.org","@graph":[{"@type":"Organization","@id":"https:\/\/conceptbbm.com\/#organization","name":"Concept BBM","url":"https:\/\/conceptbbm.com\/","sameAs":[],"logo":{"@type":"ImageObject","inLanguage":"fr-FR","@id":"https:\/\/conceptbbm.com\/#\/schema\/logo\/image\/","url":"https:\/\/conceptbbm.com\/wp-content\/uploads\/2019\/02\/logo-conceptbbm.png","contentUrl":"https:\/\/conceptbbm.com\/wp-content\/uploads\/2019\/02\/logo-conceptbbm.png","width":150,"height":150,"caption":"Concept BBM"},"image":{"@id":"https:\/\/conceptbbm.com\/#\/schema\/logo\/image\/"}},{"@type":"WebSite","@id":"https:\/\/conceptbbm.com\/#website","url":"https:\/\/conceptbbm.com\/","name":"Concept BBM","description":"","publisher":{"@id":"https:\/\/conceptbbm.com\/#organization"},"potentialAction":[{"@type":"SearchAction","target":{"@type":"EntryPoint","urlTemplate":"https:\/\/conceptbbm.com\/?s={search_term_string}"},"query-input":"required name=search_term_string"}],"inLanguage":"fr-FR"},{"@type":"WebPage","@id":"https:\/\/conceptbbm.com\/fr\/presentoirs-en-carton-pour-bouteilles\/#webpage","url":"https:\/\/conceptbbm.com\/fr\/presentoirs-en-carton-pour-bouteilles\/","name":"Pr\u00e9sentoirs en carton pour bouteilles | Concept BBM","isPartOf":{"@id":"https:\/\/conceptbbm.com\/#website"},"datePublished":"2021-04-26T15:37:35+00:00","dateModified":"2021-04-26T15:37:41+00:00","description":"Concept BBM poss\u00e8de une vaste s\u00e9lection de pr\u00e9sentoirs standards en plus des mod\u00e8les pouvant \u00eatre dessin\u00e9s sur mesure. Nous offrons entre autres des pr\u00e9sentoirs de carton pour bouteilles de tout gabarit (bouteilles de vin, bouteilles de bi\u00e8res), canettes et autres produits lourds.","breadcrumb":{"@id":"https:\/\/conceptbbm.com\/fr\/presentoirs-en-carton-pour-bouteilles\/#breadcrumb"},"inLanguage":"fr-FR","potentialAction":[{"@type":"ReadAction","target":["https:\/\/conceptbbm.com\/fr\/presentoirs-en-carton-pour-bouteilles\/"]}]},{"@type":"BreadcrumbList","@id":"https:\/\/conceptbbm.com\/fr\/presentoirs-en-carton-pour-bouteilles\/#breadcrumb","itemListElement":[{"@type":"ListItem","position":1,"name":"","item":"https:\/\/conceptbbm.com\/fr\/"},{"@type":"ListItem","position":2,"name":"Pr\u00e9sentoirs en carton pour bouteilles"}]}]}},"_links":{"self":[{"href":"https:\/\/conceptbbm.com\/fr\/wp-json\/wp\/v2\/pages\/9057"}],"collection":[{"href":"https:\/\/conceptbbm.com\/fr\/wp-json\/wp\/v2\/pages"}],"about":[{"href":"https:\/\/conceptbbm.com\/fr\/wp-json\/wp\/v2\/types\/page"}],"author":[{"embeddable":true,"href":"https:\/\/conceptbbm.com\/fr\/wp-json\/wp\/v2\/users\/1"}],"replies":[{"embeddable":true,"href":"https:\/\/conceptbbm.com\/fr\/wp-json\/wp\/v2\/comments?post=9057"}],"version-history":[{"count":5,"href":"https:\/\/conceptbbm.com\/fr\/wp-json\/wp\/v2\/pages\/9057\/revisions"}],"predecessor-version":[{"id":9110,"href":"https:\/\/conceptbbm.com\/fr\/wp-json\/wp\/v2\/pages\/9057\/revisions\/9110"}],"wp:attachment":[{"href":"https:\/\/conceptbbm.com\/fr\/wp-json\/wp\/v2\/media?parent=9057"}],"curies":[{"name":"wp","href":"https:\/\/api.w.org\/{rel}","templated":true}]}}