{"id":9235,"date":"2021-05-04T16:08:28","date_gmt":"2021-05-04T20:08:28","guid":{"rendered":"https:\/\/conceptbbm.com\/presentoir-de-comptoir-en-carton-2\/"},"modified":"2021-05-04T16:09:07","modified_gmt":"2021-05-04T20:09:07","slug":"presentoir-de-comptoir-en-carton-2","status":"publish","type":"page","link":"https:\/\/conceptbbm.com\/fr\/presentoir-de-comptoir-en-carton-2\/","title":{"rendered":"Pr\u00e9sentoir de comptoir en carton"},"content":{"rendered":"<p>[vc_row][vc_column][vc_column_text]Sp\u00e9cialis\u00e9e dans la cr\u00e9ation, la conception et la production de pr\u00e9sentoirs de comptoir standards et sur mesure, Concept BBM est votre alli\u00e9 #1. Contactez-nous pour plus d\u2019informations.<\/p>\n<div class=\"vc_row wpb_row vc_row-fluid\">\n<div class=\"wpb_column vc_column_container vc_col-sm-12\">\n<div class=\"vc_column-inner\">\n<div class=\"wpb_wrapper\">\n<div class=\"wpb_text_column wpb_content_element \">\n<div class=\"wpb_wrapper\">\n<div class=\"vc_row wpb_row vc_row-fluid\">\n<div class=\"wpb_column vc_column_container vc_col-sm-12\">\n<div class=\"vc_column-inner\">\n<div class=\"wpb_wrapper\">\n<div class=\"wpb_text_column wpb_content_element \">\n<div class=\"wpb_wrapper\">\n<h5>Notre expertiste repose sur la cr\u00e9ation d\u2019une multitude de pr\u00e9sentoirs de comptoir en carton.<\/h5>\n<\/div>\n<\/div>\n<\/div>\n<\/div>\n<\/div>\n<\/div>\n<\/div>\n<\/div>\n<\/div>\n<\/div>\n<\/div>\n<\/div>\n<p>[\/vc_column_text][\/vc_column][\/vc_row][vc_row][vc_column][vc_message]Pr\u00e9sentoir pour bouteilles; pr\u00e9sentoir pour cannettes; pr\u00e9sentoir pour produits lourds; pr\u00e9sentoir pour bouteilles de bi\u00e8re; pr\u00e9sentoir de plancher personnalis\u00e9; pr\u00e9sentoir pour cosm\u00e9tiques; pr\u00e9sentoir pour produits cosm\u00e9tiques; pr\u00e9sentoir pour bouteilles d\u2019\u00e9pices; pr\u00e9sentoir pour bo\u00eetes de biscuits; pr\u00e9sentoir pour jouets; pr\u00e9sentoir pour t-shirt; pr\u00e9sentoir pour cl\u00e9 usb; pr\u00e9sentoir pour petits objets; pr\u00e9sentoir pour peluches; pr\u00e9sentoir avec crochets.[\/vc_message][\/vc_column][\/vc_row][vc_row][vc_column][vc_btn title=\u00a0\u00bbCliquez ici pour voir nos pr\u00e9sentoirs de comptoir\u00a0\u00bb color=\u00a0\u00bbsky\u00a0\u00bb size=\u00a0\u00bblg\u00a0\u00bb align=\u00a0\u00bbcenter\u00a0\u00bb link=\u00a0\u00bburl:https%3A%2F%2Fconceptbbm.com%2Ffr%2Fcategorie-produit%2Fpresentoirs-en-carton%2Fpresentoirs-de-comptoir%2F||target:%20_blank|\u00a0\u00bb][\/vc_column][\/vc_row]<\/p>\n","protected":false},"excerpt":{"rendered":"<p>[vc_row][vc_column][vc_column_text]Sp\u00e9cialis\u00e9e dans la cr\u00e9ation, la conception et la production de pr\u00e9sentoirs de comptoir standards et sur mesure, Concept BBM est votre alli\u00e9 #1. Contactez-nous pour plus d\u2019informations. Notre expertiste repose sur la cr\u00e9ation d\u2019une multitude de pr\u00e9sentoirs de comptoir en carton. [\/vc_column_text][\/vc_column][\/vc_row][vc_row][vc_column][vc_message]Pr\u00e9sentoir pour bouteilles; pr\u00e9sentoir pour cannettes; pr\u00e9sentoir pour produits lourds; pr\u00e9sentoir pour bouteilles de [&hellip;]<\/p>\n","protected":false},"author":7,"featured_media":9244,"parent":0,"menu_order":0,"comment_status":"closed","ping_status":"closed","template":"","meta":{"_monsterinsights_skip_tracking":false,"_monsterinsights_sitenote_active":false,"_monsterinsights_sitenote_note":"","_monsterinsights_sitenote_category":0},"yoast_head":"<!-- This site is optimized with the Yoast SEO plugin v18.9 - https:\/\/yoast.com\/wordpress\/plugins\/seo\/ -->\n<title>Pr\u00e9sentoir de comptoir en carton | Concept BBM<\/title>\n<meta name=\"robots\" content=\"index, follow, max-snippet:-1, max-image-preview:large, max-video-preview:-1\" \/>\n<link rel=\"canonical\" href=\"https:\/\/conceptbbm.com\/fr\/presentoir-de-comptoir-en-carton-2\/\" \/>\n<meta property=\"og:locale\" content=\"fr_FR\" \/>\n<meta property=\"og:type\" content=\"article\" \/>\n<meta property=\"og:title\" content=\"Pr\u00e9sentoir de comptoir en carton | Concept BBM\" \/>\n<meta property=\"og:description\" content=\"[vc_row][vc_column][vc_column_text]Sp\u00e9cialis\u00e9e dans la cr\u00e9ation, la conception et la production de pr\u00e9sentoirs de comptoir standards et sur mesure, Concept BBM est votre alli\u00e9 #1. Contactez-nous pour plus d\u2019informations. Notre expertiste repose sur la cr\u00e9ation d\u2019une multitude de pr\u00e9sentoirs de comptoir en carton. [\/vc_column_text][\/vc_column][\/vc_row][vc_row][vc_column][vc_message]Pr\u00e9sentoir pour bouteilles; pr\u00e9sentoir pour cannettes; pr\u00e9sentoir pour produits lourds; pr\u00e9sentoir pour bouteilles de [&hellip;]\" \/>\n<meta property=\"og:url\" content=\"https:\/\/conceptbbm.com\/fr\/presentoir-de-comptoir-en-carton-2\/\" \/>\n<meta property=\"og:site_name\" content=\"Concept BBM\" \/>\n<meta property=\"article:modified_time\" content=\"2021-05-04T20:09:07+00:00\" \/>\n<meta property=\"og:image\" content=\"https:\/\/conceptbbm.com\/wp-content\/uploads\/2021\/05\/PREMIERE-PHOTO-COMPTOIR.jpg\" \/>\n\t<meta property=\"og:image:width\" content=\"2550\" \/>\n\t<meta property=\"og:image:height\" content=\"2550\" \/>\n\t<meta property=\"og:image:type\" content=\"image\/jpeg\" \/>\n<meta name=\"twitter:card\" content=\"summary_large_image\" \/>\n<meta name=\"twitter:label1\" content=\"Dur\u00e9e de lecture estim\u00e9e\" \/>\n\t<meta name=\"twitter:data1\" content=\"1 minute\" \/>\n<script type=\"application\/ld+json\" class=\"yoast-schema-graph\">{\"@context\":\"https:\/\/schema.org\",\"@graph\":[{\"@type\":\"Organization\",\"@id\":\"https:\/\/conceptbbm.com\/#organization\",\"name\":\"Concept BBM\",\"url\":\"https:\/\/conceptbbm.com\/\",\"sameAs\":[],\"logo\":{\"@type\":\"ImageObject\",\"inLanguage\":\"fr-FR\",\"@id\":\"https:\/\/conceptbbm.com\/#\/schema\/logo\/image\/\",\"url\":\"https:\/\/conceptbbm.com\/wp-content\/uploads\/2019\/02\/logo-conceptbbm.png\",\"contentUrl\":\"https:\/\/conceptbbm.com\/wp-content\/uploads\/2019\/02\/logo-conceptbbm.png\",\"width\":150,\"height\":150,\"caption\":\"Concept BBM\"},\"image\":{\"@id\":\"https:\/\/conceptbbm.com\/#\/schema\/logo\/image\/\"}},{\"@type\":\"WebSite\",\"@id\":\"https:\/\/conceptbbm.com\/#website\",\"url\":\"https:\/\/conceptbbm.com\/\",\"name\":\"Concept BBM\",\"description\":\"\",\"publisher\":{\"@id\":\"https:\/\/conceptbbm.com\/#organization\"},\"potentialAction\":[{\"@type\":\"SearchAction\",\"target\":{\"@type\":\"EntryPoint\",\"urlTemplate\":\"https:\/\/conceptbbm.com\/?s={search_term_string}\"},\"query-input\":\"required name=search_term_string\"}],\"inLanguage\":\"fr-FR\"},{\"@type\":\"ImageObject\",\"inLanguage\":\"fr-FR\",\"@id\":\"https:\/\/conceptbbm.com\/fr\/presentoir-de-comptoir-en-carton-2\/#primaryimage\",\"url\":\"https:\/\/conceptbbm.com\/wp-content\/uploads\/2021\/05\/PREMIERE-PHOTO-COMPTOIR.jpg\",\"contentUrl\":\"https:\/\/conceptbbm.com\/wp-content\/uploads\/2021\/05\/PREMIERE-PHOTO-COMPTOIR.jpg\",\"width\":2550,\"height\":2550,\"caption\":\"Background counter displays\"},{\"@type\":\"WebPage\",\"@id\":\"https:\/\/conceptbbm.com\/fr\/presentoir-de-comptoir-en-carton-2\/#webpage\",\"url\":\"https:\/\/conceptbbm.com\/fr\/presentoir-de-comptoir-en-carton-2\/\",\"name\":\"Pr\u00e9sentoir de comptoir en carton | Concept BBM\",\"isPartOf\":{\"@id\":\"https:\/\/conceptbbm.com\/#website\"},\"primaryImageOfPage\":{\"@id\":\"https:\/\/conceptbbm.com\/fr\/presentoir-de-comptoir-en-carton-2\/#primaryimage\"},\"datePublished\":\"2021-05-04T20:08:28+00:00\",\"dateModified\":\"2021-05-04T20:09:07+00:00\",\"breadcrumb\":{\"@id\":\"https:\/\/conceptbbm.com\/fr\/presentoir-de-comptoir-en-carton-2\/#breadcrumb\"},\"inLanguage\":\"fr-FR\",\"potentialAction\":[{\"@type\":\"ReadAction\",\"target\":[\"https:\/\/conceptbbm.com\/fr\/presentoir-de-comptoir-en-carton-2\/\"]}]},{\"@type\":\"BreadcrumbList\",\"@id\":\"https:\/\/conceptbbm.com\/fr\/presentoir-de-comptoir-en-carton-2\/#breadcrumb\",\"itemListElement\":[{\"@type\":\"ListItem\",\"position\":1,\"name\":\"\",\"item\":\"https:\/\/conceptbbm.com\/fr\/\"},{\"@type\":\"ListItem\",\"position\":2,\"name\":\"Pr\u00e9sentoir de comptoir en carton\"}]}]}<\/script>\n<!-- \/ Yoast SEO plugin. -->","yoast_head_json":{"title":"Pr\u00e9sentoir de comptoir en carton | Concept BBM","robots":{"index":"index","follow":"follow","max-snippet":"max-snippet:-1","max-image-preview":"max-image-preview:large","max-video-preview":"max-video-preview:-1"},"canonical":"https:\/\/conceptbbm.com\/fr\/presentoir-de-comptoir-en-carton-2\/","og_locale":"fr_FR","og_type":"article","og_title":"Pr\u00e9sentoir de comptoir en carton | Concept BBM","og_description":"[vc_row][vc_column][vc_column_text]Sp\u00e9cialis\u00e9e dans la cr\u00e9ation, la conception et la production de pr\u00e9sentoirs de comptoir standards et sur mesure, Concept BBM est votre alli\u00e9 #1. Contactez-nous pour plus d\u2019informations. Notre expertiste repose sur la cr\u00e9ation d\u2019une multitude de pr\u00e9sentoirs de comptoir en carton. [\/vc_column_text][\/vc_column][\/vc_row][vc_row][vc_column][vc_message]Pr\u00e9sentoir pour bouteilles; pr\u00e9sentoir pour cannettes; pr\u00e9sentoir pour produits lourds; pr\u00e9sentoir pour bouteilles de [&hellip;]","og_url":"https:\/\/conceptbbm.com\/fr\/presentoir-de-comptoir-en-carton-2\/","og_site_name":"Concept BBM","article_modified_time":"2021-05-04T20:09:07+00:00","og_image":[{"width":2550,"height":2550,"url":"https:\/\/conceptbbm.com\/wp-content\/uploads\/2021\/05\/PREMIERE-PHOTO-COMPTOIR.jpg","type":"image\/jpeg"}],"twitter_card":"summary_large_image","twitter_misc":{"Dur\u00e9e de lecture estim\u00e9e":"1 minute"},"schema":{"@context":"https:\/\/schema.org","@graph":[{"@type":"Organization","@id":"https:\/\/conceptbbm.com\/#organization","name":"Concept BBM","url":"https:\/\/conceptbbm.com\/","sameAs":[],"logo":{"@type":"ImageObject","inLanguage":"fr-FR","@id":"https:\/\/conceptbbm.com\/#\/schema\/logo\/image\/","url":"https:\/\/conceptbbm.com\/wp-content\/uploads\/2019\/02\/logo-conceptbbm.png","contentUrl":"https:\/\/conceptbbm.com\/wp-content\/uploads\/2019\/02\/logo-conceptbbm.png","width":150,"height":150,"caption":"Concept BBM"},"image":{"@id":"https:\/\/conceptbbm.com\/#\/schema\/logo\/image\/"}},{"@type":"WebSite","@id":"https:\/\/conceptbbm.com\/#website","url":"https:\/\/conceptbbm.com\/","name":"Concept BBM","description":"","publisher":{"@id":"https:\/\/conceptbbm.com\/#organization"},"potentialAction":[{"@type":"SearchAction","target":{"@type":"EntryPoint","urlTemplate":"https:\/\/conceptbbm.com\/?s={search_term_string}"},"query-input":"required name=search_term_string"}],"inLanguage":"fr-FR"},{"@type":"ImageObject","inLanguage":"fr-FR","@id":"https:\/\/conceptbbm.com\/fr\/presentoir-de-comptoir-en-carton-2\/#primaryimage","url":"https:\/\/conceptbbm.com\/wp-content\/uploads\/2021\/05\/PREMIERE-PHOTO-COMPTOIR.jpg","contentUrl":"https:\/\/conceptbbm.com\/wp-content\/uploads\/2021\/05\/PREMIERE-PHOTO-COMPTOIR.jpg","width":2550,"height":2550,"caption":"Background counter displays"},{"@type":"WebPage","@id":"https:\/\/conceptbbm.com\/fr\/presentoir-de-comptoir-en-carton-2\/#webpage","url":"https:\/\/conceptbbm.com\/fr\/presentoir-de-comptoir-en-carton-2\/","name":"Pr\u00e9sentoir de comptoir en carton | Concept BBM","isPartOf":{"@id":"https:\/\/conceptbbm.com\/#website"},"primaryImageOfPage":{"@id":"https:\/\/conceptbbm.com\/fr\/presentoir-de-comptoir-en-carton-2\/#primaryimage"},"datePublished":"2021-05-04T20:08:28+00:00","dateModified":"2021-05-04T20:09:07+00:00","breadcrumb":{"@id":"https:\/\/conceptbbm.com\/fr\/presentoir-de-comptoir-en-carton-2\/#breadcrumb"},"inLanguage":"fr-FR","potentialAction":[{"@type":"ReadAction","target":["https:\/\/conceptbbm.com\/fr\/presentoir-de-comptoir-en-carton-2\/"]}]},{"@type":"BreadcrumbList","@id":"https:\/\/conceptbbm.com\/fr\/presentoir-de-comptoir-en-carton-2\/#breadcrumb","itemListElement":[{"@type":"ListItem","position":1,"name":"","item":"https:\/\/conceptbbm.com\/fr\/"},{"@type":"ListItem","position":2,"name":"Pr\u00e9sentoir de comptoir en carton"}]}]}},"_links":{"self":[{"href":"https:\/\/conceptbbm.com\/fr\/wp-json\/wp\/v2\/pages\/9235"}],"collection":[{"href":"https:\/\/conceptbbm.com\/fr\/wp-json\/wp\/v2\/pages"}],"about":[{"href":"https:\/\/conceptbbm.com\/fr\/wp-json\/wp\/v2\/types\/page"}],"author":[{"embeddable":true,"href":"https:\/\/conceptbbm.com\/fr\/wp-json\/wp\/v2\/users\/7"}],"replies":[{"embeddable":true,"href":"https:\/\/conceptbbm.com\/fr\/wp-json\/wp\/v2\/comments?post=9235"}],"version-history":[{"count":5,"href":"https:\/\/conceptbbm.com\/fr\/wp-json\/wp\/v2\/pages\/9235\/revisions"}],"predecessor-version":[{"id":9240,"href":"https:\/\/conceptbbm.com\/fr\/wp-json\/wp\/v2\/pages\/9235\/revisions\/9240"}],"wp:featuredmedia":[{"embeddable":true,"href":"https:\/\/conceptbbm.com\/fr\/wp-json\/wp\/v2\/media\/9244"}],"wp:attachment":[{"href":"https:\/\/conceptbbm.com\/fr\/wp-json\/wp\/v2\/media?parent=9235"}],"curies":[{"name":"wp","href":"https:\/\/api.w.org\/{rel}","templated":true}]}}