{"id":10242,"date":"2022-04-27T15:56:45","date_gmt":"2022-04-27T19:56:45","guid":{"rendered":"https:\/\/conceptbbm.com\/?post_type=product&#038;p=10242"},"modified":"2022-12-01T13:14:09","modified_gmt":"2022-12-01T18:14:09","slug":"7683-palette-multimedia-ordinateur","status":"publish","type":"product","link":"https:\/\/conceptbbm.com\/fr\/produit\/7683-palette-multimedia-ordinateur\/","title":{"rendered":"#7683 &#8211; Palette &#8211; Ordinateur portable"},"content":{"rendered":"<p>48 x 40 Palette Multim\u00e9dia pour d\u00e9mos audio et autres, avec 6 pochettes pouvant contenir chacune jusqu&rsquo;\u00e0 12 cartes de bon. Un d\u00e9monstrateur peut \u00eatre plac\u00e9 au centre.<\/p>\n<p>&nbsp;<\/p>\n<pre>(Palette standard, pour palette Costco, palette Walmart\r\n\r\net autres entrep\u00f4ts)<\/pre>\n","protected":false},"excerpt":{"rendered":"<p>Palette multim\u00e9dia 48 x 40 pour d\u00e9mos audio et autres, avec 6 crochets\/pegs pouvant contenir chacun jusqu&rsquo;\u00e0 10 cartes de bon. Pour ordinateurs portables, tablettes et plus.<\/p>\n<p>&nbsp;<\/p>\n<pre>(Palette standard, pour palette Costco, palette Walmart\r\n\r\net autres entrep\u00f4ts)<\/pre>\n","protected":false},"featured_media":10248,"template":"","meta":{"_monsterinsights_skip_tracking":false,"_monsterinsights_sitenote_active":false,"_monsterinsights_sitenote_note":"","_monsterinsights_sitenote_category":0},"product_cat":[179],"product_tag":[499,338,1499,1497,289,886,268,227,1502,287,1083,270,1500,296,888,658,1504,1084,208,1503,659,1505,1506,497,290,1498,1088,1493,893,1089,1087,1495,1085,1086,1501,1494,1496,285,288,284,231,264,230,225,887,211,294,498,293,275,1091,661,1507],"yoast_head":"<!-- This site is optimized with the Yoast SEO plugin v18.9 - https:\/\/yoast.com\/wordpress\/plugins\/seo\/ -->\n<title>Palette multim\u00e9dia pour d\u00e9monstrateur | Concept BBM<\/title>\n<meta name=\"description\" content=\"48 x 40 Palette Multim\u00e9dia pour t\u00e9l\u00e9vision, ordinateur et autres. 6 crochets\/pegs tenant jusqu&#039;\u00e0 10 cartes. Vente d&#039;entrep\u00f4t et grandes surfaces.\" \/>\n<meta name=\"robots\" content=\"index, follow, max-snippet:-1, max-image-preview:large, max-video-preview:-1\" \/>\n<link rel=\"canonical\" href=\"https:\/\/conceptbbm.com\/product\/7683-pallet-multimedia\/\" \/>\n<meta property=\"og:locale\" content=\"fr_FR\" \/>\n<meta property=\"og:type\" content=\"article\" \/>\n<meta property=\"og:title\" content=\"Palette multim\u00e9dia pour d\u00e9monstrateur | Concept BBM\" \/>\n<meta property=\"og:description\" content=\"48 x 40 Palette Multim\u00e9dia pour t\u00e9l\u00e9vision, ordinateur et autres. 6 crochets\/pegs tenant jusqu&#039;\u00e0 10 cartes. Vente d&#039;entrep\u00f4t et grandes surfaces.\" \/>\n<meta property=\"og:url\" content=\"https:\/\/conceptbbm.com\/product\/7683-pallet-multimedia\/\" \/>\n<meta property=\"og:site_name\" content=\"Concept BBM\" \/>\n<meta property=\"article:modified_time\" content=\"2022-12-01T18:14:09+00:00\" \/>\n<meta property=\"og:image\" content=\"https:\/\/conceptbbm.com\/wp-content\/uploads\/2022\/04\/7683K-3D-LR-1-e1651091882372.jpg\" \/>\n\t<meta property=\"og:image:width\" content=\"1400\" \/>\n\t<meta property=\"og:image:height\" content=\"1400\" \/>\n\t<meta property=\"og:image:type\" content=\"image\/jpeg\" \/>\n<meta name=\"twitter:card\" content=\"summary_large_image\" \/>\n<script type=\"application\/ld+json\" class=\"yoast-schema-graph\">{\"@context\":\"https:\/\/schema.org\",\"@graph\":[{\"@type\":\"Organization\",\"@id\":\"https:\/\/conceptbbm.com\/#organization\",\"name\":\"Concept BBM\",\"url\":\"https:\/\/conceptbbm.com\/\",\"sameAs\":[],\"logo\":{\"@type\":\"ImageObject\",\"inLanguage\":\"fr-FR\",\"@id\":\"https:\/\/conceptbbm.com\/#\/schema\/logo\/image\/\",\"url\":\"https:\/\/conceptbbm.com\/wp-content\/uploads\/2019\/02\/logo-conceptbbm.png\",\"contentUrl\":\"https:\/\/conceptbbm.com\/wp-content\/uploads\/2019\/02\/logo-conceptbbm.png\",\"width\":150,\"height\":150,\"caption\":\"Concept BBM\"},\"image\":{\"@id\":\"https:\/\/conceptbbm.com\/#\/schema\/logo\/image\/\"}},{\"@type\":\"WebSite\",\"@id\":\"https:\/\/conceptbbm.com\/#website\",\"url\":\"https:\/\/conceptbbm.com\/\",\"name\":\"Concept BBM\",\"description\":\"\",\"publisher\":{\"@id\":\"https:\/\/conceptbbm.com\/#organization\"},\"potentialAction\":[{\"@type\":\"SearchAction\",\"target\":{\"@type\":\"EntryPoint\",\"urlTemplate\":\"https:\/\/conceptbbm.com\/?s={search_term_string}\"},\"query-input\":\"required name=search_term_string\"}],\"inLanguage\":\"fr-FR\"},{\"@type\":\"ImageObject\",\"inLanguage\":\"fr-FR\",\"@id\":\"https:\/\/conceptbbm.com\/product\/7683-pallet-multimedia\/#primaryimage\",\"url\":\"https:\/\/conceptbbm.com\/wp-content\/uploads\/2022\/04\/7683K-3D-LR-1-e1651091882372.jpg\",\"contentUrl\":\"https:\/\/conceptbbm.com\/wp-content\/uploads\/2022\/04\/7683K-3D-LR-1-e1651091882372.jpg\",\"width\":1400,\"height\":1400,\"caption\":\"Palette Multim\u00e9dia pour t\u00e9l\u00e9vision, ordinateur et autres. 6 crochets\/pegs tenant jusqu'\u00e0 10 cartes - 3d\"},{\"@type\":\"WebPage\",\"@id\":\"https:\/\/conceptbbm.com\/product\/7683-pallet-multimedia\/#webpage\",\"url\":\"https:\/\/conceptbbm.com\/product\/7683-pallet-multimedia\/\",\"name\":\"Palette multim\u00e9dia pour d\u00e9monstrateur | Concept BBM\",\"isPartOf\":{\"@id\":\"https:\/\/conceptbbm.com\/#website\"},\"primaryImageOfPage\":{\"@id\":\"https:\/\/conceptbbm.com\/product\/7683-pallet-multimedia\/#primaryimage\"},\"datePublished\":\"2022-04-27T19:56:45+00:00\",\"dateModified\":\"2022-12-01T18:14:09+00:00\",\"description\":\"48 x 40 Palette Multim\u00e9dia pour t\u00e9l\u00e9vision, ordinateur et autres. 6 crochets\/pegs tenant jusqu'\u00e0 10 cartes. Vente d'entrep\u00f4t et grandes surfaces.\",\"breadcrumb\":{\"@id\":\"https:\/\/conceptbbm.com\/product\/7683-pallet-multimedia\/#breadcrumb\"},\"inLanguage\":\"fr-FR\",\"potentialAction\":[{\"@type\":\"ReadAction\",\"target\":[\"https:\/\/conceptbbm.com\/product\/7683-pallet-multimedia\/\"]}]},{\"@type\":\"BreadcrumbList\",\"@id\":\"https:\/\/conceptbbm.com\/product\/7683-pallet-multimedia\/#breadcrumb\",\"itemListElement\":[{\"@type\":\"ListItem\",\"position\":1,\"name\":\"\",\"item\":\"https:\/\/conceptbbm.com\/fr\/\"},{\"@type\":\"ListItem\",\"position\":2,\"name\":\"Boutique\",\"item\":\"https:\/\/conceptbbm.com\/fr\/boutique\/\"},{\"@type\":\"ListItem\",\"position\":3,\"name\":\"#7683 &#8211; Palette &#8211; Ordinateur portable\"}]}]}<\/script>\n<!-- \/ Yoast SEO plugin. -->","yoast_head_json":{"title":"Palette multim\u00e9dia pour d\u00e9monstrateur | Concept BBM","description":"48 x 40 Palette Multim\u00e9dia pour t\u00e9l\u00e9vision, ordinateur et autres. 6 crochets\/pegs tenant jusqu'\u00e0 10 cartes. Vente d'entrep\u00f4t et grandes surfaces.","robots":{"index":"index","follow":"follow","max-snippet":"max-snippet:-1","max-image-preview":"max-image-preview:large","max-video-preview":"max-video-preview:-1"},"canonical":"https:\/\/conceptbbm.com\/product\/7683-pallet-multimedia\/","og_locale":"fr_FR","og_type":"article","og_title":"Palette multim\u00e9dia pour d\u00e9monstrateur | Concept BBM","og_description":"48 x 40 Palette Multim\u00e9dia pour t\u00e9l\u00e9vision, ordinateur et autres. 6 crochets\/pegs tenant jusqu'\u00e0 10 cartes. Vente d'entrep\u00f4t et grandes surfaces.","og_url":"https:\/\/conceptbbm.com\/product\/7683-pallet-multimedia\/","og_site_name":"Concept BBM","article_modified_time":"2022-12-01T18:14:09+00:00","og_image":[{"width":1400,"height":1400,"url":"https:\/\/conceptbbm.com\/wp-content\/uploads\/2022\/04\/7683K-3D-LR-1-e1651091882372.jpg","type":"image\/jpeg"}],"twitter_card":"summary_large_image","schema":{"@context":"https:\/\/schema.org","@graph":[{"@type":"Organization","@id":"https:\/\/conceptbbm.com\/#organization","name":"Concept BBM","url":"https:\/\/conceptbbm.com\/","sameAs":[],"logo":{"@type":"ImageObject","inLanguage":"fr-FR","@id":"https:\/\/conceptbbm.com\/#\/schema\/logo\/image\/","url":"https:\/\/conceptbbm.com\/wp-content\/uploads\/2019\/02\/logo-conceptbbm.png","contentUrl":"https:\/\/conceptbbm.com\/wp-content\/uploads\/2019\/02\/logo-conceptbbm.png","width":150,"height":150,"caption":"Concept BBM"},"image":{"@id":"https:\/\/conceptbbm.com\/#\/schema\/logo\/image\/"}},{"@type":"WebSite","@id":"https:\/\/conceptbbm.com\/#website","url":"https:\/\/conceptbbm.com\/","name":"Concept BBM","description":"","publisher":{"@id":"https:\/\/conceptbbm.com\/#organization"},"potentialAction":[{"@type":"SearchAction","target":{"@type":"EntryPoint","urlTemplate":"https:\/\/conceptbbm.com\/?s={search_term_string}"},"query-input":"required name=search_term_string"}],"inLanguage":"fr-FR"},{"@type":"ImageObject","inLanguage":"fr-FR","@id":"https:\/\/conceptbbm.com\/product\/7683-pallet-multimedia\/#primaryimage","url":"https:\/\/conceptbbm.com\/wp-content\/uploads\/2022\/04\/7683K-3D-LR-1-e1651091882372.jpg","contentUrl":"https:\/\/conceptbbm.com\/wp-content\/uploads\/2022\/04\/7683K-3D-LR-1-e1651091882372.jpg","width":1400,"height":1400,"caption":"Palette Multim\u00e9dia pour t\u00e9l\u00e9vision, ordinateur et autres. 6 crochets\/pegs tenant jusqu'\u00e0 10 cartes - 3d"},{"@type":"WebPage","@id":"https:\/\/conceptbbm.com\/product\/7683-pallet-multimedia\/#webpage","url":"https:\/\/conceptbbm.com\/product\/7683-pallet-multimedia\/","name":"Palette multim\u00e9dia pour d\u00e9monstrateur | Concept BBM","isPartOf":{"@id":"https:\/\/conceptbbm.com\/#website"},"primaryImageOfPage":{"@id":"https:\/\/conceptbbm.com\/product\/7683-pallet-multimedia\/#primaryimage"},"datePublished":"2022-04-27T19:56:45+00:00","dateModified":"2022-12-01T18:14:09+00:00","description":"48 x 40 Palette Multim\u00e9dia pour t\u00e9l\u00e9vision, ordinateur et autres. 6 crochets\/pegs tenant jusqu'\u00e0 10 cartes. Vente d'entrep\u00f4t et grandes surfaces.","breadcrumb":{"@id":"https:\/\/conceptbbm.com\/product\/7683-pallet-multimedia\/#breadcrumb"},"inLanguage":"fr-FR","potentialAction":[{"@type":"ReadAction","target":["https:\/\/conceptbbm.com\/product\/7683-pallet-multimedia\/"]}]},{"@type":"BreadcrumbList","@id":"https:\/\/conceptbbm.com\/product\/7683-pallet-multimedia\/#breadcrumb","itemListElement":[{"@type":"ListItem","position":1,"name":"","item":"https:\/\/conceptbbm.com\/fr\/"},{"@type":"ListItem","position":2,"name":"Boutique","item":"https:\/\/conceptbbm.com\/fr\/boutique\/"},{"@type":"ListItem","position":3,"name":"#7683 &#8211; Palette &#8211; Ordinateur portable"}]}]}},"_links":{"self":[{"href":"https:\/\/conceptbbm.com\/fr\/wp-json\/wp\/v2\/product\/10242"}],"collection":[{"href":"https:\/\/conceptbbm.com\/fr\/wp-json\/wp\/v2\/product"}],"about":[{"href":"https:\/\/conceptbbm.com\/fr\/wp-json\/wp\/v2\/types\/product"}],"wp:featuredmedia":[{"embeddable":true,"href":"https:\/\/conceptbbm.com\/fr\/wp-json\/wp\/v2\/media\/10248"}],"wp:attachment":[{"href":"https:\/\/conceptbbm.com\/fr\/wp-json\/wp\/v2\/media?parent=10242"}],"wp:term":[{"taxonomy":"product_cat","embeddable":true,"href":"https:\/\/conceptbbm.com\/fr\/wp-json\/wp\/v2\/product_cat?post=10242"},{"taxonomy":"product_tag","embeddable":true,"href":"https:\/\/conceptbbm.com\/fr\/wp-json\/wp\/v2\/product_tag?post=10242"}],"curies":[{"name":"wp","href":"https:\/\/api.w.org\/{rel}","templated":true}]}}