{"id":10512,"date":"2022-11-17T09:48:27","date_gmt":"2022-11-17T14:48:27","guid":{"rendered":"https:\/\/conceptbbm.com\/?post_type=product&#038;p=10512"},"modified":"2022-11-17T10:41:44","modified_gmt":"2022-11-17T15:41:44","slug":"7766k-presentoir-de-etagere-en-carton","status":"publish","type":"product","link":"https:\/\/conceptbbm.com\/fr\/produit\/7766k-presentoir-de-etagere-en-carton\/","title":{"rendered":"#7766K &#8211; Pr\u00e9sentoir d&rsquo;\u00e9tag\u00e8re en carton"},"content":{"rendered":"","protected":false},"excerpt":{"rendered":"<p>Pr\u00e9sentoir d&rsquo;\u00e9tag\u00e8re en carton avec 21 insertions\/trous et en-t\u00eate. Pour t\u00eates de gondole en magasins \u00e0 rayons et grandes surfaces. Pour fragrances, cosm\u00e9tiques, technologie pr\u00eat-\u00e0-porter, batteries, et plus.<\/p>\n","protected":false},"featured_media":10521,"template":"","meta":{"_monsterinsights_skip_tracking":false,"_monsterinsights_sitenote_active":false,"_monsterinsights_sitenote_note":"","_monsterinsights_sitenote_category":0},"product_cat":[184,178,181],"product_tag":[1749,376,375,377,239,341,227,378,974,981,234,226,271,238,270,590,267,1748,553,525,235,225,264,809,684,592,266,697,698,949,975,274,236,272,211,773,1746,1747,374,275],"yoast_head":"<!-- This site is optimized with the Yoast SEO plugin v18.9 - https:\/\/yoast.com\/wordpress\/plugins\/seo\/ -->\n<title>#7766K - Pr\u00e9sentoir d&#039;\u00e9tag\u00e8re en carton | Concept BBM<\/title>\n<meta name=\"description\" content=\"100% local. Pr\u00e9sentoir d&#039;\u00e9tag\u00e8re en carton avec insertion\/trous et en-t\u00eate. Pour t\u00eates de gondole en magasins \u00e0 rayons et grandes surfaces.\" \/>\n<meta name=\"robots\" content=\"index, follow, max-snippet:-1, max-image-preview:large, max-video-preview:-1\" \/>\n<link rel=\"canonical\" href=\"https:\/\/conceptbbm.com\/fr\/produit\/7766k-presentoir-de-etagere-en-carton\/\" \/>\n<meta property=\"og:locale\" content=\"fr_FR\" \/>\n<meta property=\"og:type\" content=\"article\" \/>\n<meta property=\"og:title\" content=\"#7766K - Pr\u00e9sentoir d&#039;\u00e9tag\u00e8re en carton | Concept BBM\" \/>\n<meta property=\"og:description\" content=\"100% local. Pr\u00e9sentoir d&#039;\u00e9tag\u00e8re en carton avec insertion\/trous et en-t\u00eate. Pour t\u00eates de gondole en magasins \u00e0 rayons et grandes surfaces.\" \/>\n<meta property=\"og:url\" content=\"https:\/\/conceptbbm.com\/fr\/produit\/7766k-presentoir-de-etagere-en-carton\/\" \/>\n<meta property=\"og:site_name\" content=\"Concept BBM\" \/>\n<meta property=\"article:modified_time\" content=\"2022-11-17T15:41:44+00:00\" \/>\n<meta property=\"og:image\" content=\"https:\/\/conceptbbm.com\/wp-content\/uploads\/2022\/11\/7766K-PHOTO-01-scaled.jpg\" \/>\n\t<meta property=\"og:image:width\" content=\"2560\" \/>\n\t<meta property=\"og:image:height\" content=\"2560\" \/>\n\t<meta property=\"og:image:type\" content=\"image\/jpeg\" \/>\n<meta name=\"twitter:card\" content=\"summary_large_image\" \/>\n<script type=\"application\/ld+json\" class=\"yoast-schema-graph\">{\"@context\":\"https:\/\/schema.org\",\"@graph\":[{\"@type\":\"Organization\",\"@id\":\"https:\/\/conceptbbm.com\/#organization\",\"name\":\"Concept BBM\",\"url\":\"https:\/\/conceptbbm.com\/\",\"sameAs\":[],\"logo\":{\"@type\":\"ImageObject\",\"inLanguage\":\"fr-FR\",\"@id\":\"https:\/\/conceptbbm.com\/#\/schema\/logo\/image\/\",\"url\":\"https:\/\/conceptbbm.com\/wp-content\/uploads\/2019\/02\/logo-conceptbbm.png\",\"contentUrl\":\"https:\/\/conceptbbm.com\/wp-content\/uploads\/2019\/02\/logo-conceptbbm.png\",\"width\":150,\"height\":150,\"caption\":\"Concept BBM\"},\"image\":{\"@id\":\"https:\/\/conceptbbm.com\/#\/schema\/logo\/image\/\"}},{\"@type\":\"WebSite\",\"@id\":\"https:\/\/conceptbbm.com\/#website\",\"url\":\"https:\/\/conceptbbm.com\/\",\"name\":\"Concept BBM\",\"description\":\"\",\"publisher\":{\"@id\":\"https:\/\/conceptbbm.com\/#organization\"},\"potentialAction\":[{\"@type\":\"SearchAction\",\"target\":{\"@type\":\"EntryPoint\",\"urlTemplate\":\"https:\/\/conceptbbm.com\/?s={search_term_string}\"},\"query-input\":\"required name=search_term_string\"}],\"inLanguage\":\"fr-FR\"},{\"@type\":\"ImageObject\",\"inLanguage\":\"fr-FR\",\"@id\":\"https:\/\/conceptbbm.com\/fr\/produit\/7766k-presentoir-de-etagere-en-carton\/#primaryimage\",\"url\":\"https:\/\/conceptbbm.com\/wp-content\/uploads\/2022\/11\/7766K-PHOTO-01-scaled-e1668702184315.jpg\",\"contentUrl\":\"https:\/\/conceptbbm.com\/wp-content\/uploads\/2022\/11\/7766K-PHOTO-01-scaled-e1668702184315.jpg\",\"width\":1400,\"height\":1400,\"caption\":\"Pr\u00e9sentoir d'\u00e9tag\u00e8re en carton avec 21 insertion\/trous rectangulaires et large en-t\u00eate. Pour t\u00eates de gondole - photo\"},{\"@type\":\"WebPage\",\"@id\":\"https:\/\/conceptbbm.com\/fr\/produit\/7766k-presentoir-de-etagere-en-carton\/#webpage\",\"url\":\"https:\/\/conceptbbm.com\/fr\/produit\/7766k-presentoir-de-etagere-en-carton\/\",\"name\":\"#7766K - Pr\u00e9sentoir d'\u00e9tag\u00e8re en carton | Concept BBM\",\"isPartOf\":{\"@id\":\"https:\/\/conceptbbm.com\/#website\"},\"primaryImageOfPage\":{\"@id\":\"https:\/\/conceptbbm.com\/fr\/produit\/7766k-presentoir-de-etagere-en-carton\/#primaryimage\"},\"datePublished\":\"2022-11-17T14:48:27+00:00\",\"dateModified\":\"2022-11-17T15:41:44+00:00\",\"description\":\"100% local. Pr\u00e9sentoir d'\u00e9tag\u00e8re en carton avec insertion\/trous et en-t\u00eate. Pour t\u00eates de gondole en magasins \u00e0 rayons et grandes surfaces.\",\"breadcrumb\":{\"@id\":\"https:\/\/conceptbbm.com\/fr\/produit\/7766k-presentoir-de-etagere-en-carton\/#breadcrumb\"},\"inLanguage\":\"fr-FR\",\"potentialAction\":[{\"@type\":\"ReadAction\",\"target\":[\"https:\/\/conceptbbm.com\/fr\/produit\/7766k-presentoir-de-etagere-en-carton\/\"]}]},{\"@type\":\"BreadcrumbList\",\"@id\":\"https:\/\/conceptbbm.com\/fr\/produit\/7766k-presentoir-de-etagere-en-carton\/#breadcrumb\",\"itemListElement\":[{\"@type\":\"ListItem\",\"position\":1,\"name\":\"\",\"item\":\"https:\/\/conceptbbm.com\/fr\/\"},{\"@type\":\"ListItem\",\"position\":2,\"name\":\"Boutique\",\"item\":\"https:\/\/conceptbbm.com\/fr\/boutique\/\"},{\"@type\":\"ListItem\",\"position\":3,\"name\":\"#7766K &#8211; Pr\u00e9sentoir d&#8217;\u00e9tag\u00e8re en carton\"}]}]}<\/script>\n<!-- \/ Yoast SEO plugin. -->","yoast_head_json":{"title":"#7766K - Pr\u00e9sentoir d'\u00e9tag\u00e8re en carton | Concept BBM","description":"100% local. Pr\u00e9sentoir d'\u00e9tag\u00e8re en carton avec insertion\/trous et en-t\u00eate. Pour t\u00eates de gondole en magasins \u00e0 rayons et grandes surfaces.","robots":{"index":"index","follow":"follow","max-snippet":"max-snippet:-1","max-image-preview":"max-image-preview:large","max-video-preview":"max-video-preview:-1"},"canonical":"https:\/\/conceptbbm.com\/fr\/produit\/7766k-presentoir-de-etagere-en-carton\/","og_locale":"fr_FR","og_type":"article","og_title":"#7766K - Pr\u00e9sentoir d'\u00e9tag\u00e8re en carton | Concept BBM","og_description":"100% local. Pr\u00e9sentoir d'\u00e9tag\u00e8re en carton avec insertion\/trous et en-t\u00eate. Pour t\u00eates de gondole en magasins \u00e0 rayons et grandes surfaces.","og_url":"https:\/\/conceptbbm.com\/fr\/produit\/7766k-presentoir-de-etagere-en-carton\/","og_site_name":"Concept BBM","article_modified_time":"2022-11-17T15:41:44+00:00","og_image":[{"width":2560,"height":2560,"url":"https:\/\/conceptbbm.com\/wp-content\/uploads\/2022\/11\/7766K-PHOTO-01-scaled.jpg","type":"image\/jpeg"}],"twitter_card":"summary_large_image","schema":{"@context":"https:\/\/schema.org","@graph":[{"@type":"Organization","@id":"https:\/\/conceptbbm.com\/#organization","name":"Concept BBM","url":"https:\/\/conceptbbm.com\/","sameAs":[],"logo":{"@type":"ImageObject","inLanguage":"fr-FR","@id":"https:\/\/conceptbbm.com\/#\/schema\/logo\/image\/","url":"https:\/\/conceptbbm.com\/wp-content\/uploads\/2019\/02\/logo-conceptbbm.png","contentUrl":"https:\/\/conceptbbm.com\/wp-content\/uploads\/2019\/02\/logo-conceptbbm.png","width":150,"height":150,"caption":"Concept BBM"},"image":{"@id":"https:\/\/conceptbbm.com\/#\/schema\/logo\/image\/"}},{"@type":"WebSite","@id":"https:\/\/conceptbbm.com\/#website","url":"https:\/\/conceptbbm.com\/","name":"Concept BBM","description":"","publisher":{"@id":"https:\/\/conceptbbm.com\/#organization"},"potentialAction":[{"@type":"SearchAction","target":{"@type":"EntryPoint","urlTemplate":"https:\/\/conceptbbm.com\/?s={search_term_string}"},"query-input":"required name=search_term_string"}],"inLanguage":"fr-FR"},{"@type":"ImageObject","inLanguage":"fr-FR","@id":"https:\/\/conceptbbm.com\/fr\/produit\/7766k-presentoir-de-etagere-en-carton\/#primaryimage","url":"https:\/\/conceptbbm.com\/wp-content\/uploads\/2022\/11\/7766K-PHOTO-01-scaled-e1668702184315.jpg","contentUrl":"https:\/\/conceptbbm.com\/wp-content\/uploads\/2022\/11\/7766K-PHOTO-01-scaled-e1668702184315.jpg","width":1400,"height":1400,"caption":"Pr\u00e9sentoir d'\u00e9tag\u00e8re en carton avec 21 insertion\/trous rectangulaires et large en-t\u00eate. Pour t\u00eates de gondole - photo"},{"@type":"WebPage","@id":"https:\/\/conceptbbm.com\/fr\/produit\/7766k-presentoir-de-etagere-en-carton\/#webpage","url":"https:\/\/conceptbbm.com\/fr\/produit\/7766k-presentoir-de-etagere-en-carton\/","name":"#7766K - Pr\u00e9sentoir d'\u00e9tag\u00e8re en carton | Concept BBM","isPartOf":{"@id":"https:\/\/conceptbbm.com\/#website"},"primaryImageOfPage":{"@id":"https:\/\/conceptbbm.com\/fr\/produit\/7766k-presentoir-de-etagere-en-carton\/#primaryimage"},"datePublished":"2022-11-17T14:48:27+00:00","dateModified":"2022-11-17T15:41:44+00:00","description":"100% local. Pr\u00e9sentoir d'\u00e9tag\u00e8re en carton avec insertion\/trous et en-t\u00eate. Pour t\u00eates de gondole en magasins \u00e0 rayons et grandes surfaces.","breadcrumb":{"@id":"https:\/\/conceptbbm.com\/fr\/produit\/7766k-presentoir-de-etagere-en-carton\/#breadcrumb"},"inLanguage":"fr-FR","potentialAction":[{"@type":"ReadAction","target":["https:\/\/conceptbbm.com\/fr\/produit\/7766k-presentoir-de-etagere-en-carton\/"]}]},{"@type":"BreadcrumbList","@id":"https:\/\/conceptbbm.com\/fr\/produit\/7766k-presentoir-de-etagere-en-carton\/#breadcrumb","itemListElement":[{"@type":"ListItem","position":1,"name":"","item":"https:\/\/conceptbbm.com\/fr\/"},{"@type":"ListItem","position":2,"name":"Boutique","item":"https:\/\/conceptbbm.com\/fr\/boutique\/"},{"@type":"ListItem","position":3,"name":"#7766K &#8211; Pr\u00e9sentoir d&#8217;\u00e9tag\u00e8re en carton"}]}]}},"_links":{"self":[{"href":"https:\/\/conceptbbm.com\/fr\/wp-json\/wp\/v2\/product\/10512"}],"collection":[{"href":"https:\/\/conceptbbm.com\/fr\/wp-json\/wp\/v2\/product"}],"about":[{"href":"https:\/\/conceptbbm.com\/fr\/wp-json\/wp\/v2\/types\/product"}],"wp:featuredmedia":[{"embeddable":true,"href":"https:\/\/conceptbbm.com\/fr\/wp-json\/wp\/v2\/media\/10521"}],"wp:attachment":[{"href":"https:\/\/conceptbbm.com\/fr\/wp-json\/wp\/v2\/media?parent=10512"}],"wp:term":[{"taxonomy":"product_cat","embeddable":true,"href":"https:\/\/conceptbbm.com\/fr\/wp-json\/wp\/v2\/product_cat?post=10512"},{"taxonomy":"product_tag","embeddable":true,"href":"https:\/\/conceptbbm.com\/fr\/wp-json\/wp\/v2\/product_tag?post=10512"}],"curies":[{"name":"wp","href":"https:\/\/api.w.org\/{rel}","templated":true}]}}