{"id":10674,"date":"2025-09-29T15:55:15","date_gmt":"2025-09-29T19:55:14","guid":{"rendered":"https:\/\/conceptbbm.com\/?post_type=product&#038;p=10674"},"modified":"2025-09-29T16:00:52","modified_gmt":"2025-09-29T20:00:52","slug":"8286-palette-backers","status":"publish","type":"product","link":"https:\/\/conceptbbm.com\/fr\/produit\/8286-palette-backers\/","title":{"rendered":"#8286 &#8211; Palette &#8211; Backers"},"content":{"rendered":"<p>Palette pour backer (produits coll\u00e9s), supportant 125 unit\u00e9s. Pour entrep\u00f4t et grandes surfaces. Pour \u00e9couteurs, tablettes, ordinateurs, cl\u00e9s usb, t\u00e9l\u00e9phone et plus.<\/p>\n<p>&nbsp;<\/p>\n<pre>(Palette standard, pour palette Costco, palette Walmart\r\n\r\net autres entrep\u00f4ts)<\/pre>\n","protected":false},"excerpt":{"rendered":"<p>Palette pour backer (produits coll\u00e9s), supportant 125 unit\u00e9s. Pour entrep\u00f4t et grandes surfaces. Pour \u00e9couteurs, tablettes, ordinateurs, cl\u00e9s usb, t\u00e9l\u00e9phone et plus.<\/p>\n<p>&nbsp;<\/p>\n<pre>(Palette standard, pour palette Costco, palette Walmart\r\n\r\net autres entrep\u00f4ts)<\/pre>\n","protected":false},"featured_media":10677,"template":"","meta":{"_monsterinsights_skip_tracking":false,"_monsterinsights_sitenote_active":false,"_monsterinsights_sitenote_note":"","_monsterinsights_sitenote_category":0},"product_cat":[179],"product_tag":[499,889,338,1777,1499,1497,289,886,268,227,1502,550,287,1083,1500,296,1285,1286,1287,589,888,658,1504,1084,208,1503,659,1288,1505,1506,497,290,1498,1088,1493,893,1089,1495,1086,1501,1494,1496,285,288,284,231,264,230,225,887,211,294,498,293,275,1091,661,1507],"yoast_head":"<!-- This site is optimized with the Yoast SEO plugin v18.9 - https:\/\/yoast.com\/wordpress\/plugins\/seo\/ -->\n<title>#8286 - Palette - Backers | Concept BBM<\/title>\n<meta name=\"description\" content=\"48&#039;&#039; x 40&#039;&#039; Palette pour backers, supportant 125 unit\u00e9s. Pour entrep\u00f4t et grandes surfaces.\" \/>\n<meta name=\"robots\" content=\"index, follow, max-snippet:-1, max-image-preview:large, max-video-preview:-1\" \/>\n<link rel=\"canonical\" href=\"https:\/\/conceptbbm.com\/fr\/produit\/8286-palette-backers\/\" \/>\n<meta property=\"og:locale\" content=\"fr_FR\" \/>\n<meta property=\"og:type\" content=\"article\" \/>\n<meta property=\"og:title\" content=\"#8286 - Palette - Backers | Concept BBM\" \/>\n<meta property=\"og:description\" content=\"48&#039;&#039; x 40&#039;&#039; Palette pour backers, supportant 125 unit\u00e9s. Pour entrep\u00f4t et grandes surfaces.\" \/>\n<meta property=\"og:url\" content=\"https:\/\/conceptbbm.com\/fr\/produit\/8286-palette-backers\/\" \/>\n<meta property=\"og:site_name\" content=\"Concept BBM\" \/>\n<meta property=\"article:modified_time\" content=\"2025-09-29T20:00:52+00:00\" \/>\n<meta property=\"og:image\" content=\"https:\/\/conceptbbm.com\/wp-content\/uploads\/2025\/09\/8286-3D-scaled.jpg\" \/>\n\t<meta property=\"og:image:width\" content=\"2560\" \/>\n\t<meta property=\"og:image:height\" content=\"2560\" \/>\n\t<meta property=\"og:image:type\" content=\"image\/jpeg\" \/>\n<meta name=\"twitter:card\" content=\"summary_large_image\" \/>\n<script type=\"application\/ld+json\" class=\"yoast-schema-graph\">{\"@context\":\"https:\/\/schema.org\",\"@graph\":[{\"@type\":\"Organization\",\"@id\":\"https:\/\/conceptbbm.com\/#organization\",\"name\":\"Concept BBM\",\"url\":\"https:\/\/conceptbbm.com\/\",\"sameAs\":[],\"logo\":{\"@type\":\"ImageObject\",\"inLanguage\":\"fr-FR\",\"@id\":\"https:\/\/conceptbbm.com\/#\/schema\/logo\/image\/\",\"url\":\"https:\/\/conceptbbm.com\/wp-content\/uploads\/2019\/02\/logo-conceptbbm.png\",\"contentUrl\":\"https:\/\/conceptbbm.com\/wp-content\/uploads\/2019\/02\/logo-conceptbbm.png\",\"width\":150,\"height\":150,\"caption\":\"Concept BBM\"},\"image\":{\"@id\":\"https:\/\/conceptbbm.com\/#\/schema\/logo\/image\/\"}},{\"@type\":\"WebSite\",\"@id\":\"https:\/\/conceptbbm.com\/#website\",\"url\":\"https:\/\/conceptbbm.com\/\",\"name\":\"Concept BBM\",\"description\":\"\",\"publisher\":{\"@id\":\"https:\/\/conceptbbm.com\/#organization\"},\"potentialAction\":[{\"@type\":\"SearchAction\",\"target\":{\"@type\":\"EntryPoint\",\"urlTemplate\":\"https:\/\/conceptbbm.com\/?s={search_term_string}\"},\"query-input\":\"required name=search_term_string\"}],\"inLanguage\":\"fr-FR\"},{\"@type\":\"ImageObject\",\"inLanguage\":\"fr-FR\",\"@id\":\"https:\/\/conceptbbm.com\/fr\/produit\/8286-palette-backers\/#primaryimage\",\"url\":\"https:\/\/conceptbbm.com\/wp-content\/uploads\/2025\/09\/8286-3D-scaled-e1759176173174.jpg\",\"contentUrl\":\"https:\/\/conceptbbm.com\/wp-content\/uploads\/2025\/09\/8286-3D-scaled-e1759176173174.jpg\",\"width\":1400,\"height\":1400,\"caption\":\"8286 - backer pallet\"},{\"@type\":\"WebPage\",\"@id\":\"https:\/\/conceptbbm.com\/fr\/produit\/8286-palette-backers\/#webpage\",\"url\":\"https:\/\/conceptbbm.com\/fr\/produit\/8286-palette-backers\/\",\"name\":\"#8286 - Palette - Backers | Concept BBM\",\"isPartOf\":{\"@id\":\"https:\/\/conceptbbm.com\/#website\"},\"primaryImageOfPage\":{\"@id\":\"https:\/\/conceptbbm.com\/fr\/produit\/8286-palette-backers\/#primaryimage\"},\"datePublished\":\"2025-09-29T19:55:14+00:00\",\"dateModified\":\"2025-09-29T20:00:52+00:00\",\"description\":\"48'' x 40'' Palette pour backers, supportant 125 unit\u00e9s. Pour entrep\u00f4t et grandes surfaces.\",\"breadcrumb\":{\"@id\":\"https:\/\/conceptbbm.com\/fr\/produit\/8286-palette-backers\/#breadcrumb\"},\"inLanguage\":\"fr-FR\",\"potentialAction\":[{\"@type\":\"ReadAction\",\"target\":[\"https:\/\/conceptbbm.com\/fr\/produit\/8286-palette-backers\/\"]}]},{\"@type\":\"BreadcrumbList\",\"@id\":\"https:\/\/conceptbbm.com\/fr\/produit\/8286-palette-backers\/#breadcrumb\",\"itemListElement\":[{\"@type\":\"ListItem\",\"position\":1,\"name\":\"\",\"item\":\"https:\/\/conceptbbm.com\/fr\/\"},{\"@type\":\"ListItem\",\"position\":2,\"name\":\"Boutique\",\"item\":\"https:\/\/conceptbbm.com\/fr\/boutique\/\"},{\"@type\":\"ListItem\",\"position\":3,\"name\":\"#8286 &#8211; Palette &#8211; Backers\"}]}]}<\/script>\n<!-- \/ Yoast SEO plugin. -->","yoast_head_json":{"title":"#8286 - Palette - Backers | Concept BBM","description":"48'' x 40'' Palette pour backers, supportant 125 unit\u00e9s. Pour entrep\u00f4t et grandes surfaces.","robots":{"index":"index","follow":"follow","max-snippet":"max-snippet:-1","max-image-preview":"max-image-preview:large","max-video-preview":"max-video-preview:-1"},"canonical":"https:\/\/conceptbbm.com\/fr\/produit\/8286-palette-backers\/","og_locale":"fr_FR","og_type":"article","og_title":"#8286 - Palette - Backers | Concept BBM","og_description":"48'' x 40'' Palette pour backers, supportant 125 unit\u00e9s. Pour entrep\u00f4t et grandes surfaces.","og_url":"https:\/\/conceptbbm.com\/fr\/produit\/8286-palette-backers\/","og_site_name":"Concept BBM","article_modified_time":"2025-09-29T20:00:52+00:00","og_image":[{"width":2560,"height":2560,"url":"https:\/\/conceptbbm.com\/wp-content\/uploads\/2025\/09\/8286-3D-scaled.jpg","type":"image\/jpeg"}],"twitter_card":"summary_large_image","schema":{"@context":"https:\/\/schema.org","@graph":[{"@type":"Organization","@id":"https:\/\/conceptbbm.com\/#organization","name":"Concept BBM","url":"https:\/\/conceptbbm.com\/","sameAs":[],"logo":{"@type":"ImageObject","inLanguage":"fr-FR","@id":"https:\/\/conceptbbm.com\/#\/schema\/logo\/image\/","url":"https:\/\/conceptbbm.com\/wp-content\/uploads\/2019\/02\/logo-conceptbbm.png","contentUrl":"https:\/\/conceptbbm.com\/wp-content\/uploads\/2019\/02\/logo-conceptbbm.png","width":150,"height":150,"caption":"Concept BBM"},"image":{"@id":"https:\/\/conceptbbm.com\/#\/schema\/logo\/image\/"}},{"@type":"WebSite","@id":"https:\/\/conceptbbm.com\/#website","url":"https:\/\/conceptbbm.com\/","name":"Concept BBM","description":"","publisher":{"@id":"https:\/\/conceptbbm.com\/#organization"},"potentialAction":[{"@type":"SearchAction","target":{"@type":"EntryPoint","urlTemplate":"https:\/\/conceptbbm.com\/?s={search_term_string}"},"query-input":"required name=search_term_string"}],"inLanguage":"fr-FR"},{"@type":"ImageObject","inLanguage":"fr-FR","@id":"https:\/\/conceptbbm.com\/fr\/produit\/8286-palette-backers\/#primaryimage","url":"https:\/\/conceptbbm.com\/wp-content\/uploads\/2025\/09\/8286-3D-scaled-e1759176173174.jpg","contentUrl":"https:\/\/conceptbbm.com\/wp-content\/uploads\/2025\/09\/8286-3D-scaled-e1759176173174.jpg","width":1400,"height":1400,"caption":"8286 - backer pallet"},{"@type":"WebPage","@id":"https:\/\/conceptbbm.com\/fr\/produit\/8286-palette-backers\/#webpage","url":"https:\/\/conceptbbm.com\/fr\/produit\/8286-palette-backers\/","name":"#8286 - Palette - Backers | Concept BBM","isPartOf":{"@id":"https:\/\/conceptbbm.com\/#website"},"primaryImageOfPage":{"@id":"https:\/\/conceptbbm.com\/fr\/produit\/8286-palette-backers\/#primaryimage"},"datePublished":"2025-09-29T19:55:14+00:00","dateModified":"2025-09-29T20:00:52+00:00","description":"48'' x 40'' Palette pour backers, supportant 125 unit\u00e9s. Pour entrep\u00f4t et grandes surfaces.","breadcrumb":{"@id":"https:\/\/conceptbbm.com\/fr\/produit\/8286-palette-backers\/#breadcrumb"},"inLanguage":"fr-FR","potentialAction":[{"@type":"ReadAction","target":["https:\/\/conceptbbm.com\/fr\/produit\/8286-palette-backers\/"]}]},{"@type":"BreadcrumbList","@id":"https:\/\/conceptbbm.com\/fr\/produit\/8286-palette-backers\/#breadcrumb","itemListElement":[{"@type":"ListItem","position":1,"name":"","item":"https:\/\/conceptbbm.com\/fr\/"},{"@type":"ListItem","position":2,"name":"Boutique","item":"https:\/\/conceptbbm.com\/fr\/boutique\/"},{"@type":"ListItem","position":3,"name":"#8286 &#8211; Palette &#8211; Backers"}]}]}},"_links":{"self":[{"href":"https:\/\/conceptbbm.com\/fr\/wp-json\/wp\/v2\/product\/10674"}],"collection":[{"href":"https:\/\/conceptbbm.com\/fr\/wp-json\/wp\/v2\/product"}],"about":[{"href":"https:\/\/conceptbbm.com\/fr\/wp-json\/wp\/v2\/types\/product"}],"wp:featuredmedia":[{"embeddable":true,"href":"https:\/\/conceptbbm.com\/fr\/wp-json\/wp\/v2\/media\/10677"}],"wp:attachment":[{"href":"https:\/\/conceptbbm.com\/fr\/wp-json\/wp\/v2\/media?parent=10674"}],"wp:term":[{"taxonomy":"product_cat","embeddable":true,"href":"https:\/\/conceptbbm.com\/fr\/wp-json\/wp\/v2\/product_cat?post=10674"},{"taxonomy":"product_tag","embeddable":true,"href":"https:\/\/conceptbbm.com\/fr\/wp-json\/wp\/v2\/product_tag?post=10674"}],"curies":[{"name":"wp","href":"https:\/\/api.w.org\/{rel}","templated":true}]}}