{"id":7753,"date":"2020-05-04T16:54:09","date_gmt":"2020-05-04T20:54:09","guid":{"rendered":"http:\/\/test.conceptbbm.com\/product\/7378-vv-covid-19-visiere\/"},"modified":"2021-10-27T12:02:13","modified_gmt":"2021-10-27T16:02:13","slug":"7378-vv-covid-19-visiere","status":"publish","type":"product","link":"https:\/\/conceptbbm.com\/fr\/produit\/7378-vv-covid-19-visiere\/","title":{"rendered":"#7378-VV &#8211; Visi\u00e8re de protection pour COVID-19"},"content":{"rendered":"","protected":false},"excerpt":{"rendered":"<p>[vc_btn title=\u00a0\u00bbPasser une commande\u00a0\u00bb color=\u00a0\u00bbsky\u00a0\u00bb align=\u00a0\u00bbcenter\u00a0\u00bb link=\u00a0\u00bburl:http%3A%2F%2Fconceptbbm.com%2Ffr%2Fface-shield-form%2F|title:Face%20shield%20form||\u00a0\u00bb]<\/p>\n<p>&nbsp;<\/p>\n","protected":false},"featured_media":7613,"template":"","meta":{"_monsterinsights_skip_tracking":false,"_monsterinsights_sitenote_active":false,"_monsterinsights_sitenote_note":"","_monsterinsights_sitenote_category":0},"product_cat":[219],"product_tag":[1061,1062,265,616,222,1059,221,1066,1068,1067,1065,593,1004,242,281,1056,1057,223,1069,1064,498,1060,224,220,240,1058,1063],"yoast_head":"<!-- This site is optimized with the Yoast SEO plugin v18.9 - https:\/\/yoast.com\/wordpress\/plugins\/seo\/ -->\n<title>#7378-VV - Visi\u00e8re de protection pour COVID-19 | Concept BBM<\/title>\n<meta name=\"description\" content=\"Covid-19 Visi\u00e8re de protection confortable, abordable et ajustable. Prot\u00e9gez vous et votre entourage. Id\u00e9al dans les milieux de travail et magasins.\" \/>\n<meta name=\"robots\" content=\"index, follow, max-snippet:-1, max-image-preview:large, max-video-preview:-1\" \/>\n<link rel=\"canonical\" href=\"https:\/\/conceptbbm.com\/fr\/produit\/7378-vv-covid-19-visiere\/\" \/>\n<meta property=\"og:locale\" content=\"fr_FR\" \/>\n<meta property=\"og:type\" content=\"article\" \/>\n<meta property=\"og:title\" content=\"#7378-VV - Visi\u00e8re de protection pour COVID-19 | Concept BBM\" \/>\n<meta property=\"og:description\" content=\"Covid-19 Visi\u00e8re de protection confortable, abordable et ajustable. Prot\u00e9gez vous et votre entourage. Id\u00e9al dans les milieux de travail et magasins.\" \/>\n<meta property=\"og:url\" content=\"https:\/\/conceptbbm.com\/fr\/produit\/7378-vv-covid-19-visiere\/\" \/>\n<meta property=\"og:site_name\" content=\"Concept BBM\" \/>\n<meta property=\"article:modified_time\" content=\"2021-10-27T16:02:13+00:00\" \/>\n<meta property=\"og:image\" content=\"https:\/\/conceptbbm.com\/wp-content\/uploads\/2020\/05\/PROTOTYPE-4-SIDE-VIEW.png\" \/>\n\t<meta property=\"og:image:width\" content=\"850\" \/>\n\t<meta property=\"og:image:height\" content=\"983\" \/>\n\t<meta property=\"og:image:type\" content=\"image\/png\" \/>\n<meta name=\"twitter:card\" content=\"summary_large_image\" \/>\n<script type=\"application\/ld+json\" class=\"yoast-schema-graph\">{\"@context\":\"https:\/\/schema.org\",\"@graph\":[{\"@type\":\"Organization\",\"@id\":\"https:\/\/conceptbbm.com\/#organization\",\"name\":\"Concept BBM\",\"url\":\"https:\/\/conceptbbm.com\/\",\"sameAs\":[],\"logo\":{\"@type\":\"ImageObject\",\"inLanguage\":\"fr-FR\",\"@id\":\"https:\/\/conceptbbm.com\/#\/schema\/logo\/image\/\",\"url\":\"https:\/\/conceptbbm.com\/wp-content\/uploads\/2019\/02\/logo-conceptbbm.png\",\"contentUrl\":\"https:\/\/conceptbbm.com\/wp-content\/uploads\/2019\/02\/logo-conceptbbm.png\",\"width\":150,\"height\":150,\"caption\":\"Concept BBM\"},\"image\":{\"@id\":\"https:\/\/conceptbbm.com\/#\/schema\/logo\/image\/\"}},{\"@type\":\"WebSite\",\"@id\":\"https:\/\/conceptbbm.com\/#website\",\"url\":\"https:\/\/conceptbbm.com\/\",\"name\":\"Concept BBM\",\"description\":\"\",\"publisher\":{\"@id\":\"https:\/\/conceptbbm.com\/#organization\"},\"potentialAction\":[{\"@type\":\"SearchAction\",\"target\":{\"@type\":\"EntryPoint\",\"urlTemplate\":\"https:\/\/conceptbbm.com\/?s={search_term_string}\"},\"query-input\":\"required name=search_term_string\"}],\"inLanguage\":\"fr-FR\"},{\"@type\":\"ImageObject\",\"inLanguage\":\"fr-FR\",\"@id\":\"https:\/\/conceptbbm.com\/fr\/produit\/7378-vv-covid-19-visiere\/#primaryimage\",\"url\":\"https:\/\/conceptbbm.com\/wp-content\/uploads\/2020\/05\/PROTOTYPE-4-SIDE-VIEW.png\",\"contentUrl\":\"https:\/\/conceptbbm.com\/wp-content\/uploads\/2020\/05\/PROTOTYPE-4-SIDE-VIEW.png\",\"width\":850,\"height\":983,\"caption\":\"visi\u00e8re - vue de c\u00f4t\u00e9\"},{\"@type\":\"WebPage\",\"@id\":\"https:\/\/conceptbbm.com\/fr\/produit\/7378-vv-covid-19-visiere\/#webpage\",\"url\":\"https:\/\/conceptbbm.com\/fr\/produit\/7378-vv-covid-19-visiere\/\",\"name\":\"#7378-VV - Visi\u00e8re de protection pour COVID-19 | Concept BBM\",\"isPartOf\":{\"@id\":\"https:\/\/conceptbbm.com\/#website\"},\"primaryImageOfPage\":{\"@id\":\"https:\/\/conceptbbm.com\/fr\/produit\/7378-vv-covid-19-visiere\/#primaryimage\"},\"datePublished\":\"2020-05-04T20:54:09+00:00\",\"dateModified\":\"2021-10-27T16:02:13+00:00\",\"description\":\"Covid-19 Visi\u00e8re de protection confortable, abordable et ajustable. Prot\u00e9gez vous et votre entourage. Id\u00e9al dans les milieux de travail et magasins.\",\"breadcrumb\":{\"@id\":\"https:\/\/conceptbbm.com\/fr\/produit\/7378-vv-covid-19-visiere\/#breadcrumb\"},\"inLanguage\":\"fr-FR\",\"potentialAction\":[{\"@type\":\"ReadAction\",\"target\":[\"https:\/\/conceptbbm.com\/fr\/produit\/7378-vv-covid-19-visiere\/\"]}]},{\"@type\":\"BreadcrumbList\",\"@id\":\"https:\/\/conceptbbm.com\/fr\/produit\/7378-vv-covid-19-visiere\/#breadcrumb\",\"itemListElement\":[{\"@type\":\"ListItem\",\"position\":1,\"name\":\"\",\"item\":\"https:\/\/conceptbbm.com\/fr\/\"},{\"@type\":\"ListItem\",\"position\":2,\"name\":\"Boutique\",\"item\":\"https:\/\/conceptbbm.com\/fr\/boutique\/\"},{\"@type\":\"ListItem\",\"position\":3,\"name\":\"#7378-VV &#8211; Visi\u00e8re de protection pour COVID-19\"}]}]}<\/script>\n<!-- \/ Yoast SEO plugin. -->","yoast_head_json":{"title":"#7378-VV - Visi\u00e8re de protection pour COVID-19 | Concept BBM","description":"Covid-19 Visi\u00e8re de protection confortable, abordable et ajustable. Prot\u00e9gez vous et votre entourage. Id\u00e9al dans les milieux de travail et magasins.","robots":{"index":"index","follow":"follow","max-snippet":"max-snippet:-1","max-image-preview":"max-image-preview:large","max-video-preview":"max-video-preview:-1"},"canonical":"https:\/\/conceptbbm.com\/fr\/produit\/7378-vv-covid-19-visiere\/","og_locale":"fr_FR","og_type":"article","og_title":"#7378-VV - Visi\u00e8re de protection pour COVID-19 | Concept BBM","og_description":"Covid-19 Visi\u00e8re de protection confortable, abordable et ajustable. Prot\u00e9gez vous et votre entourage. Id\u00e9al dans les milieux de travail et magasins.","og_url":"https:\/\/conceptbbm.com\/fr\/produit\/7378-vv-covid-19-visiere\/","og_site_name":"Concept BBM","article_modified_time":"2021-10-27T16:02:13+00:00","og_image":[{"width":850,"height":983,"url":"https:\/\/conceptbbm.com\/wp-content\/uploads\/2020\/05\/PROTOTYPE-4-SIDE-VIEW.png","type":"image\/png"}],"twitter_card":"summary_large_image","schema":{"@context":"https:\/\/schema.org","@graph":[{"@type":"Organization","@id":"https:\/\/conceptbbm.com\/#organization","name":"Concept BBM","url":"https:\/\/conceptbbm.com\/","sameAs":[],"logo":{"@type":"ImageObject","inLanguage":"fr-FR","@id":"https:\/\/conceptbbm.com\/#\/schema\/logo\/image\/","url":"https:\/\/conceptbbm.com\/wp-content\/uploads\/2019\/02\/logo-conceptbbm.png","contentUrl":"https:\/\/conceptbbm.com\/wp-content\/uploads\/2019\/02\/logo-conceptbbm.png","width":150,"height":150,"caption":"Concept BBM"},"image":{"@id":"https:\/\/conceptbbm.com\/#\/schema\/logo\/image\/"}},{"@type":"WebSite","@id":"https:\/\/conceptbbm.com\/#website","url":"https:\/\/conceptbbm.com\/","name":"Concept BBM","description":"","publisher":{"@id":"https:\/\/conceptbbm.com\/#organization"},"potentialAction":[{"@type":"SearchAction","target":{"@type":"EntryPoint","urlTemplate":"https:\/\/conceptbbm.com\/?s={search_term_string}"},"query-input":"required name=search_term_string"}],"inLanguage":"fr-FR"},{"@type":"ImageObject","inLanguage":"fr-FR","@id":"https:\/\/conceptbbm.com\/fr\/produit\/7378-vv-covid-19-visiere\/#primaryimage","url":"https:\/\/conceptbbm.com\/wp-content\/uploads\/2020\/05\/PROTOTYPE-4-SIDE-VIEW.png","contentUrl":"https:\/\/conceptbbm.com\/wp-content\/uploads\/2020\/05\/PROTOTYPE-4-SIDE-VIEW.png","width":850,"height":983,"caption":"visi\u00e8re - vue de c\u00f4t\u00e9"},{"@type":"WebPage","@id":"https:\/\/conceptbbm.com\/fr\/produit\/7378-vv-covid-19-visiere\/#webpage","url":"https:\/\/conceptbbm.com\/fr\/produit\/7378-vv-covid-19-visiere\/","name":"#7378-VV - Visi\u00e8re de protection pour COVID-19 | Concept BBM","isPartOf":{"@id":"https:\/\/conceptbbm.com\/#website"},"primaryImageOfPage":{"@id":"https:\/\/conceptbbm.com\/fr\/produit\/7378-vv-covid-19-visiere\/#primaryimage"},"datePublished":"2020-05-04T20:54:09+00:00","dateModified":"2021-10-27T16:02:13+00:00","description":"Covid-19 Visi\u00e8re de protection confortable, abordable et ajustable. Prot\u00e9gez vous et votre entourage. Id\u00e9al dans les milieux de travail et magasins.","breadcrumb":{"@id":"https:\/\/conceptbbm.com\/fr\/produit\/7378-vv-covid-19-visiere\/#breadcrumb"},"inLanguage":"fr-FR","potentialAction":[{"@type":"ReadAction","target":["https:\/\/conceptbbm.com\/fr\/produit\/7378-vv-covid-19-visiere\/"]}]},{"@type":"BreadcrumbList","@id":"https:\/\/conceptbbm.com\/fr\/produit\/7378-vv-covid-19-visiere\/#breadcrumb","itemListElement":[{"@type":"ListItem","position":1,"name":"","item":"https:\/\/conceptbbm.com\/fr\/"},{"@type":"ListItem","position":2,"name":"Boutique","item":"https:\/\/conceptbbm.com\/fr\/boutique\/"},{"@type":"ListItem","position":3,"name":"#7378-VV &#8211; Visi\u00e8re de protection pour COVID-19"}]}]}},"_links":{"self":[{"href":"https:\/\/conceptbbm.com\/fr\/wp-json\/wp\/v2\/product\/7753"}],"collection":[{"href":"https:\/\/conceptbbm.com\/fr\/wp-json\/wp\/v2\/product"}],"about":[{"href":"https:\/\/conceptbbm.com\/fr\/wp-json\/wp\/v2\/types\/product"}],"wp:featuredmedia":[{"embeddable":true,"href":"https:\/\/conceptbbm.com\/fr\/wp-json\/wp\/v2\/media\/7613"}],"wp:attachment":[{"href":"https:\/\/conceptbbm.com\/fr\/wp-json\/wp\/v2\/media?parent=7753"}],"wp:term":[{"taxonomy":"product_cat","embeddable":true,"href":"https:\/\/conceptbbm.com\/fr\/wp-json\/wp\/v2\/product_cat?post=7753"},{"taxonomy":"product_tag","embeddable":true,"href":"https:\/\/conceptbbm.com\/fr\/wp-json\/wp\/v2\/product_tag?post=7753"}],"curies":[{"name":"wp","href":"https:\/\/api.w.org\/{rel}","templated":true}]}}