{"id":7765,"date":"2019-03-12T16:17:33","date_gmt":"2019-03-12T20:17:33","guid":{"rendered":"http:\/\/test.conceptbbm.com\/product\/3147\/"},"modified":"2022-08-08T15:48:08","modified_gmt":"2022-08-08T19:48:08","slug":"presentoir-plancher-carton-crochets-3147","status":"publish","type":"product","link":"https:\/\/conceptbbm.com\/fr\/produit\/presentoir-plancher-carton-crochets-3147\/","title":{"rendered":"#3147 &#8211; Pr\u00e9sentoir de plancher en carton (Crochets\/pegs fixes)"},"content":{"rendered":"","protected":false},"excerpt":{"rendered":"<p>Pr\u00e9sentoir de plancher en carton avec 7 crochets\/pegs fixes et en-t\u00eate, plac\u00e9 sur une base. Pour suspendre accessoires de t\u00e9l\u00e9phone, produits cosm\u00e9tiques, porte-cl\u00e9s, \u00e9tui pour cellulaire, popsockets, masques et plus.<\/p>\n","protected":false},"featured_media":9780,"template":"","meta":{"_monsterinsights_skip_tracking":false,"_monsterinsights_sitenote_active":false,"_monsterinsights_sitenote_note":"","_monsterinsights_sitenote_category":0},"product_cat":[182,178],"product_tag":[1524,1663,1662,282,443,228,227,402,445,280,336,927,270,337,1525,589,267,232,231,520,264,230,225,684,839,825,849,274,1526],"yoast_head":"<!-- This site is optimized with the Yoast SEO plugin v18.9 - https:\/\/yoast.com\/wordpress\/plugins\/seo\/ -->\n<title>#3147 - Pr\u00e9sentoir de plancher en carton (Crochets\/pegs fixes) | Concept BBM<\/title>\n<meta name=\"description\" content=\"100% local. Pr\u00e9sentoir de plancher en carton ondul\u00e9 avec crochets\/pegs fixes et en-t\u00eate. Pour magasins grande surface et vente au d\u00e9tail.\" \/>\n<meta name=\"robots\" content=\"index, follow, max-snippet:-1, max-image-preview:large, max-video-preview:-1\" \/>\n<link rel=\"canonical\" href=\"https:\/\/conceptbbm.com\/fr\/produit\/presentoir-plancher-carton-crochets-3147\/\" \/>\n<meta property=\"og:locale\" content=\"fr_FR\" \/>\n<meta property=\"og:type\" content=\"article\" \/>\n<meta property=\"og:title\" content=\"#3147 - Pr\u00e9sentoir de plancher en carton (Crochets\/pegs fixes) | Concept BBM\" \/>\n<meta property=\"og:description\" content=\"100% local. Pr\u00e9sentoir de plancher en carton ondul\u00e9 avec crochets\/pegs fixes et en-t\u00eate. Pour magasins grande surface et vente au d\u00e9tail.\" \/>\n<meta property=\"og:url\" content=\"https:\/\/conceptbbm.com\/fr\/produit\/presentoir-plancher-carton-crochets-3147\/\" \/>\n<meta property=\"og:site_name\" content=\"Concept BBM\" \/>\n<meta property=\"article:modified_time\" content=\"2022-08-08T19:48:08+00:00\" \/>\n<meta property=\"og:image\" content=\"https:\/\/conceptbbm.com\/wp-content\/uploads\/2019\/03\/3147-3D-01-1.jpg\" \/>\n\t<meta property=\"og:image:width\" content=\"803\" \/>\n\t<meta property=\"og:image:height\" content=\"803\" \/>\n\t<meta property=\"og:image:type\" content=\"image\/jpeg\" \/>\n<meta name=\"twitter:card\" content=\"summary_large_image\" \/>\n<script type=\"application\/ld+json\" class=\"yoast-schema-graph\">{\"@context\":\"https:\/\/schema.org\",\"@graph\":[{\"@type\":\"Organization\",\"@id\":\"https:\/\/conceptbbm.com\/#organization\",\"name\":\"Concept BBM\",\"url\":\"https:\/\/conceptbbm.com\/\",\"sameAs\":[],\"logo\":{\"@type\":\"ImageObject\",\"inLanguage\":\"fr-FR\",\"@id\":\"https:\/\/conceptbbm.com\/#\/schema\/logo\/image\/\",\"url\":\"https:\/\/conceptbbm.com\/wp-content\/uploads\/2019\/02\/logo-conceptbbm.png\",\"contentUrl\":\"https:\/\/conceptbbm.com\/wp-content\/uploads\/2019\/02\/logo-conceptbbm.png\",\"width\":150,\"height\":150,\"caption\":\"Concept BBM\"},\"image\":{\"@id\":\"https:\/\/conceptbbm.com\/#\/schema\/logo\/image\/\"}},{\"@type\":\"WebSite\",\"@id\":\"https:\/\/conceptbbm.com\/#website\",\"url\":\"https:\/\/conceptbbm.com\/\",\"name\":\"Concept BBM\",\"description\":\"\",\"publisher\":{\"@id\":\"https:\/\/conceptbbm.com\/#organization\"},\"potentialAction\":[{\"@type\":\"SearchAction\",\"target\":{\"@type\":\"EntryPoint\",\"urlTemplate\":\"https:\/\/conceptbbm.com\/?s={search_term_string}\"},\"query-input\":\"required name=search_term_string\"}],\"inLanguage\":\"fr-FR\"},{\"@type\":\"ImageObject\",\"inLanguage\":\"fr-FR\",\"@id\":\"https:\/\/conceptbbm.com\/fr\/produit\/presentoir-plancher-carton-crochets-3147\/#primaryimage\",\"url\":\"https:\/\/conceptbbm.com\/wp-content\/uploads\/2019\/03\/3147-3D-01-1.jpg\",\"contentUrl\":\"https:\/\/conceptbbm.com\/wp-content\/uploads\/2019\/03\/3147-3D-01-1.jpg\",\"width\":803,\"height\":803,\"caption\":\"Pr\u00e9sentoir de plancher en carton avec crochets\/pegs fixes et en-t\u00eate, plac\u00e9 sur une base - 3d\"},{\"@type\":\"WebPage\",\"@id\":\"https:\/\/conceptbbm.com\/fr\/produit\/presentoir-plancher-carton-crochets-3147\/#webpage\",\"url\":\"https:\/\/conceptbbm.com\/fr\/produit\/presentoir-plancher-carton-crochets-3147\/\",\"name\":\"#3147 - Pr\u00e9sentoir de plancher en carton (Crochets\/pegs fixes) | Concept BBM\",\"isPartOf\":{\"@id\":\"https:\/\/conceptbbm.com\/#website\"},\"primaryImageOfPage\":{\"@id\":\"https:\/\/conceptbbm.com\/fr\/produit\/presentoir-plancher-carton-crochets-3147\/#primaryimage\"},\"datePublished\":\"2019-03-12T20:17:33+00:00\",\"dateModified\":\"2022-08-08T19:48:08+00:00\",\"description\":\"100% local. Pr\u00e9sentoir de plancher en carton ondul\u00e9 avec crochets\/pegs fixes et en-t\u00eate. Pour magasins grande surface et vente au d\u00e9tail.\",\"breadcrumb\":{\"@id\":\"https:\/\/conceptbbm.com\/fr\/produit\/presentoir-plancher-carton-crochets-3147\/#breadcrumb\"},\"inLanguage\":\"fr-FR\",\"potentialAction\":[{\"@type\":\"ReadAction\",\"target\":[\"https:\/\/conceptbbm.com\/fr\/produit\/presentoir-plancher-carton-crochets-3147\/\"]}]},{\"@type\":\"BreadcrumbList\",\"@id\":\"https:\/\/conceptbbm.com\/fr\/produit\/presentoir-plancher-carton-crochets-3147\/#breadcrumb\",\"itemListElement\":[{\"@type\":\"ListItem\",\"position\":1,\"name\":\"\",\"item\":\"https:\/\/conceptbbm.com\/fr\/\"},{\"@type\":\"ListItem\",\"position\":2,\"name\":\"Boutique\",\"item\":\"https:\/\/conceptbbm.com\/fr\/boutique\/\"},{\"@type\":\"ListItem\",\"position\":3,\"name\":\"#3147 &#8211; Pr\u00e9sentoir de plancher en carton (Crochets\/pegs fixes)\"}]}]}<\/script>\n<!-- \/ Yoast SEO plugin. -->","yoast_head_json":{"title":"#3147 - Pr\u00e9sentoir de plancher en carton (Crochets\/pegs fixes) | Concept BBM","description":"100% local. Pr\u00e9sentoir de plancher en carton ondul\u00e9 avec crochets\/pegs fixes et en-t\u00eate. Pour magasins grande surface et vente au d\u00e9tail.","robots":{"index":"index","follow":"follow","max-snippet":"max-snippet:-1","max-image-preview":"max-image-preview:large","max-video-preview":"max-video-preview:-1"},"canonical":"https:\/\/conceptbbm.com\/fr\/produit\/presentoir-plancher-carton-crochets-3147\/","og_locale":"fr_FR","og_type":"article","og_title":"#3147 - Pr\u00e9sentoir de plancher en carton (Crochets\/pegs fixes) | Concept BBM","og_description":"100% local. Pr\u00e9sentoir de plancher en carton ondul\u00e9 avec crochets\/pegs fixes et en-t\u00eate. Pour magasins grande surface et vente au d\u00e9tail.","og_url":"https:\/\/conceptbbm.com\/fr\/produit\/presentoir-plancher-carton-crochets-3147\/","og_site_name":"Concept BBM","article_modified_time":"2022-08-08T19:48:08+00:00","og_image":[{"width":803,"height":803,"url":"https:\/\/conceptbbm.com\/wp-content\/uploads\/2019\/03\/3147-3D-01-1.jpg","type":"image\/jpeg"}],"twitter_card":"summary_large_image","schema":{"@context":"https:\/\/schema.org","@graph":[{"@type":"Organization","@id":"https:\/\/conceptbbm.com\/#organization","name":"Concept BBM","url":"https:\/\/conceptbbm.com\/","sameAs":[],"logo":{"@type":"ImageObject","inLanguage":"fr-FR","@id":"https:\/\/conceptbbm.com\/#\/schema\/logo\/image\/","url":"https:\/\/conceptbbm.com\/wp-content\/uploads\/2019\/02\/logo-conceptbbm.png","contentUrl":"https:\/\/conceptbbm.com\/wp-content\/uploads\/2019\/02\/logo-conceptbbm.png","width":150,"height":150,"caption":"Concept BBM"},"image":{"@id":"https:\/\/conceptbbm.com\/#\/schema\/logo\/image\/"}},{"@type":"WebSite","@id":"https:\/\/conceptbbm.com\/#website","url":"https:\/\/conceptbbm.com\/","name":"Concept BBM","description":"","publisher":{"@id":"https:\/\/conceptbbm.com\/#organization"},"potentialAction":[{"@type":"SearchAction","target":{"@type":"EntryPoint","urlTemplate":"https:\/\/conceptbbm.com\/?s={search_term_string}"},"query-input":"required name=search_term_string"}],"inLanguage":"fr-FR"},{"@type":"ImageObject","inLanguage":"fr-FR","@id":"https:\/\/conceptbbm.com\/fr\/produit\/presentoir-plancher-carton-crochets-3147\/#primaryimage","url":"https:\/\/conceptbbm.com\/wp-content\/uploads\/2019\/03\/3147-3D-01-1.jpg","contentUrl":"https:\/\/conceptbbm.com\/wp-content\/uploads\/2019\/03\/3147-3D-01-1.jpg","width":803,"height":803,"caption":"Pr\u00e9sentoir de plancher en carton avec crochets\/pegs fixes et en-t\u00eate, plac\u00e9 sur une base - 3d"},{"@type":"WebPage","@id":"https:\/\/conceptbbm.com\/fr\/produit\/presentoir-plancher-carton-crochets-3147\/#webpage","url":"https:\/\/conceptbbm.com\/fr\/produit\/presentoir-plancher-carton-crochets-3147\/","name":"#3147 - Pr\u00e9sentoir de plancher en carton (Crochets\/pegs fixes) | Concept BBM","isPartOf":{"@id":"https:\/\/conceptbbm.com\/#website"},"primaryImageOfPage":{"@id":"https:\/\/conceptbbm.com\/fr\/produit\/presentoir-plancher-carton-crochets-3147\/#primaryimage"},"datePublished":"2019-03-12T20:17:33+00:00","dateModified":"2022-08-08T19:48:08+00:00","description":"100% local. Pr\u00e9sentoir de plancher en carton ondul\u00e9 avec crochets\/pegs fixes et en-t\u00eate. Pour magasins grande surface et vente au d\u00e9tail.","breadcrumb":{"@id":"https:\/\/conceptbbm.com\/fr\/produit\/presentoir-plancher-carton-crochets-3147\/#breadcrumb"},"inLanguage":"fr-FR","potentialAction":[{"@type":"ReadAction","target":["https:\/\/conceptbbm.com\/fr\/produit\/presentoir-plancher-carton-crochets-3147\/"]}]},{"@type":"BreadcrumbList","@id":"https:\/\/conceptbbm.com\/fr\/produit\/presentoir-plancher-carton-crochets-3147\/#breadcrumb","itemListElement":[{"@type":"ListItem","position":1,"name":"","item":"https:\/\/conceptbbm.com\/fr\/"},{"@type":"ListItem","position":2,"name":"Boutique","item":"https:\/\/conceptbbm.com\/fr\/boutique\/"},{"@type":"ListItem","position":3,"name":"#3147 &#8211; Pr\u00e9sentoir de plancher en carton (Crochets\/pegs fixes)"}]}]}},"_links":{"self":[{"href":"https:\/\/conceptbbm.com\/fr\/wp-json\/wp\/v2\/product\/7765"}],"collection":[{"href":"https:\/\/conceptbbm.com\/fr\/wp-json\/wp\/v2\/product"}],"about":[{"href":"https:\/\/conceptbbm.com\/fr\/wp-json\/wp\/v2\/types\/product"}],"wp:featuredmedia":[{"embeddable":true,"href":"https:\/\/conceptbbm.com\/fr\/wp-json\/wp\/v2\/media\/9780"}],"wp:attachment":[{"href":"https:\/\/conceptbbm.com\/fr\/wp-json\/wp\/v2\/media?parent=7765"}],"wp:term":[{"taxonomy":"product_cat","embeddable":true,"href":"https:\/\/conceptbbm.com\/fr\/wp-json\/wp\/v2\/product_cat?post=7765"},{"taxonomy":"product_tag","embeddable":true,"href":"https:\/\/conceptbbm.com\/fr\/wp-json\/wp\/v2\/product_tag?post=7765"}],"curies":[{"name":"wp","href":"https:\/\/api.w.org\/{rel}","templated":true}]}}