{"id":7789,"date":"2019-03-12T09:01:39","date_gmt":"2019-03-12T13:01:39","guid":{"rendered":"http:\/\/test.conceptbbm.com\/product\/7229\/"},"modified":"2022-08-09T16:56:01","modified_gmt":"2022-08-09T20:56:01","slug":"presentoir-plancher-carton-7229","status":"publish","type":"product","link":"https:\/\/conceptbbm.com\/fr\/produit\/presentoir-plancher-carton-7229\/","title":{"rendered":"#7229 &#8211; Pr\u00e9sentoir de plancher en carton avec crochets\/pegs"},"content":{"rendered":"","protected":false},"excerpt":{"rendered":"<p>Pr\u00e9sentoir de plancher \u00e0 un seul \u00e9tage en carton avec 8 crochets\/pegs et en-t\u00eate, d\u00e9pos\u00e9 sur une base. Pour accrocher accessoires, nourriture, jouets, \u00e9tui de cellulaire, portefeuille et plus.<\/p>\n","protected":false},"featured_media":8440,"template":"","meta":{"_monsterinsights_skip_tracking":false,"_monsterinsights_sitenote_active":false,"_monsterinsights_sitenote_note":"","_monsterinsights_sitenote_category":0},"product_cat":[182,178],"product_tag":[1524,1680,1681,283,282,228,227,1525,589,590,267,1684,553,525,521,652,235,231,232,520,230,684,656,805,825,274,307,1526,275,523,524],"yoast_head":"<!-- This site is optimized with the Yoast SEO plugin v18.9 - https:\/\/yoast.com\/wordpress\/plugins\/seo\/ -->\n<title>#7229 - Pr\u00e9sentoir de plancher en carton avec crochets\/pegs | Concept BBM<\/title>\n<meta name=\"description\" content=\"100% local. Pr\u00e9sentoir de plancher en carton avec crochets\/pegs, pour magasin \u00e0 rayons et vente au d\u00e9tail. Carton ondul\u00e9.\" \/>\n<meta name=\"robots\" content=\"index, follow, max-snippet:-1, max-image-preview:large, max-video-preview:-1\" \/>\n<link rel=\"canonical\" href=\"https:\/\/conceptbbm.com\/fr\/produit\/presentoir-plancher-carton-7229\/\" \/>\n<meta property=\"og:locale\" content=\"fr_FR\" \/>\n<meta property=\"og:type\" content=\"article\" \/>\n<meta property=\"og:title\" content=\"#7229 - Pr\u00e9sentoir de plancher en carton avec crochets\/pegs | Concept BBM\" \/>\n<meta property=\"og:description\" content=\"100% local. Pr\u00e9sentoir de plancher en carton avec crochets\/pegs, pour magasin \u00e0 rayons et vente au d\u00e9tail. Carton ondul\u00e9.\" \/>\n<meta property=\"og:url\" content=\"https:\/\/conceptbbm.com\/fr\/produit\/presentoir-plancher-carton-7229\/\" \/>\n<meta property=\"og:site_name\" content=\"Concept BBM\" \/>\n<meta property=\"article:modified_time\" content=\"2022-08-09T20:56:01+00:00\" \/>\n<meta property=\"og:image\" content=\"https:\/\/conceptbbm.com\/wp-content\/uploads\/2019\/03\/7229-M-CHEF-3d-pegs-01-e1640266918469.jpg\" \/>\n\t<meta property=\"og:image:width\" content=\"1400\" \/>\n\t<meta property=\"og:image:height\" content=\"1400\" \/>\n\t<meta property=\"og:image:type\" content=\"image\/jpeg\" \/>\n<meta name=\"twitter:card\" content=\"summary_large_image\" \/>\n<script type=\"application\/ld+json\" class=\"yoast-schema-graph\">{\"@context\":\"https:\/\/schema.org\",\"@graph\":[{\"@type\":\"Organization\",\"@id\":\"https:\/\/conceptbbm.com\/#organization\",\"name\":\"Concept BBM\",\"url\":\"https:\/\/conceptbbm.com\/\",\"sameAs\":[],\"logo\":{\"@type\":\"ImageObject\",\"inLanguage\":\"fr-FR\",\"@id\":\"https:\/\/conceptbbm.com\/#\/schema\/logo\/image\/\",\"url\":\"https:\/\/conceptbbm.com\/wp-content\/uploads\/2019\/02\/logo-conceptbbm.png\",\"contentUrl\":\"https:\/\/conceptbbm.com\/wp-content\/uploads\/2019\/02\/logo-conceptbbm.png\",\"width\":150,\"height\":150,\"caption\":\"Concept BBM\"},\"image\":{\"@id\":\"https:\/\/conceptbbm.com\/#\/schema\/logo\/image\/\"}},{\"@type\":\"WebSite\",\"@id\":\"https:\/\/conceptbbm.com\/#website\",\"url\":\"https:\/\/conceptbbm.com\/\",\"name\":\"Concept BBM\",\"description\":\"\",\"publisher\":{\"@id\":\"https:\/\/conceptbbm.com\/#organization\"},\"potentialAction\":[{\"@type\":\"SearchAction\",\"target\":{\"@type\":\"EntryPoint\",\"urlTemplate\":\"https:\/\/conceptbbm.com\/?s={search_term_string}\"},\"query-input\":\"required name=search_term_string\"}],\"inLanguage\":\"fr-FR\"},{\"@type\":\"ImageObject\",\"inLanguage\":\"fr-FR\",\"@id\":\"https:\/\/conceptbbm.com\/fr\/produit\/presentoir-plancher-carton-7229\/#primaryimage\",\"url\":\"https:\/\/conceptbbm.com\/wp-content\/uploads\/2019\/03\/7229-M-CHEF-3d-pegs-01-e1640266918469.jpg\",\"contentUrl\":\"https:\/\/conceptbbm.com\/wp-content\/uploads\/2019\/03\/7229-M-CHEF-3d-pegs-01-e1640266918469.jpg\",\"width\":1400,\"height\":1400,\"caption\":\"Pr\u00e9sentoir de plancher en carton avec crochets\/pegs et en-t\u00eate, d\u00e9pos\u00e9 sur une base - 3d\"},{\"@type\":\"WebPage\",\"@id\":\"https:\/\/conceptbbm.com\/fr\/produit\/presentoir-plancher-carton-7229\/#webpage\",\"url\":\"https:\/\/conceptbbm.com\/fr\/produit\/presentoir-plancher-carton-7229\/\",\"name\":\"#7229 - Pr\u00e9sentoir de plancher en carton avec crochets\/pegs | Concept BBM\",\"isPartOf\":{\"@id\":\"https:\/\/conceptbbm.com\/#website\"},\"primaryImageOfPage\":{\"@id\":\"https:\/\/conceptbbm.com\/fr\/produit\/presentoir-plancher-carton-7229\/#primaryimage\"},\"datePublished\":\"2019-03-12T13:01:39+00:00\",\"dateModified\":\"2022-08-09T20:56:01+00:00\",\"description\":\"100% local. Pr\u00e9sentoir de plancher en carton avec crochets\/pegs, pour magasin \u00e0 rayons et vente au d\u00e9tail. Carton ondul\u00e9.\",\"breadcrumb\":{\"@id\":\"https:\/\/conceptbbm.com\/fr\/produit\/presentoir-plancher-carton-7229\/#breadcrumb\"},\"inLanguage\":\"fr-FR\",\"potentialAction\":[{\"@type\":\"ReadAction\",\"target\":[\"https:\/\/conceptbbm.com\/fr\/produit\/presentoir-plancher-carton-7229\/\"]}]},{\"@type\":\"BreadcrumbList\",\"@id\":\"https:\/\/conceptbbm.com\/fr\/produit\/presentoir-plancher-carton-7229\/#breadcrumb\",\"itemListElement\":[{\"@type\":\"ListItem\",\"position\":1,\"name\":\"\",\"item\":\"https:\/\/conceptbbm.com\/fr\/\"},{\"@type\":\"ListItem\",\"position\":2,\"name\":\"Boutique\",\"item\":\"https:\/\/conceptbbm.com\/fr\/boutique\/\"},{\"@type\":\"ListItem\",\"position\":3,\"name\":\"#7229 &#8211; Pr\u00e9sentoir de plancher en carton avec crochets\/pegs\"}]}]}<\/script>\n<!-- \/ Yoast SEO plugin. -->","yoast_head_json":{"title":"#7229 - Pr\u00e9sentoir de plancher en carton avec crochets\/pegs | Concept BBM","description":"100% local. Pr\u00e9sentoir de plancher en carton avec crochets\/pegs, pour magasin \u00e0 rayons et vente au d\u00e9tail. Carton ondul\u00e9.","robots":{"index":"index","follow":"follow","max-snippet":"max-snippet:-1","max-image-preview":"max-image-preview:large","max-video-preview":"max-video-preview:-1"},"canonical":"https:\/\/conceptbbm.com\/fr\/produit\/presentoir-plancher-carton-7229\/","og_locale":"fr_FR","og_type":"article","og_title":"#7229 - Pr\u00e9sentoir de plancher en carton avec crochets\/pegs | Concept BBM","og_description":"100% local. Pr\u00e9sentoir de plancher en carton avec crochets\/pegs, pour magasin \u00e0 rayons et vente au d\u00e9tail. Carton ondul\u00e9.","og_url":"https:\/\/conceptbbm.com\/fr\/produit\/presentoir-plancher-carton-7229\/","og_site_name":"Concept BBM","article_modified_time":"2022-08-09T20:56:01+00:00","og_image":[{"width":1400,"height":1400,"url":"https:\/\/conceptbbm.com\/wp-content\/uploads\/2019\/03\/7229-M-CHEF-3d-pegs-01-e1640266918469.jpg","type":"image\/jpeg"}],"twitter_card":"summary_large_image","schema":{"@context":"https:\/\/schema.org","@graph":[{"@type":"Organization","@id":"https:\/\/conceptbbm.com\/#organization","name":"Concept BBM","url":"https:\/\/conceptbbm.com\/","sameAs":[],"logo":{"@type":"ImageObject","inLanguage":"fr-FR","@id":"https:\/\/conceptbbm.com\/#\/schema\/logo\/image\/","url":"https:\/\/conceptbbm.com\/wp-content\/uploads\/2019\/02\/logo-conceptbbm.png","contentUrl":"https:\/\/conceptbbm.com\/wp-content\/uploads\/2019\/02\/logo-conceptbbm.png","width":150,"height":150,"caption":"Concept BBM"},"image":{"@id":"https:\/\/conceptbbm.com\/#\/schema\/logo\/image\/"}},{"@type":"WebSite","@id":"https:\/\/conceptbbm.com\/#website","url":"https:\/\/conceptbbm.com\/","name":"Concept BBM","description":"","publisher":{"@id":"https:\/\/conceptbbm.com\/#organization"},"potentialAction":[{"@type":"SearchAction","target":{"@type":"EntryPoint","urlTemplate":"https:\/\/conceptbbm.com\/?s={search_term_string}"},"query-input":"required name=search_term_string"}],"inLanguage":"fr-FR"},{"@type":"ImageObject","inLanguage":"fr-FR","@id":"https:\/\/conceptbbm.com\/fr\/produit\/presentoir-plancher-carton-7229\/#primaryimage","url":"https:\/\/conceptbbm.com\/wp-content\/uploads\/2019\/03\/7229-M-CHEF-3d-pegs-01-e1640266918469.jpg","contentUrl":"https:\/\/conceptbbm.com\/wp-content\/uploads\/2019\/03\/7229-M-CHEF-3d-pegs-01-e1640266918469.jpg","width":1400,"height":1400,"caption":"Pr\u00e9sentoir de plancher en carton avec crochets\/pegs et en-t\u00eate, d\u00e9pos\u00e9 sur une base - 3d"},{"@type":"WebPage","@id":"https:\/\/conceptbbm.com\/fr\/produit\/presentoir-plancher-carton-7229\/#webpage","url":"https:\/\/conceptbbm.com\/fr\/produit\/presentoir-plancher-carton-7229\/","name":"#7229 - Pr\u00e9sentoir de plancher en carton avec crochets\/pegs | Concept BBM","isPartOf":{"@id":"https:\/\/conceptbbm.com\/#website"},"primaryImageOfPage":{"@id":"https:\/\/conceptbbm.com\/fr\/produit\/presentoir-plancher-carton-7229\/#primaryimage"},"datePublished":"2019-03-12T13:01:39+00:00","dateModified":"2022-08-09T20:56:01+00:00","description":"100% local. Pr\u00e9sentoir de plancher en carton avec crochets\/pegs, pour magasin \u00e0 rayons et vente au d\u00e9tail. Carton ondul\u00e9.","breadcrumb":{"@id":"https:\/\/conceptbbm.com\/fr\/produit\/presentoir-plancher-carton-7229\/#breadcrumb"},"inLanguage":"fr-FR","potentialAction":[{"@type":"ReadAction","target":["https:\/\/conceptbbm.com\/fr\/produit\/presentoir-plancher-carton-7229\/"]}]},{"@type":"BreadcrumbList","@id":"https:\/\/conceptbbm.com\/fr\/produit\/presentoir-plancher-carton-7229\/#breadcrumb","itemListElement":[{"@type":"ListItem","position":1,"name":"","item":"https:\/\/conceptbbm.com\/fr\/"},{"@type":"ListItem","position":2,"name":"Boutique","item":"https:\/\/conceptbbm.com\/fr\/boutique\/"},{"@type":"ListItem","position":3,"name":"#7229 &#8211; Pr\u00e9sentoir de plancher en carton avec crochets\/pegs"}]}]}},"_links":{"self":[{"href":"https:\/\/conceptbbm.com\/fr\/wp-json\/wp\/v2\/product\/7789"}],"collection":[{"href":"https:\/\/conceptbbm.com\/fr\/wp-json\/wp\/v2\/product"}],"about":[{"href":"https:\/\/conceptbbm.com\/fr\/wp-json\/wp\/v2\/types\/product"}],"wp:featuredmedia":[{"embeddable":true,"href":"https:\/\/conceptbbm.com\/fr\/wp-json\/wp\/v2\/media\/8440"}],"wp:attachment":[{"href":"https:\/\/conceptbbm.com\/fr\/wp-json\/wp\/v2\/media?parent=7789"}],"wp:term":[{"taxonomy":"product_cat","embeddable":true,"href":"https:\/\/conceptbbm.com\/fr\/wp-json\/wp\/v2\/product_cat?post=7789"},{"taxonomy":"product_tag","embeddable":true,"href":"https:\/\/conceptbbm.com\/fr\/wp-json\/wp\/v2\/product_tag?post=7789"}],"curies":[{"name":"wp","href":"https:\/\/api.w.org\/{rel}","templated":true}]}}