{"id":7867,"date":"2019-01-30T13:44:31","date_gmt":"2019-01-30T18:44:31","guid":{"rendered":"http:\/\/test.conceptbbm.com\/product\/7074k\/"},"modified":"2022-08-08T14:19:40","modified_gmt":"2022-08-08T18:19:40","slug":"presentoir-comptoir-carton-7074k","status":"publish","type":"product","link":"https:\/\/conceptbbm.com\/fr\/produit\/presentoir-comptoir-carton-7074k\/","title":{"rendered":"#7074K &#8211; Pr\u00e9sentoir de comptoir en carton"},"content":{"rendered":"","protected":false},"excerpt":{"rendered":"<p>Pr\u00e9sentoir de comptoir avec 3 \u00e9tages \/ 3 niveaux, petit et solide. Pour produits cosm\u00e9tiques, lunettes, petits accessoires, savons, produits locaux et plus.<\/p>\n","protected":false},"featured_media":7136,"template":"","meta":{"_monsterinsights_skip_tracking":false,"_monsterinsights_sitenote_active":false,"_monsterinsights_sitenote_note":"","_monsterinsights_sitenote_category":0},"product_cat":[180,178,181],"product_tag":[1539,1563,239,341,430,431,228,227,226,271,234,559,238,270,553,525,820,235,552,591,225,264,902,809,266,821,903,236,272,1540,1564],"yoast_head":"<!-- This site is optimized with the Yoast SEO plugin v18.9 - https:\/\/yoast.com\/wordpress\/plugins\/seo\/ -->\n<title>#7074K - Pr\u00e9sentoir de comptoir en carton | Concept BBM<\/title>\n<meta name=\"description\" content=\"100% local, petit et solide pr\u00e9sentoir de comptoir en carton ondul\u00e9 avec 3 tablettes. Pour magasins, petites entreprises et plus.\" \/>\n<meta name=\"robots\" content=\"index, follow, max-snippet:-1, max-image-preview:large, max-video-preview:-1\" \/>\n<link rel=\"canonical\" href=\"https:\/\/conceptbbm.com\/fr\/produit\/presentoir-comptoir-carton-7074k\/\" \/>\n<meta property=\"og:locale\" content=\"fr_FR\" \/>\n<meta property=\"og:type\" content=\"article\" \/>\n<meta property=\"og:title\" content=\"#7074K - Pr\u00e9sentoir de comptoir en carton | Concept BBM\" \/>\n<meta property=\"og:description\" content=\"100% local, petit et solide pr\u00e9sentoir de comptoir en carton ondul\u00e9 avec 3 tablettes. Pour magasins, petites entreprises et plus.\" \/>\n<meta property=\"og:url\" content=\"https:\/\/conceptbbm.com\/fr\/produit\/presentoir-comptoir-carton-7074k\/\" \/>\n<meta property=\"og:site_name\" content=\"Concept BBM\" \/>\n<meta property=\"article:modified_time\" content=\"2022-08-08T18:19:40+00:00\" \/>\n<meta property=\"og:image\" content=\"https:\/\/conceptbbm.com\/wp-content\/uploads\/2016\/03\/7074K-Image-produit-1024x1024.png\" \/>\n\t<meta property=\"og:image:width\" content=\"1024\" \/>\n\t<meta property=\"og:image:height\" content=\"1024\" \/>\n\t<meta property=\"og:image:type\" content=\"image\/png\" \/>\n<meta name=\"twitter:card\" content=\"summary_large_image\" \/>\n<script type=\"application\/ld+json\" class=\"yoast-schema-graph\">{\"@context\":\"https:\/\/schema.org\",\"@graph\":[{\"@type\":\"Organization\",\"@id\":\"https:\/\/conceptbbm.com\/#organization\",\"name\":\"Concept BBM\",\"url\":\"https:\/\/conceptbbm.com\/\",\"sameAs\":[],\"logo\":{\"@type\":\"ImageObject\",\"inLanguage\":\"fr-FR\",\"@id\":\"https:\/\/conceptbbm.com\/#\/schema\/logo\/image\/\",\"url\":\"https:\/\/conceptbbm.com\/wp-content\/uploads\/2019\/02\/logo-conceptbbm.png\",\"contentUrl\":\"https:\/\/conceptbbm.com\/wp-content\/uploads\/2019\/02\/logo-conceptbbm.png\",\"width\":150,\"height\":150,\"caption\":\"Concept BBM\"},\"image\":{\"@id\":\"https:\/\/conceptbbm.com\/#\/schema\/logo\/image\/\"}},{\"@type\":\"WebSite\",\"@id\":\"https:\/\/conceptbbm.com\/#website\",\"url\":\"https:\/\/conceptbbm.com\/\",\"name\":\"Concept BBM\",\"description\":\"\",\"publisher\":{\"@id\":\"https:\/\/conceptbbm.com\/#organization\"},\"potentialAction\":[{\"@type\":\"SearchAction\",\"target\":{\"@type\":\"EntryPoint\",\"urlTemplate\":\"https:\/\/conceptbbm.com\/?s={search_term_string}\"},\"query-input\":\"required name=search_term_string\"}],\"inLanguage\":\"fr-FR\"},{\"@type\":\"ImageObject\",\"inLanguage\":\"fr-FR\",\"@id\":\"https:\/\/conceptbbm.com\/fr\/produit\/presentoir-comptoir-carton-7074k\/#primaryimage\",\"url\":\"https:\/\/conceptbbm.com\/wp-content\/uploads\/2016\/03\/7074K-Image-produit-e1641411105230.png\",\"contentUrl\":\"https:\/\/conceptbbm.com\/wp-content\/uploads\/2016\/03\/7074K-Image-produit-e1641411105230.png\",\"width\":1400,\"height\":1400,\"caption\":\"Pr\u00e9sentoir de comptoir avec 3 \u00e9tages, petit et solide - noir\"},{\"@type\":\"WebPage\",\"@id\":\"https:\/\/conceptbbm.com\/fr\/produit\/presentoir-comptoir-carton-7074k\/#webpage\",\"url\":\"https:\/\/conceptbbm.com\/fr\/produit\/presentoir-comptoir-carton-7074k\/\",\"name\":\"#7074K - Pr\u00e9sentoir de comptoir en carton | Concept BBM\",\"isPartOf\":{\"@id\":\"https:\/\/conceptbbm.com\/#website\"},\"primaryImageOfPage\":{\"@id\":\"https:\/\/conceptbbm.com\/fr\/produit\/presentoir-comptoir-carton-7074k\/#primaryimage\"},\"datePublished\":\"2019-01-30T18:44:31+00:00\",\"dateModified\":\"2022-08-08T18:19:40+00:00\",\"description\":\"100% local, petit et solide pr\u00e9sentoir de comptoir en carton ondul\u00e9 avec 3 tablettes. Pour magasins, petites entreprises et plus.\",\"breadcrumb\":{\"@id\":\"https:\/\/conceptbbm.com\/fr\/produit\/presentoir-comptoir-carton-7074k\/#breadcrumb\"},\"inLanguage\":\"fr-FR\",\"potentialAction\":[{\"@type\":\"ReadAction\",\"target\":[\"https:\/\/conceptbbm.com\/fr\/produit\/presentoir-comptoir-carton-7074k\/\"]}]},{\"@type\":\"BreadcrumbList\",\"@id\":\"https:\/\/conceptbbm.com\/fr\/produit\/presentoir-comptoir-carton-7074k\/#breadcrumb\",\"itemListElement\":[{\"@type\":\"ListItem\",\"position\":1,\"name\":\"\",\"item\":\"https:\/\/conceptbbm.com\/fr\/\"},{\"@type\":\"ListItem\",\"position\":2,\"name\":\"Boutique\",\"item\":\"https:\/\/conceptbbm.com\/fr\/boutique\/\"},{\"@type\":\"ListItem\",\"position\":3,\"name\":\"#7074K &#8211; Pr\u00e9sentoir de comptoir en carton\"}]}]}<\/script>\n<!-- \/ Yoast SEO plugin. -->","yoast_head_json":{"title":"#7074K - Pr\u00e9sentoir de comptoir en carton | Concept BBM","description":"100% local, petit et solide pr\u00e9sentoir de comptoir en carton ondul\u00e9 avec 3 tablettes. Pour magasins, petites entreprises et plus.","robots":{"index":"index","follow":"follow","max-snippet":"max-snippet:-1","max-image-preview":"max-image-preview:large","max-video-preview":"max-video-preview:-1"},"canonical":"https:\/\/conceptbbm.com\/fr\/produit\/presentoir-comptoir-carton-7074k\/","og_locale":"fr_FR","og_type":"article","og_title":"#7074K - Pr\u00e9sentoir de comptoir en carton | Concept BBM","og_description":"100% local, petit et solide pr\u00e9sentoir de comptoir en carton ondul\u00e9 avec 3 tablettes. Pour magasins, petites entreprises et plus.","og_url":"https:\/\/conceptbbm.com\/fr\/produit\/presentoir-comptoir-carton-7074k\/","og_site_name":"Concept BBM","article_modified_time":"2022-08-08T18:19:40+00:00","og_image":[{"width":1024,"height":1024,"url":"https:\/\/conceptbbm.com\/wp-content\/uploads\/2016\/03\/7074K-Image-produit-1024x1024.png","type":"image\/png"}],"twitter_card":"summary_large_image","schema":{"@context":"https:\/\/schema.org","@graph":[{"@type":"Organization","@id":"https:\/\/conceptbbm.com\/#organization","name":"Concept BBM","url":"https:\/\/conceptbbm.com\/","sameAs":[],"logo":{"@type":"ImageObject","inLanguage":"fr-FR","@id":"https:\/\/conceptbbm.com\/#\/schema\/logo\/image\/","url":"https:\/\/conceptbbm.com\/wp-content\/uploads\/2019\/02\/logo-conceptbbm.png","contentUrl":"https:\/\/conceptbbm.com\/wp-content\/uploads\/2019\/02\/logo-conceptbbm.png","width":150,"height":150,"caption":"Concept BBM"},"image":{"@id":"https:\/\/conceptbbm.com\/#\/schema\/logo\/image\/"}},{"@type":"WebSite","@id":"https:\/\/conceptbbm.com\/#website","url":"https:\/\/conceptbbm.com\/","name":"Concept BBM","description":"","publisher":{"@id":"https:\/\/conceptbbm.com\/#organization"},"potentialAction":[{"@type":"SearchAction","target":{"@type":"EntryPoint","urlTemplate":"https:\/\/conceptbbm.com\/?s={search_term_string}"},"query-input":"required name=search_term_string"}],"inLanguage":"fr-FR"},{"@type":"ImageObject","inLanguage":"fr-FR","@id":"https:\/\/conceptbbm.com\/fr\/produit\/presentoir-comptoir-carton-7074k\/#primaryimage","url":"https:\/\/conceptbbm.com\/wp-content\/uploads\/2016\/03\/7074K-Image-produit-e1641411105230.png","contentUrl":"https:\/\/conceptbbm.com\/wp-content\/uploads\/2016\/03\/7074K-Image-produit-e1641411105230.png","width":1400,"height":1400,"caption":"Pr\u00e9sentoir de comptoir avec 3 \u00e9tages, petit et solide - noir"},{"@type":"WebPage","@id":"https:\/\/conceptbbm.com\/fr\/produit\/presentoir-comptoir-carton-7074k\/#webpage","url":"https:\/\/conceptbbm.com\/fr\/produit\/presentoir-comptoir-carton-7074k\/","name":"#7074K - Pr\u00e9sentoir de comptoir en carton | Concept BBM","isPartOf":{"@id":"https:\/\/conceptbbm.com\/#website"},"primaryImageOfPage":{"@id":"https:\/\/conceptbbm.com\/fr\/produit\/presentoir-comptoir-carton-7074k\/#primaryimage"},"datePublished":"2019-01-30T18:44:31+00:00","dateModified":"2022-08-08T18:19:40+00:00","description":"100% local, petit et solide pr\u00e9sentoir de comptoir en carton ondul\u00e9 avec 3 tablettes. Pour magasins, petites entreprises et plus.","breadcrumb":{"@id":"https:\/\/conceptbbm.com\/fr\/produit\/presentoir-comptoir-carton-7074k\/#breadcrumb"},"inLanguage":"fr-FR","potentialAction":[{"@type":"ReadAction","target":["https:\/\/conceptbbm.com\/fr\/produit\/presentoir-comptoir-carton-7074k\/"]}]},{"@type":"BreadcrumbList","@id":"https:\/\/conceptbbm.com\/fr\/produit\/presentoir-comptoir-carton-7074k\/#breadcrumb","itemListElement":[{"@type":"ListItem","position":1,"name":"","item":"https:\/\/conceptbbm.com\/fr\/"},{"@type":"ListItem","position":2,"name":"Boutique","item":"https:\/\/conceptbbm.com\/fr\/boutique\/"},{"@type":"ListItem","position":3,"name":"#7074K &#8211; Pr\u00e9sentoir de comptoir en carton"}]}]}},"_links":{"self":[{"href":"https:\/\/conceptbbm.com\/fr\/wp-json\/wp\/v2\/product\/7867"}],"collection":[{"href":"https:\/\/conceptbbm.com\/fr\/wp-json\/wp\/v2\/product"}],"about":[{"href":"https:\/\/conceptbbm.com\/fr\/wp-json\/wp\/v2\/types\/product"}],"wp:featuredmedia":[{"embeddable":true,"href":"https:\/\/conceptbbm.com\/fr\/wp-json\/wp\/v2\/media\/7136"}],"wp:attachment":[{"href":"https:\/\/conceptbbm.com\/fr\/wp-json\/wp\/v2\/media?parent=7867"}],"wp:term":[{"taxonomy":"product_cat","embeddable":true,"href":"https:\/\/conceptbbm.com\/fr\/wp-json\/wp\/v2\/product_cat?post=7867"},{"taxonomy":"product_tag","embeddable":true,"href":"https:\/\/conceptbbm.com\/fr\/wp-json\/wp\/v2\/product_tag?post=7867"}],"curies":[{"name":"wp","href":"https:\/\/api.w.org\/{rel}","templated":true}]}}