{"id":8465,"date":"2020-10-30T14:42:51","date_gmt":"2020-10-30T18:42:52","guid":{"rendered":"https:\/\/conceptbbm.com\/?post_type=product&#038;p=8465"},"modified":"2022-08-08T15:24:28","modified_gmt":"2022-08-08T19:24:28","slug":"presentoir-de-plancher-en-carton-1356","status":"publish","type":"product","link":"https:\/\/conceptbbm.com\/fr\/produit\/presentoir-de-plancher-en-carton-1356\/","title":{"rendered":"#1356 &#8211; Pr\u00e9sentoir de plancher en carton"},"content":{"rendered":"","protected":false},"excerpt":{"rendered":"<p>Pr\u00e9sentoir de plancher en carton avec en-t\u00eate et pr\u00e9sentoir sur le dessus, plac\u00e9 sur une benne. Avec 4 \u00e9tages. Pour peluches, jouets, \u00e9pices, bouteilles et plus.<\/p>\n","protected":false},"featured_media":8467,"template":"","meta":{"_monsterinsights_skip_tracking":false,"_monsterinsights_sitenote_active":false,"_monsterinsights_sitenote_note":"","_monsterinsights_sitenote_category":0},"product_cat":[182,178],"product_tag":[1623,1620,1622,1624,1621,546,856,443,637,239,341,289,542,504,228,227,974,550,238,559,270,337,954,347,589,590,553,525,820,521,232,231,264,230,225,809,684,822,656,839,871,857,975,865,805,274,1625,236,272,307,963],"yoast_head":"<!-- This site is optimized with the Yoast SEO plugin v18.9 - https:\/\/yoast.com\/wordpress\/plugins\/seo\/ -->\n<title>#1356 - Pr\u00e9sentoir de plancher en carton | Concept BBM<\/title>\n<meta name=\"description\" content=\"100% local. Pr\u00e9sentoir\/benne de plancher en carton avec pr\u00e9sentoir et en-t\u00eate. Pour grandes surfaces et magasins divers. Carton ondul\u00e9.\" \/>\n<meta name=\"robots\" content=\"index, follow, max-snippet:-1, max-image-preview:large, max-video-preview:-1\" \/>\n<link rel=\"canonical\" href=\"https:\/\/conceptbbm.com\/fr\/produit\/presentoir-de-plancher-en-carton-1356\/\" \/>\n<meta property=\"og:locale\" content=\"fr_FR\" \/>\n<meta property=\"og:type\" content=\"article\" \/>\n<meta property=\"og:title\" content=\"#1356 - Pr\u00e9sentoir de plancher en carton | Concept BBM\" \/>\n<meta property=\"og:description\" content=\"100% local. Pr\u00e9sentoir\/benne de plancher en carton avec pr\u00e9sentoir et en-t\u00eate. Pour grandes surfaces et magasins divers. Carton ondul\u00e9.\" \/>\n<meta property=\"og:url\" content=\"https:\/\/conceptbbm.com\/fr\/produit\/presentoir-de-plancher-en-carton-1356\/\" \/>\n<meta property=\"og:site_name\" content=\"Concept BBM\" \/>\n<meta property=\"article:modified_time\" content=\"2022-08-08T19:24:28+00:00\" \/>\n<meta property=\"og:image\" content=\"https:\/\/conceptbbm.com\/wp-content\/uploads\/2020\/10\/1356-3D-01-e1640266860277.jpg\" \/>\n\t<meta property=\"og:image:width\" content=\"1400\" \/>\n\t<meta property=\"og:image:height\" content=\"1400\" \/>\n\t<meta property=\"og:image:type\" content=\"image\/jpeg\" \/>\n<meta name=\"twitter:card\" content=\"summary_large_image\" \/>\n<script type=\"application\/ld+json\" class=\"yoast-schema-graph\">{\"@context\":\"https:\/\/schema.org\",\"@graph\":[{\"@type\":\"Organization\",\"@id\":\"https:\/\/conceptbbm.com\/#organization\",\"name\":\"Concept BBM\",\"url\":\"https:\/\/conceptbbm.com\/\",\"sameAs\":[],\"logo\":{\"@type\":\"ImageObject\",\"inLanguage\":\"fr-FR\",\"@id\":\"https:\/\/conceptbbm.com\/#\/schema\/logo\/image\/\",\"url\":\"https:\/\/conceptbbm.com\/wp-content\/uploads\/2019\/02\/logo-conceptbbm.png\",\"contentUrl\":\"https:\/\/conceptbbm.com\/wp-content\/uploads\/2019\/02\/logo-conceptbbm.png\",\"width\":150,\"height\":150,\"caption\":\"Concept BBM\"},\"image\":{\"@id\":\"https:\/\/conceptbbm.com\/#\/schema\/logo\/image\/\"}},{\"@type\":\"WebSite\",\"@id\":\"https:\/\/conceptbbm.com\/#website\",\"url\":\"https:\/\/conceptbbm.com\/\",\"name\":\"Concept BBM\",\"description\":\"\",\"publisher\":{\"@id\":\"https:\/\/conceptbbm.com\/#organization\"},\"potentialAction\":[{\"@type\":\"SearchAction\",\"target\":{\"@type\":\"EntryPoint\",\"urlTemplate\":\"https:\/\/conceptbbm.com\/?s={search_term_string}\"},\"query-input\":\"required name=search_term_string\"}],\"inLanguage\":\"fr-FR\"},{\"@type\":\"ImageObject\",\"inLanguage\":\"fr-FR\",\"@id\":\"https:\/\/conceptbbm.com\/fr\/produit\/presentoir-de-plancher-en-carton-1356\/#primaryimage\",\"url\":\"https:\/\/conceptbbm.com\/wp-content\/uploads\/2020\/10\/1356-3D-01-e1640266860277.jpg\",\"contentUrl\":\"https:\/\/conceptbbm.com\/wp-content\/uploads\/2020\/10\/1356-3D-01-e1640266860277.jpg\",\"width\":1400,\"height\":1400,\"caption\":\"Pr\u00e9sentoir de plancher en carton avec en-t\u00eate et pr\u00e9sentoir sur le dessus, plac\u00e9 sur une benne. Avec \u00e9tages dans le pr\u00e9sentoir - 3d\"},{\"@type\":\"WebPage\",\"@id\":\"https:\/\/conceptbbm.com\/fr\/produit\/presentoir-de-plancher-en-carton-1356\/#webpage\",\"url\":\"https:\/\/conceptbbm.com\/fr\/produit\/presentoir-de-plancher-en-carton-1356\/\",\"name\":\"#1356 - Pr\u00e9sentoir de plancher en carton | Concept BBM\",\"isPartOf\":{\"@id\":\"https:\/\/conceptbbm.com\/#website\"},\"primaryImageOfPage\":{\"@id\":\"https:\/\/conceptbbm.com\/fr\/produit\/presentoir-de-plancher-en-carton-1356\/#primaryimage\"},\"datePublished\":\"2020-10-30T18:42:52+00:00\",\"dateModified\":\"2022-08-08T19:24:28+00:00\",\"description\":\"100% local. Pr\u00e9sentoir\/benne de plancher en carton avec pr\u00e9sentoir et en-t\u00eate. Pour grandes surfaces et magasins divers. Carton ondul\u00e9.\",\"breadcrumb\":{\"@id\":\"https:\/\/conceptbbm.com\/fr\/produit\/presentoir-de-plancher-en-carton-1356\/#breadcrumb\"},\"inLanguage\":\"fr-FR\",\"potentialAction\":[{\"@type\":\"ReadAction\",\"target\":[\"https:\/\/conceptbbm.com\/fr\/produit\/presentoir-de-plancher-en-carton-1356\/\"]}]},{\"@type\":\"BreadcrumbList\",\"@id\":\"https:\/\/conceptbbm.com\/fr\/produit\/presentoir-de-plancher-en-carton-1356\/#breadcrumb\",\"itemListElement\":[{\"@type\":\"ListItem\",\"position\":1,\"name\":\"\",\"item\":\"https:\/\/conceptbbm.com\/fr\/\"},{\"@type\":\"ListItem\",\"position\":2,\"name\":\"Boutique\",\"item\":\"https:\/\/conceptbbm.com\/fr\/boutique\/\"},{\"@type\":\"ListItem\",\"position\":3,\"name\":\"#1356 &#8211; Pr\u00e9sentoir de plancher en carton\"}]}]}<\/script>\n<!-- \/ Yoast SEO plugin. -->","yoast_head_json":{"title":"#1356 - Pr\u00e9sentoir de plancher en carton | Concept BBM","description":"100% local. Pr\u00e9sentoir\/benne de plancher en carton avec pr\u00e9sentoir et en-t\u00eate. Pour grandes surfaces et magasins divers. Carton ondul\u00e9.","robots":{"index":"index","follow":"follow","max-snippet":"max-snippet:-1","max-image-preview":"max-image-preview:large","max-video-preview":"max-video-preview:-1"},"canonical":"https:\/\/conceptbbm.com\/fr\/produit\/presentoir-de-plancher-en-carton-1356\/","og_locale":"fr_FR","og_type":"article","og_title":"#1356 - Pr\u00e9sentoir de plancher en carton | Concept BBM","og_description":"100% local. Pr\u00e9sentoir\/benne de plancher en carton avec pr\u00e9sentoir et en-t\u00eate. Pour grandes surfaces et magasins divers. Carton ondul\u00e9.","og_url":"https:\/\/conceptbbm.com\/fr\/produit\/presentoir-de-plancher-en-carton-1356\/","og_site_name":"Concept BBM","article_modified_time":"2022-08-08T19:24:28+00:00","og_image":[{"width":1400,"height":1400,"url":"https:\/\/conceptbbm.com\/wp-content\/uploads\/2020\/10\/1356-3D-01-e1640266860277.jpg","type":"image\/jpeg"}],"twitter_card":"summary_large_image","schema":{"@context":"https:\/\/schema.org","@graph":[{"@type":"Organization","@id":"https:\/\/conceptbbm.com\/#organization","name":"Concept BBM","url":"https:\/\/conceptbbm.com\/","sameAs":[],"logo":{"@type":"ImageObject","inLanguage":"fr-FR","@id":"https:\/\/conceptbbm.com\/#\/schema\/logo\/image\/","url":"https:\/\/conceptbbm.com\/wp-content\/uploads\/2019\/02\/logo-conceptbbm.png","contentUrl":"https:\/\/conceptbbm.com\/wp-content\/uploads\/2019\/02\/logo-conceptbbm.png","width":150,"height":150,"caption":"Concept BBM"},"image":{"@id":"https:\/\/conceptbbm.com\/#\/schema\/logo\/image\/"}},{"@type":"WebSite","@id":"https:\/\/conceptbbm.com\/#website","url":"https:\/\/conceptbbm.com\/","name":"Concept BBM","description":"","publisher":{"@id":"https:\/\/conceptbbm.com\/#organization"},"potentialAction":[{"@type":"SearchAction","target":{"@type":"EntryPoint","urlTemplate":"https:\/\/conceptbbm.com\/?s={search_term_string}"},"query-input":"required name=search_term_string"}],"inLanguage":"fr-FR"},{"@type":"ImageObject","inLanguage":"fr-FR","@id":"https:\/\/conceptbbm.com\/fr\/produit\/presentoir-de-plancher-en-carton-1356\/#primaryimage","url":"https:\/\/conceptbbm.com\/wp-content\/uploads\/2020\/10\/1356-3D-01-e1640266860277.jpg","contentUrl":"https:\/\/conceptbbm.com\/wp-content\/uploads\/2020\/10\/1356-3D-01-e1640266860277.jpg","width":1400,"height":1400,"caption":"Pr\u00e9sentoir de plancher en carton avec en-t\u00eate et pr\u00e9sentoir sur le dessus, plac\u00e9 sur une benne. Avec \u00e9tages dans le pr\u00e9sentoir - 3d"},{"@type":"WebPage","@id":"https:\/\/conceptbbm.com\/fr\/produit\/presentoir-de-plancher-en-carton-1356\/#webpage","url":"https:\/\/conceptbbm.com\/fr\/produit\/presentoir-de-plancher-en-carton-1356\/","name":"#1356 - Pr\u00e9sentoir de plancher en carton | Concept BBM","isPartOf":{"@id":"https:\/\/conceptbbm.com\/#website"},"primaryImageOfPage":{"@id":"https:\/\/conceptbbm.com\/fr\/produit\/presentoir-de-plancher-en-carton-1356\/#primaryimage"},"datePublished":"2020-10-30T18:42:52+00:00","dateModified":"2022-08-08T19:24:28+00:00","description":"100% local. Pr\u00e9sentoir\/benne de plancher en carton avec pr\u00e9sentoir et en-t\u00eate. Pour grandes surfaces et magasins divers. Carton ondul\u00e9.","breadcrumb":{"@id":"https:\/\/conceptbbm.com\/fr\/produit\/presentoir-de-plancher-en-carton-1356\/#breadcrumb"},"inLanguage":"fr-FR","potentialAction":[{"@type":"ReadAction","target":["https:\/\/conceptbbm.com\/fr\/produit\/presentoir-de-plancher-en-carton-1356\/"]}]},{"@type":"BreadcrumbList","@id":"https:\/\/conceptbbm.com\/fr\/produit\/presentoir-de-plancher-en-carton-1356\/#breadcrumb","itemListElement":[{"@type":"ListItem","position":1,"name":"","item":"https:\/\/conceptbbm.com\/fr\/"},{"@type":"ListItem","position":2,"name":"Boutique","item":"https:\/\/conceptbbm.com\/fr\/boutique\/"},{"@type":"ListItem","position":3,"name":"#1356 &#8211; Pr\u00e9sentoir de plancher en carton"}]}]}},"_links":{"self":[{"href":"https:\/\/conceptbbm.com\/fr\/wp-json\/wp\/v2\/product\/8465"}],"collection":[{"href":"https:\/\/conceptbbm.com\/fr\/wp-json\/wp\/v2\/product"}],"about":[{"href":"https:\/\/conceptbbm.com\/fr\/wp-json\/wp\/v2\/types\/product"}],"wp:featuredmedia":[{"embeddable":true,"href":"https:\/\/conceptbbm.com\/fr\/wp-json\/wp\/v2\/media\/8467"}],"wp:attachment":[{"href":"https:\/\/conceptbbm.com\/fr\/wp-json\/wp\/v2\/media?parent=8465"}],"wp:term":[{"taxonomy":"product_cat","embeddable":true,"href":"https:\/\/conceptbbm.com\/fr\/wp-json\/wp\/v2\/product_cat?post=8465"},{"taxonomy":"product_tag","embeddable":true,"href":"https:\/\/conceptbbm.com\/fr\/wp-json\/wp\/v2\/product_tag?post=8465"}],"curies":[{"name":"wp","href":"https:\/\/api.w.org\/{rel}","templated":true}]}}