{"id":8503,"date":"2020-11-05T13:55:25","date_gmt":"2020-11-05T18:55:26","guid":{"rendered":"https:\/\/conceptbbm.com\/?post_type=product&#038;p=8503"},"modified":"2023-01-26T11:20:58","modified_gmt":"2023-01-26T16:20:58","slug":"presentoir-de-plancher-en-carton-1390-grande","status":"publish","type":"product","link":"https:\/\/conceptbbm.com\/fr\/produit\/presentoir-de-plancher-en-carton-1390-grande\/","title":{"rendered":"#1390-A &#8211; Pr\u00e9sentoir de plancher en carton (Option grande)"},"content":{"rendered":"","protected":false},"excerpt":{"rendered":"<p>Pr\u00e9sentoir de plancher en carton avec en-t\u00eate et 4 tablettes, avec butoir au plancher. Pour bouteilles, \u00e9pices, produits cosmetiques, pharmaceutiques ou naturels et produits l\u00e9gers.<\/p>\n","protected":false},"featured_media":8505,"template":"","meta":{"_monsterinsights_skip_tracking":false,"_monsterinsights_sitenote_active":false,"_monsterinsights_sitenote_note":"","_monsterinsights_sitenote_category":0},"product_cat":[182,178],"product_tag":[1623,1620,1622,1639,1624,1621,546,856,443,637,239,341,542,504,228,227,974,550,238,559,270,337,954,347,589,590,553,525,820,521,232,231,225,264,230,340,809,684,822,656,839,871,857,975,865,805,349,274,1625,272,307,963,275],"yoast_head":"<!-- This site is optimized with the Yoast SEO plugin v18.9 - https:\/\/yoast.com\/wordpress\/plugins\/seo\/ -->\n<title>#1390-A - Pr\u00e9sentoir de plancher en carton (Option grande) | Concept BBM<\/title>\n<meta name=\"description\" content=\"100% local. Pr\u00e9sentoir de plancher en carton avec tablettes et en-t\u00eate. Pour magasins \u00e0 rayons, au d\u00e9tail et grandes surfaces\" \/>\n<meta name=\"robots\" content=\"index, follow, max-snippet:-1, max-image-preview:large, max-video-preview:-1\" \/>\n<link rel=\"canonical\" href=\"https:\/\/conceptbbm.com\/fr\/produit\/presentoir-de-plancher-en-carton-1390-grande\/\" \/>\n<meta property=\"og:locale\" content=\"fr_FR\" \/>\n<meta property=\"og:type\" content=\"article\" \/>\n<meta property=\"og:title\" content=\"#1390-A - Pr\u00e9sentoir de plancher en carton (Option grande) | Concept BBM\" \/>\n<meta property=\"og:description\" content=\"100% local. Pr\u00e9sentoir de plancher en carton avec tablettes et en-t\u00eate. Pour magasins \u00e0 rayons, au d\u00e9tail et grandes surfaces\" \/>\n<meta property=\"og:url\" content=\"https:\/\/conceptbbm.com\/fr\/produit\/presentoir-de-plancher-en-carton-1390-grande\/\" \/>\n<meta property=\"og:site_name\" content=\"Concept BBM\" \/>\n<meta property=\"article:modified_time\" content=\"2023-01-26T16:20:58+00:00\" \/>\n<meta property=\"og:image\" content=\"https:\/\/conceptbbm.com\/wp-content\/uploads\/2020\/11\/1390K-GRAND-3D-01-e1640266491487.jpg\" \/>\n\t<meta property=\"og:image:width\" content=\"1400\" \/>\n\t<meta property=\"og:image:height\" content=\"1400\" \/>\n\t<meta property=\"og:image:type\" content=\"image\/jpeg\" \/>\n<meta name=\"twitter:card\" content=\"summary_large_image\" \/>\n<script type=\"application\/ld+json\" class=\"yoast-schema-graph\">{\"@context\":\"https:\/\/schema.org\",\"@graph\":[{\"@type\":\"Organization\",\"@id\":\"https:\/\/conceptbbm.com\/#organization\",\"name\":\"Concept BBM\",\"url\":\"https:\/\/conceptbbm.com\/\",\"sameAs\":[],\"logo\":{\"@type\":\"ImageObject\",\"inLanguage\":\"fr-FR\",\"@id\":\"https:\/\/conceptbbm.com\/#\/schema\/logo\/image\/\",\"url\":\"https:\/\/conceptbbm.com\/wp-content\/uploads\/2019\/02\/logo-conceptbbm.png\",\"contentUrl\":\"https:\/\/conceptbbm.com\/wp-content\/uploads\/2019\/02\/logo-conceptbbm.png\",\"width\":150,\"height\":150,\"caption\":\"Concept BBM\"},\"image\":{\"@id\":\"https:\/\/conceptbbm.com\/#\/schema\/logo\/image\/\"}},{\"@type\":\"WebSite\",\"@id\":\"https:\/\/conceptbbm.com\/#website\",\"url\":\"https:\/\/conceptbbm.com\/\",\"name\":\"Concept BBM\",\"description\":\"\",\"publisher\":{\"@id\":\"https:\/\/conceptbbm.com\/#organization\"},\"potentialAction\":[{\"@type\":\"SearchAction\",\"target\":{\"@type\":\"EntryPoint\",\"urlTemplate\":\"https:\/\/conceptbbm.com\/?s={search_term_string}\"},\"query-input\":\"required name=search_term_string\"}],\"inLanguage\":\"fr-FR\"},{\"@type\":\"ImageObject\",\"inLanguage\":\"fr-FR\",\"@id\":\"https:\/\/conceptbbm.com\/fr\/produit\/presentoir-de-plancher-en-carton-1390-grande\/#primaryimage\",\"url\":\"https:\/\/conceptbbm.com\/wp-content\/uploads\/2020\/11\/1390K-GRAND-3D-01-e1640266491487.jpg\",\"contentUrl\":\"https:\/\/conceptbbm.com\/wp-content\/uploads\/2020\/11\/1390K-GRAND-3D-01-e1640266491487.jpg\",\"width\":1400,\"height\":1400,\"caption\":\"Pr\u00e9sentoir de plancher en carton avec en-t\u00eate et tablettes, avec butoir au plancher (optionpetite aussi disponible) - 3d\"},{\"@type\":\"WebPage\",\"@id\":\"https:\/\/conceptbbm.com\/fr\/produit\/presentoir-de-plancher-en-carton-1390-grande\/#webpage\",\"url\":\"https:\/\/conceptbbm.com\/fr\/produit\/presentoir-de-plancher-en-carton-1390-grande\/\",\"name\":\"#1390-A - Pr\u00e9sentoir de plancher en carton (Option grande) | Concept BBM\",\"isPartOf\":{\"@id\":\"https:\/\/conceptbbm.com\/#website\"},\"primaryImageOfPage\":{\"@id\":\"https:\/\/conceptbbm.com\/fr\/produit\/presentoir-de-plancher-en-carton-1390-grande\/#primaryimage\"},\"datePublished\":\"2020-11-05T18:55:26+00:00\",\"dateModified\":\"2023-01-26T16:20:58+00:00\",\"description\":\"100% local. Pr\u00e9sentoir de plancher en carton avec tablettes et en-t\u00eate. Pour magasins \u00e0 rayons, au d\u00e9tail et grandes surfaces\",\"breadcrumb\":{\"@id\":\"https:\/\/conceptbbm.com\/fr\/produit\/presentoir-de-plancher-en-carton-1390-grande\/#breadcrumb\"},\"inLanguage\":\"fr-FR\",\"potentialAction\":[{\"@type\":\"ReadAction\",\"target\":[\"https:\/\/conceptbbm.com\/fr\/produit\/presentoir-de-plancher-en-carton-1390-grande\/\"]}]},{\"@type\":\"BreadcrumbList\",\"@id\":\"https:\/\/conceptbbm.com\/fr\/produit\/presentoir-de-plancher-en-carton-1390-grande\/#breadcrumb\",\"itemListElement\":[{\"@type\":\"ListItem\",\"position\":1,\"name\":\"\",\"item\":\"https:\/\/conceptbbm.com\/fr\/\"},{\"@type\":\"ListItem\",\"position\":2,\"name\":\"Boutique\",\"item\":\"https:\/\/conceptbbm.com\/fr\/boutique\/\"},{\"@type\":\"ListItem\",\"position\":3,\"name\":\"#1390-A &#8211; Pr\u00e9sentoir de plancher en carton (Option grande)\"}]}]}<\/script>\n<!-- \/ Yoast SEO plugin. -->","yoast_head_json":{"title":"#1390-A - Pr\u00e9sentoir de plancher en carton (Option grande) | Concept BBM","description":"100% local. Pr\u00e9sentoir de plancher en carton avec tablettes et en-t\u00eate. Pour magasins \u00e0 rayons, au d\u00e9tail et grandes surfaces","robots":{"index":"index","follow":"follow","max-snippet":"max-snippet:-1","max-image-preview":"max-image-preview:large","max-video-preview":"max-video-preview:-1"},"canonical":"https:\/\/conceptbbm.com\/fr\/produit\/presentoir-de-plancher-en-carton-1390-grande\/","og_locale":"fr_FR","og_type":"article","og_title":"#1390-A - Pr\u00e9sentoir de plancher en carton (Option grande) | Concept BBM","og_description":"100% local. Pr\u00e9sentoir de plancher en carton avec tablettes et en-t\u00eate. Pour magasins \u00e0 rayons, au d\u00e9tail et grandes surfaces","og_url":"https:\/\/conceptbbm.com\/fr\/produit\/presentoir-de-plancher-en-carton-1390-grande\/","og_site_name":"Concept BBM","article_modified_time":"2023-01-26T16:20:58+00:00","og_image":[{"width":1400,"height":1400,"url":"https:\/\/conceptbbm.com\/wp-content\/uploads\/2020\/11\/1390K-GRAND-3D-01-e1640266491487.jpg","type":"image\/jpeg"}],"twitter_card":"summary_large_image","schema":{"@context":"https:\/\/schema.org","@graph":[{"@type":"Organization","@id":"https:\/\/conceptbbm.com\/#organization","name":"Concept BBM","url":"https:\/\/conceptbbm.com\/","sameAs":[],"logo":{"@type":"ImageObject","inLanguage":"fr-FR","@id":"https:\/\/conceptbbm.com\/#\/schema\/logo\/image\/","url":"https:\/\/conceptbbm.com\/wp-content\/uploads\/2019\/02\/logo-conceptbbm.png","contentUrl":"https:\/\/conceptbbm.com\/wp-content\/uploads\/2019\/02\/logo-conceptbbm.png","width":150,"height":150,"caption":"Concept BBM"},"image":{"@id":"https:\/\/conceptbbm.com\/#\/schema\/logo\/image\/"}},{"@type":"WebSite","@id":"https:\/\/conceptbbm.com\/#website","url":"https:\/\/conceptbbm.com\/","name":"Concept BBM","description":"","publisher":{"@id":"https:\/\/conceptbbm.com\/#organization"},"potentialAction":[{"@type":"SearchAction","target":{"@type":"EntryPoint","urlTemplate":"https:\/\/conceptbbm.com\/?s={search_term_string}"},"query-input":"required name=search_term_string"}],"inLanguage":"fr-FR"},{"@type":"ImageObject","inLanguage":"fr-FR","@id":"https:\/\/conceptbbm.com\/fr\/produit\/presentoir-de-plancher-en-carton-1390-grande\/#primaryimage","url":"https:\/\/conceptbbm.com\/wp-content\/uploads\/2020\/11\/1390K-GRAND-3D-01-e1640266491487.jpg","contentUrl":"https:\/\/conceptbbm.com\/wp-content\/uploads\/2020\/11\/1390K-GRAND-3D-01-e1640266491487.jpg","width":1400,"height":1400,"caption":"Pr\u00e9sentoir de plancher en carton avec en-t\u00eate et tablettes, avec butoir au plancher (optionpetite aussi disponible) - 3d"},{"@type":"WebPage","@id":"https:\/\/conceptbbm.com\/fr\/produit\/presentoir-de-plancher-en-carton-1390-grande\/#webpage","url":"https:\/\/conceptbbm.com\/fr\/produit\/presentoir-de-plancher-en-carton-1390-grande\/","name":"#1390-A - Pr\u00e9sentoir de plancher en carton (Option grande) | Concept BBM","isPartOf":{"@id":"https:\/\/conceptbbm.com\/#website"},"primaryImageOfPage":{"@id":"https:\/\/conceptbbm.com\/fr\/produit\/presentoir-de-plancher-en-carton-1390-grande\/#primaryimage"},"datePublished":"2020-11-05T18:55:26+00:00","dateModified":"2023-01-26T16:20:58+00:00","description":"100% local. Pr\u00e9sentoir de plancher en carton avec tablettes et en-t\u00eate. Pour magasins \u00e0 rayons, au d\u00e9tail et grandes surfaces","breadcrumb":{"@id":"https:\/\/conceptbbm.com\/fr\/produit\/presentoir-de-plancher-en-carton-1390-grande\/#breadcrumb"},"inLanguage":"fr-FR","potentialAction":[{"@type":"ReadAction","target":["https:\/\/conceptbbm.com\/fr\/produit\/presentoir-de-plancher-en-carton-1390-grande\/"]}]},{"@type":"BreadcrumbList","@id":"https:\/\/conceptbbm.com\/fr\/produit\/presentoir-de-plancher-en-carton-1390-grande\/#breadcrumb","itemListElement":[{"@type":"ListItem","position":1,"name":"","item":"https:\/\/conceptbbm.com\/fr\/"},{"@type":"ListItem","position":2,"name":"Boutique","item":"https:\/\/conceptbbm.com\/fr\/boutique\/"},{"@type":"ListItem","position":3,"name":"#1390-A &#8211; Pr\u00e9sentoir de plancher en carton (Option grande)"}]}]}},"_links":{"self":[{"href":"https:\/\/conceptbbm.com\/fr\/wp-json\/wp\/v2\/product\/8503"}],"collection":[{"href":"https:\/\/conceptbbm.com\/fr\/wp-json\/wp\/v2\/product"}],"about":[{"href":"https:\/\/conceptbbm.com\/fr\/wp-json\/wp\/v2\/types\/product"}],"wp:featuredmedia":[{"embeddable":true,"href":"https:\/\/conceptbbm.com\/fr\/wp-json\/wp\/v2\/media\/8505"}],"wp:attachment":[{"href":"https:\/\/conceptbbm.com\/fr\/wp-json\/wp\/v2\/media?parent=8503"}],"wp:term":[{"taxonomy":"product_cat","embeddable":true,"href":"https:\/\/conceptbbm.com\/fr\/wp-json\/wp\/v2\/product_cat?post=8503"},{"taxonomy":"product_tag","embeddable":true,"href":"https:\/\/conceptbbm.com\/fr\/wp-json\/wp\/v2\/product_tag?post=8503"}],"curies":[{"name":"wp","href":"https:\/\/api.w.org\/{rel}","templated":true}]}}