{"id":8717,"date":"2020-12-14T13:17:23","date_gmt":"2020-12-14T18:17:23","guid":{"rendered":"https:\/\/conceptbbm.com\/?post_type=product&#038;p=8717"},"modified":"2022-04-07T09:32:57","modified_gmt":"2022-04-07T13:32:57","slug":"presentoir-de-comptoir-en-carton-7470k-desinfectant-pour-les-mains-covid-19","status":"publish","type":"product","link":"https:\/\/conceptbbm.com\/fr\/produit\/presentoir-de-comptoir-en-carton-7470k-desinfectant-pour-les-mains-covid-19\/","title":{"rendered":"#7470K &#8211; Pr\u00e9sentoir de plancher en carton &#8211; D\u00e9sinfectant pour les mains COVID-19"},"content":{"rendered":"","protected":false},"excerpt":{"rendered":"<p>Covid-19 : Pr\u00e9sentoir de plancher personnalis\u00e9 en carton avec insertion en coroplast pour bouteille de d\u00e9sinfectant pour les mains ou distributeur de cr\u00e8me \u00e0 mains.<\/p>\n","protected":false},"featured_media":8735,"template":"","meta":{"_monsterinsights_skip_tracking":false,"_monsterinsights_sitenote_active":false,"_monsterinsights_sitenote_note":"","_monsterinsights_sitenote_category":0},"product_cat":[219,182,178,181],"product_tag":[239,227,265,362,222,221,270,420,419,418,423,421,422,242,231,230,225,264,274,223,424,425,236,211,224,240,220],"yoast_head":"<!-- This site is optimized with the Yoast SEO plugin v18.9 - https:\/\/yoast.com\/wordpress\/plugins\/seo\/ -->\n<title>#7470K - Pr\u00e9sentoir de plancher en carton - D\u00e9sinfectant pour les mains COVID-19 | Concept BBM<\/title>\n<meta name=\"description\" content=\"Covid-19 Pr\u00e9sentoir de plancher pour bouteille de d\u00e9sinfectant pour les mains avec insertion personnalis\u00e9e en coroplast ou carton.\" \/>\n<meta name=\"robots\" content=\"index, follow, max-snippet:-1, max-image-preview:large, max-video-preview:-1\" \/>\n<link rel=\"canonical\" href=\"https:\/\/conceptbbm.com\/fr\/produit\/presentoir-de-comptoir-en-carton-7470k-desinfectant-pour-les-mains-covid-19\/\" \/>\n<meta property=\"og:locale\" content=\"fr_FR\" \/>\n<meta property=\"og:type\" content=\"article\" \/>\n<meta property=\"og:title\" content=\"#7470K - Pr\u00e9sentoir de plancher en carton - D\u00e9sinfectant pour les mains COVID-19 | Concept BBM\" \/>\n<meta property=\"og:description\" content=\"Covid-19 Pr\u00e9sentoir de plancher pour bouteille de d\u00e9sinfectant pour les mains avec insertion personnalis\u00e9e en coroplast ou carton.\" \/>\n<meta property=\"og:url\" content=\"https:\/\/conceptbbm.com\/fr\/produit\/presentoir-de-comptoir-en-carton-7470k-desinfectant-pour-les-mains-covid-19\/\" \/>\n<meta property=\"og:site_name\" content=\"Concept BBM\" \/>\n<meta property=\"article:modified_time\" content=\"2022-04-07T13:32:57+00:00\" \/>\n<meta property=\"og:image\" content=\"https:\/\/conceptbbm.com\/wp-content\/uploads\/2020\/12\/74701K-3D-WITH-DESIGN-01.jpg\" \/>\n\t<meta property=\"og:image:width\" content=\"803\" \/>\n\t<meta property=\"og:image:height\" content=\"803\" \/>\n\t<meta property=\"og:image:type\" content=\"image\/jpeg\" \/>\n<meta name=\"twitter:card\" content=\"summary_large_image\" \/>\n<script type=\"application\/ld+json\" class=\"yoast-schema-graph\">{\"@context\":\"https:\/\/schema.org\",\"@graph\":[{\"@type\":\"Organization\",\"@id\":\"https:\/\/conceptbbm.com\/#organization\",\"name\":\"Concept BBM\",\"url\":\"https:\/\/conceptbbm.com\/\",\"sameAs\":[],\"logo\":{\"@type\":\"ImageObject\",\"inLanguage\":\"fr-FR\",\"@id\":\"https:\/\/conceptbbm.com\/#\/schema\/logo\/image\/\",\"url\":\"https:\/\/conceptbbm.com\/wp-content\/uploads\/2019\/02\/logo-conceptbbm.png\",\"contentUrl\":\"https:\/\/conceptbbm.com\/wp-content\/uploads\/2019\/02\/logo-conceptbbm.png\",\"width\":150,\"height\":150,\"caption\":\"Concept BBM\"},\"image\":{\"@id\":\"https:\/\/conceptbbm.com\/#\/schema\/logo\/image\/\"}},{\"@type\":\"WebSite\",\"@id\":\"https:\/\/conceptbbm.com\/#website\",\"url\":\"https:\/\/conceptbbm.com\/\",\"name\":\"Concept BBM\",\"description\":\"\",\"publisher\":{\"@id\":\"https:\/\/conceptbbm.com\/#organization\"},\"potentialAction\":[{\"@type\":\"SearchAction\",\"target\":{\"@type\":\"EntryPoint\",\"urlTemplate\":\"https:\/\/conceptbbm.com\/?s={search_term_string}\"},\"query-input\":\"required name=search_term_string\"}],\"inLanguage\":\"fr-FR\"},{\"@type\":\"ImageObject\",\"inLanguage\":\"fr-FR\",\"@id\":\"https:\/\/conceptbbm.com\/fr\/produit\/presentoir-de-comptoir-en-carton-7470k-desinfectant-pour-les-mains-covid-19\/#primaryimage\",\"url\":\"https:\/\/conceptbbm.com\/wp-content\/uploads\/2020\/12\/74701K-3D-WITH-DESIGN-01.jpg\",\"contentUrl\":\"https:\/\/conceptbbm.com\/wp-content\/uploads\/2020\/12\/74701K-3D-WITH-DESIGN-01.jpg\",\"width\":803,\"height\":803,\"caption\":\"Pr\u00e9sentoir de plancher personnalis\u00e9 en carton avec insertion en coroplast pour bouteille de d\u00e9sinfectant pour les mains - 3d\"},{\"@type\":\"WebPage\",\"@id\":\"https:\/\/conceptbbm.com\/fr\/produit\/presentoir-de-comptoir-en-carton-7470k-desinfectant-pour-les-mains-covid-19\/#webpage\",\"url\":\"https:\/\/conceptbbm.com\/fr\/produit\/presentoir-de-comptoir-en-carton-7470k-desinfectant-pour-les-mains-covid-19\/\",\"name\":\"#7470K - Pr\u00e9sentoir de plancher en carton - D\u00e9sinfectant pour les mains COVID-19 | Concept BBM\",\"isPartOf\":{\"@id\":\"https:\/\/conceptbbm.com\/#website\"},\"primaryImageOfPage\":{\"@id\":\"https:\/\/conceptbbm.com\/fr\/produit\/presentoir-de-comptoir-en-carton-7470k-desinfectant-pour-les-mains-covid-19\/#primaryimage\"},\"datePublished\":\"2020-12-14T18:17:23+00:00\",\"dateModified\":\"2022-04-07T13:32:57+00:00\",\"description\":\"Covid-19 Pr\u00e9sentoir de plancher pour bouteille de d\u00e9sinfectant pour les mains avec insertion personnalis\u00e9e en coroplast ou carton.\",\"breadcrumb\":{\"@id\":\"https:\/\/conceptbbm.com\/fr\/produit\/presentoir-de-comptoir-en-carton-7470k-desinfectant-pour-les-mains-covid-19\/#breadcrumb\"},\"inLanguage\":\"fr-FR\",\"potentialAction\":[{\"@type\":\"ReadAction\",\"target\":[\"https:\/\/conceptbbm.com\/fr\/produit\/presentoir-de-comptoir-en-carton-7470k-desinfectant-pour-les-mains-covid-19\/\"]}]},{\"@type\":\"BreadcrumbList\",\"@id\":\"https:\/\/conceptbbm.com\/fr\/produit\/presentoir-de-comptoir-en-carton-7470k-desinfectant-pour-les-mains-covid-19\/#breadcrumb\",\"itemListElement\":[{\"@type\":\"ListItem\",\"position\":1,\"name\":\"\",\"item\":\"https:\/\/conceptbbm.com\/fr\/\"},{\"@type\":\"ListItem\",\"position\":2,\"name\":\"Boutique\",\"item\":\"https:\/\/conceptbbm.com\/fr\/boutique\/\"},{\"@type\":\"ListItem\",\"position\":3,\"name\":\"#7470K &#8211; Pr\u00e9sentoir de plancher en carton &#8211; D\u00e9sinfectant pour les mains COVID-19\"}]}]}<\/script>\n<!-- \/ Yoast SEO plugin. -->","yoast_head_json":{"title":"#7470K - Pr\u00e9sentoir de plancher en carton - D\u00e9sinfectant pour les mains COVID-19 | Concept BBM","description":"Covid-19 Pr\u00e9sentoir de plancher pour bouteille de d\u00e9sinfectant pour les mains avec insertion personnalis\u00e9e en coroplast ou carton.","robots":{"index":"index","follow":"follow","max-snippet":"max-snippet:-1","max-image-preview":"max-image-preview:large","max-video-preview":"max-video-preview:-1"},"canonical":"https:\/\/conceptbbm.com\/fr\/produit\/presentoir-de-comptoir-en-carton-7470k-desinfectant-pour-les-mains-covid-19\/","og_locale":"fr_FR","og_type":"article","og_title":"#7470K - Pr\u00e9sentoir de plancher en carton - D\u00e9sinfectant pour les mains COVID-19 | Concept BBM","og_description":"Covid-19 Pr\u00e9sentoir de plancher pour bouteille de d\u00e9sinfectant pour les mains avec insertion personnalis\u00e9e en coroplast ou carton.","og_url":"https:\/\/conceptbbm.com\/fr\/produit\/presentoir-de-comptoir-en-carton-7470k-desinfectant-pour-les-mains-covid-19\/","og_site_name":"Concept BBM","article_modified_time":"2022-04-07T13:32:57+00:00","og_image":[{"width":803,"height":803,"url":"https:\/\/conceptbbm.com\/wp-content\/uploads\/2020\/12\/74701K-3D-WITH-DESIGN-01.jpg","type":"image\/jpeg"}],"twitter_card":"summary_large_image","schema":{"@context":"https:\/\/schema.org","@graph":[{"@type":"Organization","@id":"https:\/\/conceptbbm.com\/#organization","name":"Concept BBM","url":"https:\/\/conceptbbm.com\/","sameAs":[],"logo":{"@type":"ImageObject","inLanguage":"fr-FR","@id":"https:\/\/conceptbbm.com\/#\/schema\/logo\/image\/","url":"https:\/\/conceptbbm.com\/wp-content\/uploads\/2019\/02\/logo-conceptbbm.png","contentUrl":"https:\/\/conceptbbm.com\/wp-content\/uploads\/2019\/02\/logo-conceptbbm.png","width":150,"height":150,"caption":"Concept BBM"},"image":{"@id":"https:\/\/conceptbbm.com\/#\/schema\/logo\/image\/"}},{"@type":"WebSite","@id":"https:\/\/conceptbbm.com\/#website","url":"https:\/\/conceptbbm.com\/","name":"Concept BBM","description":"","publisher":{"@id":"https:\/\/conceptbbm.com\/#organization"},"potentialAction":[{"@type":"SearchAction","target":{"@type":"EntryPoint","urlTemplate":"https:\/\/conceptbbm.com\/?s={search_term_string}"},"query-input":"required name=search_term_string"}],"inLanguage":"fr-FR"},{"@type":"ImageObject","inLanguage":"fr-FR","@id":"https:\/\/conceptbbm.com\/fr\/produit\/presentoir-de-comptoir-en-carton-7470k-desinfectant-pour-les-mains-covid-19\/#primaryimage","url":"https:\/\/conceptbbm.com\/wp-content\/uploads\/2020\/12\/74701K-3D-WITH-DESIGN-01.jpg","contentUrl":"https:\/\/conceptbbm.com\/wp-content\/uploads\/2020\/12\/74701K-3D-WITH-DESIGN-01.jpg","width":803,"height":803,"caption":"Pr\u00e9sentoir de plancher personnalis\u00e9 en carton avec insertion en coroplast pour bouteille de d\u00e9sinfectant pour les mains - 3d"},{"@type":"WebPage","@id":"https:\/\/conceptbbm.com\/fr\/produit\/presentoir-de-comptoir-en-carton-7470k-desinfectant-pour-les-mains-covid-19\/#webpage","url":"https:\/\/conceptbbm.com\/fr\/produit\/presentoir-de-comptoir-en-carton-7470k-desinfectant-pour-les-mains-covid-19\/","name":"#7470K - Pr\u00e9sentoir de plancher en carton - D\u00e9sinfectant pour les mains COVID-19 | Concept BBM","isPartOf":{"@id":"https:\/\/conceptbbm.com\/#website"},"primaryImageOfPage":{"@id":"https:\/\/conceptbbm.com\/fr\/produit\/presentoir-de-comptoir-en-carton-7470k-desinfectant-pour-les-mains-covid-19\/#primaryimage"},"datePublished":"2020-12-14T18:17:23+00:00","dateModified":"2022-04-07T13:32:57+00:00","description":"Covid-19 Pr\u00e9sentoir de plancher pour bouteille de d\u00e9sinfectant pour les mains avec insertion personnalis\u00e9e en coroplast ou carton.","breadcrumb":{"@id":"https:\/\/conceptbbm.com\/fr\/produit\/presentoir-de-comptoir-en-carton-7470k-desinfectant-pour-les-mains-covid-19\/#breadcrumb"},"inLanguage":"fr-FR","potentialAction":[{"@type":"ReadAction","target":["https:\/\/conceptbbm.com\/fr\/produit\/presentoir-de-comptoir-en-carton-7470k-desinfectant-pour-les-mains-covid-19\/"]}]},{"@type":"BreadcrumbList","@id":"https:\/\/conceptbbm.com\/fr\/produit\/presentoir-de-comptoir-en-carton-7470k-desinfectant-pour-les-mains-covid-19\/#breadcrumb","itemListElement":[{"@type":"ListItem","position":1,"name":"","item":"https:\/\/conceptbbm.com\/fr\/"},{"@type":"ListItem","position":2,"name":"Boutique","item":"https:\/\/conceptbbm.com\/fr\/boutique\/"},{"@type":"ListItem","position":3,"name":"#7470K &#8211; Pr\u00e9sentoir de plancher en carton &#8211; D\u00e9sinfectant pour les mains COVID-19"}]}]}},"_links":{"self":[{"href":"https:\/\/conceptbbm.com\/fr\/wp-json\/wp\/v2\/product\/8717"}],"collection":[{"href":"https:\/\/conceptbbm.com\/fr\/wp-json\/wp\/v2\/product"}],"about":[{"href":"https:\/\/conceptbbm.com\/fr\/wp-json\/wp\/v2\/types\/product"}],"wp:featuredmedia":[{"embeddable":true,"href":"https:\/\/conceptbbm.com\/fr\/wp-json\/wp\/v2\/media\/8735"}],"wp:attachment":[{"href":"https:\/\/conceptbbm.com\/fr\/wp-json\/wp\/v2\/media?parent=8717"}],"wp:term":[{"taxonomy":"product_cat","embeddable":true,"href":"https:\/\/conceptbbm.com\/fr\/wp-json\/wp\/v2\/product_cat?post=8717"},{"taxonomy":"product_tag","embeddable":true,"href":"https:\/\/conceptbbm.com\/fr\/wp-json\/wp\/v2\/product_tag?post=8717"}],"curies":[{"name":"wp","href":"https:\/\/api.w.org\/{rel}","templated":true}]}}