{"id":8974,"date":"2021-03-25T14:32:09","date_gmt":"2021-03-25T18:32:09","guid":{"rendered":"https:\/\/conceptbbm.com\/?post_type=product&#038;p=8974"},"modified":"2022-08-09T09:44:43","modified_gmt":"2022-08-09T13:44:43","slug":"presentoir-de-plancher-en-carton-7029","status":"publish","type":"product","link":"https:\/\/conceptbbm.com\/fr\/produit\/presentoir-de-plancher-en-carton-7029\/","title":{"rendered":"#7029 &#8211; Pr\u00e9sentoir de plancher en carton"},"content":{"rendered":"","protected":false},"excerpt":{"rendered":"<p>Pr\u00e9sentoir de plancher en angle avec 4 tablettes \/ 4 \u00e9tages, plac\u00e9 sur une base. Pour jouets, produits cosm\u00e9tiques, aliments et autres.<\/p>\n","protected":false},"featured_media":8976,"template":"","meta":{"_monsterinsights_skip_tracking":false,"_monsterinsights_sitenote_active":false,"_monsterinsights_sitenote_note":"","_monsterinsights_sitenote_category":0},"product_cat":[182,178],"product_tag":[1623,1620,1622,1624,1621,443,637,636,358,239,341,380,227,238,270,337,653,654,553,525,820,231,225,264,230,684,854,822,656,865,274,1625,236,272,307],"yoast_head":"<!-- This site is optimized with the Yoast SEO plugin v18.9 - https:\/\/yoast.com\/wordpress\/plugins\/seo\/ -->\n<title>#7029 - Pr\u00e9sentoir de plancher en carton | Concept BBM<\/title>\n<meta name=\"description\" content=\"100% local. Pr\u00e9sentoir de carton en angle avec tablettes et base. Pour magasins \u00e0 rayons, grandes surfaces et plus.\" \/>\n<meta name=\"robots\" content=\"index, follow, max-snippet:-1, max-image-preview:large, max-video-preview:-1\" \/>\n<link rel=\"canonical\" href=\"https:\/\/conceptbbm.com\/fr\/produit\/presentoir-de-plancher-en-carton-7029\/\" \/>\n<meta property=\"og:locale\" content=\"fr_FR\" \/>\n<meta property=\"og:type\" content=\"article\" \/>\n<meta property=\"og:title\" content=\"#7029 - Pr\u00e9sentoir de plancher en carton | Concept BBM\" \/>\n<meta property=\"og:description\" content=\"100% local. Pr\u00e9sentoir de carton en angle avec tablettes et base. Pour magasins \u00e0 rayons, grandes surfaces et plus.\" \/>\n<meta property=\"og:url\" content=\"https:\/\/conceptbbm.com\/fr\/produit\/presentoir-de-plancher-en-carton-7029\/\" \/>\n<meta property=\"og:site_name\" content=\"Concept BBM\" \/>\n<meta property=\"article:modified_time\" content=\"2022-08-09T13:44:43+00:00\" \/>\n<meta property=\"og:image\" content=\"https:\/\/conceptbbm.com\/wp-content\/uploads\/2021\/03\/7029-3D-01-e1639518004261.jpg\" \/>\n\t<meta property=\"og:image:width\" content=\"1400\" \/>\n\t<meta property=\"og:image:height\" content=\"1400\" \/>\n\t<meta property=\"og:image:type\" content=\"image\/jpeg\" \/>\n<meta name=\"twitter:card\" content=\"summary_large_image\" \/>\n<script type=\"application\/ld+json\" class=\"yoast-schema-graph\">{\"@context\":\"https:\/\/schema.org\",\"@graph\":[{\"@type\":\"Organization\",\"@id\":\"https:\/\/conceptbbm.com\/#organization\",\"name\":\"Concept BBM\",\"url\":\"https:\/\/conceptbbm.com\/\",\"sameAs\":[],\"logo\":{\"@type\":\"ImageObject\",\"inLanguage\":\"fr-FR\",\"@id\":\"https:\/\/conceptbbm.com\/#\/schema\/logo\/image\/\",\"url\":\"https:\/\/conceptbbm.com\/wp-content\/uploads\/2019\/02\/logo-conceptbbm.png\",\"contentUrl\":\"https:\/\/conceptbbm.com\/wp-content\/uploads\/2019\/02\/logo-conceptbbm.png\",\"width\":150,\"height\":150,\"caption\":\"Concept BBM\"},\"image\":{\"@id\":\"https:\/\/conceptbbm.com\/#\/schema\/logo\/image\/\"}},{\"@type\":\"WebSite\",\"@id\":\"https:\/\/conceptbbm.com\/#website\",\"url\":\"https:\/\/conceptbbm.com\/\",\"name\":\"Concept BBM\",\"description\":\"\",\"publisher\":{\"@id\":\"https:\/\/conceptbbm.com\/#organization\"},\"potentialAction\":[{\"@type\":\"SearchAction\",\"target\":{\"@type\":\"EntryPoint\",\"urlTemplate\":\"https:\/\/conceptbbm.com\/?s={search_term_string}\"},\"query-input\":\"required name=search_term_string\"}],\"inLanguage\":\"fr-FR\"},{\"@type\":\"ImageObject\",\"inLanguage\":\"fr-FR\",\"@id\":\"https:\/\/conceptbbm.com\/fr\/produit\/presentoir-de-plancher-en-carton-7029\/#primaryimage\",\"url\":\"https:\/\/conceptbbm.com\/wp-content\/uploads\/2021\/03\/7029-3D-01-e1639518004261.jpg\",\"contentUrl\":\"https:\/\/conceptbbm.com\/wp-content\/uploads\/2021\/03\/7029-3D-01-e1639518004261.jpg\",\"width\":1400,\"height\":1400,\"caption\":\"Pr\u00e9sentoir de plancher en angle avec 4 tablettes, plac\u00e9 sur une base - 3d\"},{\"@type\":\"WebPage\",\"@id\":\"https:\/\/conceptbbm.com\/fr\/produit\/presentoir-de-plancher-en-carton-7029\/#webpage\",\"url\":\"https:\/\/conceptbbm.com\/fr\/produit\/presentoir-de-plancher-en-carton-7029\/\",\"name\":\"#7029 - Pr\u00e9sentoir de plancher en carton | Concept BBM\",\"isPartOf\":{\"@id\":\"https:\/\/conceptbbm.com\/#website\"},\"primaryImageOfPage\":{\"@id\":\"https:\/\/conceptbbm.com\/fr\/produit\/presentoir-de-plancher-en-carton-7029\/#primaryimage\"},\"datePublished\":\"2021-03-25T18:32:09+00:00\",\"dateModified\":\"2022-08-09T13:44:43+00:00\",\"description\":\"100% local. Pr\u00e9sentoir de carton en angle avec tablettes et base. Pour magasins \u00e0 rayons, grandes surfaces et plus.\",\"breadcrumb\":{\"@id\":\"https:\/\/conceptbbm.com\/fr\/produit\/presentoir-de-plancher-en-carton-7029\/#breadcrumb\"},\"inLanguage\":\"fr-FR\",\"potentialAction\":[{\"@type\":\"ReadAction\",\"target\":[\"https:\/\/conceptbbm.com\/fr\/produit\/presentoir-de-plancher-en-carton-7029\/\"]}]},{\"@type\":\"BreadcrumbList\",\"@id\":\"https:\/\/conceptbbm.com\/fr\/produit\/presentoir-de-plancher-en-carton-7029\/#breadcrumb\",\"itemListElement\":[{\"@type\":\"ListItem\",\"position\":1,\"name\":\"\",\"item\":\"https:\/\/conceptbbm.com\/fr\/\"},{\"@type\":\"ListItem\",\"position\":2,\"name\":\"Boutique\",\"item\":\"https:\/\/conceptbbm.com\/fr\/boutique\/\"},{\"@type\":\"ListItem\",\"position\":3,\"name\":\"#7029 &#8211; Pr\u00e9sentoir de plancher en carton\"}]}]}<\/script>\n<!-- \/ Yoast SEO plugin. -->","yoast_head_json":{"title":"#7029 - Pr\u00e9sentoir de plancher en carton | Concept BBM","description":"100% local. Pr\u00e9sentoir de carton en angle avec tablettes et base. Pour magasins \u00e0 rayons, grandes surfaces et plus.","robots":{"index":"index","follow":"follow","max-snippet":"max-snippet:-1","max-image-preview":"max-image-preview:large","max-video-preview":"max-video-preview:-1"},"canonical":"https:\/\/conceptbbm.com\/fr\/produit\/presentoir-de-plancher-en-carton-7029\/","og_locale":"fr_FR","og_type":"article","og_title":"#7029 - Pr\u00e9sentoir de plancher en carton | Concept BBM","og_description":"100% local. Pr\u00e9sentoir de carton en angle avec tablettes et base. Pour magasins \u00e0 rayons, grandes surfaces et plus.","og_url":"https:\/\/conceptbbm.com\/fr\/produit\/presentoir-de-plancher-en-carton-7029\/","og_site_name":"Concept BBM","article_modified_time":"2022-08-09T13:44:43+00:00","og_image":[{"width":1400,"height":1400,"url":"https:\/\/conceptbbm.com\/wp-content\/uploads\/2021\/03\/7029-3D-01-e1639518004261.jpg","type":"image\/jpeg"}],"twitter_card":"summary_large_image","schema":{"@context":"https:\/\/schema.org","@graph":[{"@type":"Organization","@id":"https:\/\/conceptbbm.com\/#organization","name":"Concept BBM","url":"https:\/\/conceptbbm.com\/","sameAs":[],"logo":{"@type":"ImageObject","inLanguage":"fr-FR","@id":"https:\/\/conceptbbm.com\/#\/schema\/logo\/image\/","url":"https:\/\/conceptbbm.com\/wp-content\/uploads\/2019\/02\/logo-conceptbbm.png","contentUrl":"https:\/\/conceptbbm.com\/wp-content\/uploads\/2019\/02\/logo-conceptbbm.png","width":150,"height":150,"caption":"Concept BBM"},"image":{"@id":"https:\/\/conceptbbm.com\/#\/schema\/logo\/image\/"}},{"@type":"WebSite","@id":"https:\/\/conceptbbm.com\/#website","url":"https:\/\/conceptbbm.com\/","name":"Concept BBM","description":"","publisher":{"@id":"https:\/\/conceptbbm.com\/#organization"},"potentialAction":[{"@type":"SearchAction","target":{"@type":"EntryPoint","urlTemplate":"https:\/\/conceptbbm.com\/?s={search_term_string}"},"query-input":"required name=search_term_string"}],"inLanguage":"fr-FR"},{"@type":"ImageObject","inLanguage":"fr-FR","@id":"https:\/\/conceptbbm.com\/fr\/produit\/presentoir-de-plancher-en-carton-7029\/#primaryimage","url":"https:\/\/conceptbbm.com\/wp-content\/uploads\/2021\/03\/7029-3D-01-e1639518004261.jpg","contentUrl":"https:\/\/conceptbbm.com\/wp-content\/uploads\/2021\/03\/7029-3D-01-e1639518004261.jpg","width":1400,"height":1400,"caption":"Pr\u00e9sentoir de plancher en angle avec 4 tablettes, plac\u00e9 sur une base - 3d"},{"@type":"WebPage","@id":"https:\/\/conceptbbm.com\/fr\/produit\/presentoir-de-plancher-en-carton-7029\/#webpage","url":"https:\/\/conceptbbm.com\/fr\/produit\/presentoir-de-plancher-en-carton-7029\/","name":"#7029 - Pr\u00e9sentoir de plancher en carton | Concept BBM","isPartOf":{"@id":"https:\/\/conceptbbm.com\/#website"},"primaryImageOfPage":{"@id":"https:\/\/conceptbbm.com\/fr\/produit\/presentoir-de-plancher-en-carton-7029\/#primaryimage"},"datePublished":"2021-03-25T18:32:09+00:00","dateModified":"2022-08-09T13:44:43+00:00","description":"100% local. Pr\u00e9sentoir de carton en angle avec tablettes et base. Pour magasins \u00e0 rayons, grandes surfaces et plus.","breadcrumb":{"@id":"https:\/\/conceptbbm.com\/fr\/produit\/presentoir-de-plancher-en-carton-7029\/#breadcrumb"},"inLanguage":"fr-FR","potentialAction":[{"@type":"ReadAction","target":["https:\/\/conceptbbm.com\/fr\/produit\/presentoir-de-plancher-en-carton-7029\/"]}]},{"@type":"BreadcrumbList","@id":"https:\/\/conceptbbm.com\/fr\/produit\/presentoir-de-plancher-en-carton-7029\/#breadcrumb","itemListElement":[{"@type":"ListItem","position":1,"name":"","item":"https:\/\/conceptbbm.com\/fr\/"},{"@type":"ListItem","position":2,"name":"Boutique","item":"https:\/\/conceptbbm.com\/fr\/boutique\/"},{"@type":"ListItem","position":3,"name":"#7029 &#8211; Pr\u00e9sentoir de plancher en carton"}]}]}},"_links":{"self":[{"href":"https:\/\/conceptbbm.com\/fr\/wp-json\/wp\/v2\/product\/8974"}],"collection":[{"href":"https:\/\/conceptbbm.com\/fr\/wp-json\/wp\/v2\/product"}],"about":[{"href":"https:\/\/conceptbbm.com\/fr\/wp-json\/wp\/v2\/types\/product"}],"wp:featuredmedia":[{"embeddable":true,"href":"https:\/\/conceptbbm.com\/fr\/wp-json\/wp\/v2\/media\/8976"}],"wp:attachment":[{"href":"https:\/\/conceptbbm.com\/fr\/wp-json\/wp\/v2\/media?parent=8974"}],"wp:term":[{"taxonomy":"product_cat","embeddable":true,"href":"https:\/\/conceptbbm.com\/fr\/wp-json\/wp\/v2\/product_cat?post=8974"},{"taxonomy":"product_tag","embeddable":true,"href":"https:\/\/conceptbbm.com\/fr\/wp-json\/wp\/v2\/product_tag?post=8974"}],"curies":[{"name":"wp","href":"https:\/\/api.w.org\/{rel}","templated":true}]}}