{"id":9593,"date":"2021-08-25T09:30:06","date_gmt":"2021-08-25T13:30:06","guid":{"rendered":"https:\/\/conceptbbm.com\/?post_type=product&#038;p=9593"},"modified":"2023-08-21T10:46:13","modified_gmt":"2023-08-21T14:46:13","slug":"7515-presentoir-de-plancher-en-carton","status":"publish","type":"product","link":"https:\/\/conceptbbm.com\/fr\/produit\/7515-presentoir-de-plancher-en-carton\/","title":{"rendered":"#7515 &#8211; Pr\u00e9sentoir de plancher en carton"},"content":{"rendered":"","protected":false},"excerpt":{"rendered":"<p>Pr\u00e9sentoir de carton \u00e0 4 \u00e9tages avec en-t\u00eate et 4 tablettes, plac\u00e9 sur une base en angle. Pour bouteilles d&rsquo;\u00e9pices, produits pharmaceutiques, jouets, accessoires et plus.<\/p>\n","protected":false},"featured_media":9595,"template":"","meta":{"_monsterinsights_skip_tracking":false,"_monsterinsights_sitenote_active":false,"_monsterinsights_sitenote_note":"","_monsterinsights_sitenote_category":0},"product_cat":[182,178],"product_tag":[1620,1623,1622,1624,1621,546,388,443,368,651,239,341,392,463,227,974,238,559,1226,660,270,1292,1245,1278,337,954,347,1225,346,526,521,1224,231,1228,225,230,264,1246,1223,684,656,1229,871,975,1227,685,274,1625,1241,1291,348,457,272,307],"yoast_head":"<!-- This site is optimized with the Yoast SEO plugin v18.9 - https:\/\/yoast.com\/wordpress\/plugins\/seo\/ -->\n<title>#7515 - Pr\u00e9sentoir de plancher en carton | Concept BBM<\/title>\n<meta name=\"description\" content=\"Pr\u00e9sentoir de plancher en carton avec 4 tablettes et en-t\u00eate, d\u00e9pos\u00e9 sur une base en angle. Carton ondul\u00e9. Pour magasins grande surface et vente au d\u00e9tail.\" \/>\n<meta name=\"robots\" content=\"index, follow, max-snippet:-1, max-image-preview:large, max-video-preview:-1\" \/>\n<link rel=\"canonical\" href=\"https:\/\/conceptbbm.com\/product\/7515-cardboard-floor-display\/\" \/>\n<meta property=\"og:locale\" content=\"fr_FR\" \/>\n<meta property=\"og:type\" content=\"article\" \/>\n<meta property=\"og:title\" content=\"#7515 - Pr\u00e9sentoir de plancher en carton | Concept BBM\" \/>\n<meta property=\"og:description\" content=\"Pr\u00e9sentoir de plancher en carton avec 4 tablettes et en-t\u00eate, d\u00e9pos\u00e9 sur une base en angle. Carton ondul\u00e9. Pour magasins grande surface et vente au d\u00e9tail.\" \/>\n<meta property=\"og:url\" content=\"https:\/\/conceptbbm.com\/product\/7515-cardboard-floor-display\/\" \/>\n<meta property=\"og:site_name\" content=\"Concept BBM\" \/>\n<meta property=\"article:modified_time\" content=\"2023-08-21T14:46:13+00:00\" \/>\n<meta property=\"og:image\" content=\"https:\/\/conceptbbm.com\/wp-content\/uploads\/2021\/08\/7515K-3D-01-e1639516915315.jpg\" \/>\n\t<meta property=\"og:image:width\" content=\"1400\" \/>\n\t<meta property=\"og:image:height\" content=\"1400\" \/>\n\t<meta property=\"og:image:type\" content=\"image\/jpeg\" \/>\n<meta name=\"twitter:card\" content=\"summary_large_image\" \/>\n<script type=\"application\/ld+json\" class=\"yoast-schema-graph\">{\"@context\":\"https:\/\/schema.org\",\"@graph\":[{\"@type\":\"Organization\",\"@id\":\"https:\/\/conceptbbm.com\/#organization\",\"name\":\"Concept BBM\",\"url\":\"https:\/\/conceptbbm.com\/\",\"sameAs\":[],\"logo\":{\"@type\":\"ImageObject\",\"inLanguage\":\"fr-FR\",\"@id\":\"https:\/\/conceptbbm.com\/#\/schema\/logo\/image\/\",\"url\":\"https:\/\/conceptbbm.com\/wp-content\/uploads\/2019\/02\/logo-conceptbbm.png\",\"contentUrl\":\"https:\/\/conceptbbm.com\/wp-content\/uploads\/2019\/02\/logo-conceptbbm.png\",\"width\":150,\"height\":150,\"caption\":\"Concept BBM\"},\"image\":{\"@id\":\"https:\/\/conceptbbm.com\/#\/schema\/logo\/image\/\"}},{\"@type\":\"WebSite\",\"@id\":\"https:\/\/conceptbbm.com\/#website\",\"url\":\"https:\/\/conceptbbm.com\/\",\"name\":\"Concept BBM\",\"description\":\"\",\"publisher\":{\"@id\":\"https:\/\/conceptbbm.com\/#organization\"},\"potentialAction\":[{\"@type\":\"SearchAction\",\"target\":{\"@type\":\"EntryPoint\",\"urlTemplate\":\"https:\/\/conceptbbm.com\/?s={search_term_string}\"},\"query-input\":\"required name=search_term_string\"}],\"inLanguage\":\"fr-FR\"},{\"@type\":\"ImageObject\",\"inLanguage\":\"fr-FR\",\"@id\":\"https:\/\/conceptbbm.com\/product\/7515-cardboard-floor-display\/#primaryimage\",\"url\":\"https:\/\/conceptbbm.com\/wp-content\/uploads\/2021\/08\/7515K-3D-01-e1639516915315.jpg\",\"contentUrl\":\"https:\/\/conceptbbm.com\/wp-content\/uploads\/2021\/08\/7515K-3D-01-e1639516915315.jpg\",\"width\":1400,\"height\":1400,\"caption\":\"Pr\u00e9sentoir de carton avec en-t\u00eate et 4 tablettes, plac\u00e9 sur une base en angle - 3d\"},{\"@type\":\"WebPage\",\"@id\":\"https:\/\/conceptbbm.com\/product\/7515-cardboard-floor-display\/#webpage\",\"url\":\"https:\/\/conceptbbm.com\/product\/7515-cardboard-floor-display\/\",\"name\":\"#7515 - Pr\u00e9sentoir de plancher en carton | Concept BBM\",\"isPartOf\":{\"@id\":\"https:\/\/conceptbbm.com\/#website\"},\"primaryImageOfPage\":{\"@id\":\"https:\/\/conceptbbm.com\/product\/7515-cardboard-floor-display\/#primaryimage\"},\"datePublished\":\"2021-08-25T13:30:06+00:00\",\"dateModified\":\"2023-08-21T14:46:13+00:00\",\"description\":\"Pr\u00e9sentoir de plancher en carton avec 4 tablettes et en-t\u00eate, d\u00e9pos\u00e9 sur une base en angle. Carton ondul\u00e9. Pour magasins grande surface et vente au d\u00e9tail.\",\"breadcrumb\":{\"@id\":\"https:\/\/conceptbbm.com\/product\/7515-cardboard-floor-display\/#breadcrumb\"},\"inLanguage\":\"fr-FR\",\"potentialAction\":[{\"@type\":\"ReadAction\",\"target\":[\"https:\/\/conceptbbm.com\/product\/7515-cardboard-floor-display\/\"]}]},{\"@type\":\"BreadcrumbList\",\"@id\":\"https:\/\/conceptbbm.com\/product\/7515-cardboard-floor-display\/#breadcrumb\",\"itemListElement\":[{\"@type\":\"ListItem\",\"position\":1,\"name\":\"\",\"item\":\"https:\/\/conceptbbm.com\/fr\/\"},{\"@type\":\"ListItem\",\"position\":2,\"name\":\"Boutique\",\"item\":\"https:\/\/conceptbbm.com\/fr\/boutique\/\"},{\"@type\":\"ListItem\",\"position\":3,\"name\":\"#7515 &#8211; Pr\u00e9sentoir de plancher en carton\"}]}]}<\/script>\n<!-- \/ Yoast SEO plugin. -->","yoast_head_json":{"title":"#7515 - Pr\u00e9sentoir de plancher en carton | Concept BBM","description":"Pr\u00e9sentoir de plancher en carton avec 4 tablettes et en-t\u00eate, d\u00e9pos\u00e9 sur une base en angle. Carton ondul\u00e9. Pour magasins grande surface et vente au d\u00e9tail.","robots":{"index":"index","follow":"follow","max-snippet":"max-snippet:-1","max-image-preview":"max-image-preview:large","max-video-preview":"max-video-preview:-1"},"canonical":"https:\/\/conceptbbm.com\/product\/7515-cardboard-floor-display\/","og_locale":"fr_FR","og_type":"article","og_title":"#7515 - Pr\u00e9sentoir de plancher en carton | Concept BBM","og_description":"Pr\u00e9sentoir de plancher en carton avec 4 tablettes et en-t\u00eate, d\u00e9pos\u00e9 sur une base en angle. Carton ondul\u00e9. Pour magasins grande surface et vente au d\u00e9tail.","og_url":"https:\/\/conceptbbm.com\/product\/7515-cardboard-floor-display\/","og_site_name":"Concept BBM","article_modified_time":"2023-08-21T14:46:13+00:00","og_image":[{"width":1400,"height":1400,"url":"https:\/\/conceptbbm.com\/wp-content\/uploads\/2021\/08\/7515K-3D-01-e1639516915315.jpg","type":"image\/jpeg"}],"twitter_card":"summary_large_image","schema":{"@context":"https:\/\/schema.org","@graph":[{"@type":"Organization","@id":"https:\/\/conceptbbm.com\/#organization","name":"Concept BBM","url":"https:\/\/conceptbbm.com\/","sameAs":[],"logo":{"@type":"ImageObject","inLanguage":"fr-FR","@id":"https:\/\/conceptbbm.com\/#\/schema\/logo\/image\/","url":"https:\/\/conceptbbm.com\/wp-content\/uploads\/2019\/02\/logo-conceptbbm.png","contentUrl":"https:\/\/conceptbbm.com\/wp-content\/uploads\/2019\/02\/logo-conceptbbm.png","width":150,"height":150,"caption":"Concept BBM"},"image":{"@id":"https:\/\/conceptbbm.com\/#\/schema\/logo\/image\/"}},{"@type":"WebSite","@id":"https:\/\/conceptbbm.com\/#website","url":"https:\/\/conceptbbm.com\/","name":"Concept BBM","description":"","publisher":{"@id":"https:\/\/conceptbbm.com\/#organization"},"potentialAction":[{"@type":"SearchAction","target":{"@type":"EntryPoint","urlTemplate":"https:\/\/conceptbbm.com\/?s={search_term_string}"},"query-input":"required name=search_term_string"}],"inLanguage":"fr-FR"},{"@type":"ImageObject","inLanguage":"fr-FR","@id":"https:\/\/conceptbbm.com\/product\/7515-cardboard-floor-display\/#primaryimage","url":"https:\/\/conceptbbm.com\/wp-content\/uploads\/2021\/08\/7515K-3D-01-e1639516915315.jpg","contentUrl":"https:\/\/conceptbbm.com\/wp-content\/uploads\/2021\/08\/7515K-3D-01-e1639516915315.jpg","width":1400,"height":1400,"caption":"Pr\u00e9sentoir de carton avec en-t\u00eate et 4 tablettes, plac\u00e9 sur une base en angle - 3d"},{"@type":"WebPage","@id":"https:\/\/conceptbbm.com\/product\/7515-cardboard-floor-display\/#webpage","url":"https:\/\/conceptbbm.com\/product\/7515-cardboard-floor-display\/","name":"#7515 - Pr\u00e9sentoir de plancher en carton | Concept BBM","isPartOf":{"@id":"https:\/\/conceptbbm.com\/#website"},"primaryImageOfPage":{"@id":"https:\/\/conceptbbm.com\/product\/7515-cardboard-floor-display\/#primaryimage"},"datePublished":"2021-08-25T13:30:06+00:00","dateModified":"2023-08-21T14:46:13+00:00","description":"Pr\u00e9sentoir de plancher en carton avec 4 tablettes et en-t\u00eate, d\u00e9pos\u00e9 sur une base en angle. Carton ondul\u00e9. Pour magasins grande surface et vente au d\u00e9tail.","breadcrumb":{"@id":"https:\/\/conceptbbm.com\/product\/7515-cardboard-floor-display\/#breadcrumb"},"inLanguage":"fr-FR","potentialAction":[{"@type":"ReadAction","target":["https:\/\/conceptbbm.com\/product\/7515-cardboard-floor-display\/"]}]},{"@type":"BreadcrumbList","@id":"https:\/\/conceptbbm.com\/product\/7515-cardboard-floor-display\/#breadcrumb","itemListElement":[{"@type":"ListItem","position":1,"name":"","item":"https:\/\/conceptbbm.com\/fr\/"},{"@type":"ListItem","position":2,"name":"Boutique","item":"https:\/\/conceptbbm.com\/fr\/boutique\/"},{"@type":"ListItem","position":3,"name":"#7515 &#8211; Pr\u00e9sentoir de plancher en carton"}]}]}},"_links":{"self":[{"href":"https:\/\/conceptbbm.com\/fr\/wp-json\/wp\/v2\/product\/9593"}],"collection":[{"href":"https:\/\/conceptbbm.com\/fr\/wp-json\/wp\/v2\/product"}],"about":[{"href":"https:\/\/conceptbbm.com\/fr\/wp-json\/wp\/v2\/types\/product"}],"wp:featuredmedia":[{"embeddable":true,"href":"https:\/\/conceptbbm.com\/fr\/wp-json\/wp\/v2\/media\/9595"}],"wp:attachment":[{"href":"https:\/\/conceptbbm.com\/fr\/wp-json\/wp\/v2\/media?parent=9593"}],"wp:term":[{"taxonomy":"product_cat","embeddable":true,"href":"https:\/\/conceptbbm.com\/fr\/wp-json\/wp\/v2\/product_cat?post=9593"},{"taxonomy":"product_tag","embeddable":true,"href":"https:\/\/conceptbbm.com\/fr\/wp-json\/wp\/v2\/product_tag?post=9593"}],"curies":[{"name":"wp","href":"https:\/\/api.w.org\/{rel}","templated":true}]}}