{"id":9615,"date":"2021-09-03T14:04:35","date_gmt":"2021-09-03T18:04:36","guid":{"rendered":"https:\/\/conceptbbm.com\/?post_type=product&#038;p=9615"},"modified":"2022-07-08T09:32:51","modified_gmt":"2022-07-08T13:32:51","slug":"7349-palette-ecouteurs","status":"publish","type":"product","link":"https:\/\/conceptbbm.com\/fr\/produit\/7349-palette-ecouteurs\/","title":{"rendered":"#7349 &#8211; Palette &#8211; \u00c9couteurs"},"content":{"rendered":"<p>48\u00a0\u00bb x 40\u00a0\u00bb Palette Multim\u00e9dia pour \u00e9couteurs, avec en-t\u00eate et pr\u00e9sentoirs pour cartes de bon. Un d\u00e9monstrateur est plac\u00e9 au centre, prot\u00e9g\u00e9 par une coquille de plastique faite sur mesure.<\/p>\n<p>&nbsp;<\/p>\n<pre>(Palette standard, pour palette Costco, palette Walmart\r\n\r\net autres entrep\u00f4ts)<\/pre>\n","protected":false},"excerpt":{"rendered":"<p>Palette multim\u00e9dia avec en-t\u00eate et pr\u00e9sentoirs pour cartes de bon. Un d\u00e9monstrateur est plac\u00e9 au centre, prot\u00e9g\u00e9 par une coquille de plastique faite sur mesure. Pour \u00e9couteurs, tablettes multim\u00e9dia et plus.<\/p>\n<p>&nbsp;<\/p>\n<pre>(Palette standard, pour palette Costco, palette Walmart\r\n\r\net autres entrep\u00f4ts)<\/pre>\n","protected":false},"featured_media":9617,"template":"","meta":{"_monsterinsights_skip_tracking":false,"_monsterinsights_sitenote_active":false,"_monsterinsights_sitenote_note":"","_monsterinsights_sitenote_category":0},"product_cat":[179],"product_tag":[499,889,338,1499,1497,289,886,268,227,1502,550,287,1083,270,1500,296,1285,1286,1287,589,888,658,1504,1084,208,1503,659,1288,1505,1506,497,290,1498,1088,1493,893,1089,1087,1495,1086,1501,1494,1496,285,288,284,231,264,230,225,887,211,294,498,293,275,1091,661,1507],"yoast_head":"<!-- This site is optimized with the Yoast SEO plugin v18.9 - https:\/\/yoast.com\/wordpress\/plugins\/seo\/ -->\n<title>#7349 - Palette - \u00c9couteurs | Concept BBM<\/title>\n<meta name=\"description\" content=\"48&#039;&#039; x 40&#039;&#039; Palette Multim\u00e9dia pour \u00e9couteurs, avec en-t\u00eate et cartes de bon. D\u00e9monstrateur au centre, prot\u00e9g\u00e9 par une coquille de plastique sur mesure.\" \/>\n<meta name=\"robots\" content=\"index, follow, max-snippet:-1, max-image-preview:large, max-video-preview:-1\" \/>\n<link rel=\"canonical\" href=\"https:\/\/conceptbbm.com\/fr\/produit\/7349-palette-ecouteurs\/\" \/>\n<meta property=\"og:locale\" content=\"fr_FR\" \/>\n<meta property=\"og:type\" content=\"article\" \/>\n<meta property=\"og:title\" content=\"#7349 - Palette - \u00c9couteurs | Concept BBM\" \/>\n<meta property=\"og:description\" content=\"48&#039;&#039; x 40&#039;&#039; Palette Multim\u00e9dia pour \u00e9couteurs, avec en-t\u00eate et cartes de bon. D\u00e9monstrateur au centre, prot\u00e9g\u00e9 par une coquille de plastique sur mesure.\" \/>\n<meta property=\"og:url\" content=\"https:\/\/conceptbbm.com\/fr\/produit\/7349-palette-ecouteurs\/\" \/>\n<meta property=\"og:site_name\" content=\"Concept BBM\" \/>\n<meta property=\"article:modified_time\" content=\"2022-07-08T13:32:51+00:00\" \/>\n<meta property=\"og:image\" content=\"https:\/\/conceptbbm.com\/wp-content\/uploads\/2021\/09\/7349-EABUDS-WATCH-2-e1639516696387.jpg\" \/>\n\t<meta property=\"og:image:width\" content=\"1400\" \/>\n\t<meta property=\"og:image:height\" content=\"1400\" \/>\n\t<meta property=\"og:image:type\" content=\"image\/jpeg\" \/>\n<meta name=\"twitter:card\" content=\"summary_large_image\" \/>\n<script type=\"application\/ld+json\" class=\"yoast-schema-graph\">{\"@context\":\"https:\/\/schema.org\",\"@graph\":[{\"@type\":\"Organization\",\"@id\":\"https:\/\/conceptbbm.com\/#organization\",\"name\":\"Concept BBM\",\"url\":\"https:\/\/conceptbbm.com\/\",\"sameAs\":[],\"logo\":{\"@type\":\"ImageObject\",\"inLanguage\":\"fr-FR\",\"@id\":\"https:\/\/conceptbbm.com\/#\/schema\/logo\/image\/\",\"url\":\"https:\/\/conceptbbm.com\/wp-content\/uploads\/2019\/02\/logo-conceptbbm.png\",\"contentUrl\":\"https:\/\/conceptbbm.com\/wp-content\/uploads\/2019\/02\/logo-conceptbbm.png\",\"width\":150,\"height\":150,\"caption\":\"Concept BBM\"},\"image\":{\"@id\":\"https:\/\/conceptbbm.com\/#\/schema\/logo\/image\/\"}},{\"@type\":\"WebSite\",\"@id\":\"https:\/\/conceptbbm.com\/#website\",\"url\":\"https:\/\/conceptbbm.com\/\",\"name\":\"Concept BBM\",\"description\":\"\",\"publisher\":{\"@id\":\"https:\/\/conceptbbm.com\/#organization\"},\"potentialAction\":[{\"@type\":\"SearchAction\",\"target\":{\"@type\":\"EntryPoint\",\"urlTemplate\":\"https:\/\/conceptbbm.com\/?s={search_term_string}\"},\"query-input\":\"required name=search_term_string\"}],\"inLanguage\":\"fr-FR\"},{\"@type\":\"ImageObject\",\"inLanguage\":\"fr-FR\",\"@id\":\"https:\/\/conceptbbm.com\/fr\/produit\/7349-palette-ecouteurs\/#primaryimage\",\"url\":\"https:\/\/conceptbbm.com\/wp-content\/uploads\/2021\/09\/7349-EABUDS-WATCH-2-e1639516696387.jpg\",\"contentUrl\":\"https:\/\/conceptbbm.com\/wp-content\/uploads\/2021\/09\/7349-EABUDS-WATCH-2-e1639516696387.jpg\",\"width\":1400,\"height\":1400,\"caption\":\"48'' x 40'' Palette Multim\u00e9dia pour \u00e9couteurs, avec en-t\u00eate et pr\u00e9sentoirs pour cartes de bon. Un d\u00e9monstrateur est plac\u00e9 au centre, prot\u00e9g\u00e9 par une coquille de plastique faite sur mesure.\"},{\"@type\":\"WebPage\",\"@id\":\"https:\/\/conceptbbm.com\/fr\/produit\/7349-palette-ecouteurs\/#webpage\",\"url\":\"https:\/\/conceptbbm.com\/fr\/produit\/7349-palette-ecouteurs\/\",\"name\":\"#7349 - Palette - \u00c9couteurs | Concept BBM\",\"isPartOf\":{\"@id\":\"https:\/\/conceptbbm.com\/#website\"},\"primaryImageOfPage\":{\"@id\":\"https:\/\/conceptbbm.com\/fr\/produit\/7349-palette-ecouteurs\/#primaryimage\"},\"datePublished\":\"2021-09-03T18:04:36+00:00\",\"dateModified\":\"2022-07-08T13:32:51+00:00\",\"description\":\"48'' x 40'' Palette Multim\u00e9dia pour \u00e9couteurs, avec en-t\u00eate et cartes de bon. D\u00e9monstrateur au centre, prot\u00e9g\u00e9 par une coquille de plastique sur mesure.\",\"breadcrumb\":{\"@id\":\"https:\/\/conceptbbm.com\/fr\/produit\/7349-palette-ecouteurs\/#breadcrumb\"},\"inLanguage\":\"fr-FR\",\"potentialAction\":[{\"@type\":\"ReadAction\",\"target\":[\"https:\/\/conceptbbm.com\/fr\/produit\/7349-palette-ecouteurs\/\"]}]},{\"@type\":\"BreadcrumbList\",\"@id\":\"https:\/\/conceptbbm.com\/fr\/produit\/7349-palette-ecouteurs\/#breadcrumb\",\"itemListElement\":[{\"@type\":\"ListItem\",\"position\":1,\"name\":\"\",\"item\":\"https:\/\/conceptbbm.com\/fr\/\"},{\"@type\":\"ListItem\",\"position\":2,\"name\":\"Boutique\",\"item\":\"https:\/\/conceptbbm.com\/fr\/boutique\/\"},{\"@type\":\"ListItem\",\"position\":3,\"name\":\"#7349 &#8211; Palette &#8211; \u00c9couteurs\"}]}]}<\/script>\n<!-- \/ Yoast SEO plugin. -->","yoast_head_json":{"title":"#7349 - Palette - \u00c9couteurs | Concept BBM","description":"48'' x 40'' Palette Multim\u00e9dia pour \u00e9couteurs, avec en-t\u00eate et cartes de bon. D\u00e9monstrateur au centre, prot\u00e9g\u00e9 par une coquille de plastique sur mesure.","robots":{"index":"index","follow":"follow","max-snippet":"max-snippet:-1","max-image-preview":"max-image-preview:large","max-video-preview":"max-video-preview:-1"},"canonical":"https:\/\/conceptbbm.com\/fr\/produit\/7349-palette-ecouteurs\/","og_locale":"fr_FR","og_type":"article","og_title":"#7349 - Palette - \u00c9couteurs | Concept BBM","og_description":"48'' x 40'' Palette Multim\u00e9dia pour \u00e9couteurs, avec en-t\u00eate et cartes de bon. D\u00e9monstrateur au centre, prot\u00e9g\u00e9 par une coquille de plastique sur mesure.","og_url":"https:\/\/conceptbbm.com\/fr\/produit\/7349-palette-ecouteurs\/","og_site_name":"Concept BBM","article_modified_time":"2022-07-08T13:32:51+00:00","og_image":[{"width":1400,"height":1400,"url":"https:\/\/conceptbbm.com\/wp-content\/uploads\/2021\/09\/7349-EABUDS-WATCH-2-e1639516696387.jpg","type":"image\/jpeg"}],"twitter_card":"summary_large_image","schema":{"@context":"https:\/\/schema.org","@graph":[{"@type":"Organization","@id":"https:\/\/conceptbbm.com\/#organization","name":"Concept BBM","url":"https:\/\/conceptbbm.com\/","sameAs":[],"logo":{"@type":"ImageObject","inLanguage":"fr-FR","@id":"https:\/\/conceptbbm.com\/#\/schema\/logo\/image\/","url":"https:\/\/conceptbbm.com\/wp-content\/uploads\/2019\/02\/logo-conceptbbm.png","contentUrl":"https:\/\/conceptbbm.com\/wp-content\/uploads\/2019\/02\/logo-conceptbbm.png","width":150,"height":150,"caption":"Concept BBM"},"image":{"@id":"https:\/\/conceptbbm.com\/#\/schema\/logo\/image\/"}},{"@type":"WebSite","@id":"https:\/\/conceptbbm.com\/#website","url":"https:\/\/conceptbbm.com\/","name":"Concept BBM","description":"","publisher":{"@id":"https:\/\/conceptbbm.com\/#organization"},"potentialAction":[{"@type":"SearchAction","target":{"@type":"EntryPoint","urlTemplate":"https:\/\/conceptbbm.com\/?s={search_term_string}"},"query-input":"required name=search_term_string"}],"inLanguage":"fr-FR"},{"@type":"ImageObject","inLanguage":"fr-FR","@id":"https:\/\/conceptbbm.com\/fr\/produit\/7349-palette-ecouteurs\/#primaryimage","url":"https:\/\/conceptbbm.com\/wp-content\/uploads\/2021\/09\/7349-EABUDS-WATCH-2-e1639516696387.jpg","contentUrl":"https:\/\/conceptbbm.com\/wp-content\/uploads\/2021\/09\/7349-EABUDS-WATCH-2-e1639516696387.jpg","width":1400,"height":1400,"caption":"48'' x 40'' Palette Multim\u00e9dia pour \u00e9couteurs, avec en-t\u00eate et pr\u00e9sentoirs pour cartes de bon. Un d\u00e9monstrateur est plac\u00e9 au centre, prot\u00e9g\u00e9 par une coquille de plastique faite sur mesure."},{"@type":"WebPage","@id":"https:\/\/conceptbbm.com\/fr\/produit\/7349-palette-ecouteurs\/#webpage","url":"https:\/\/conceptbbm.com\/fr\/produit\/7349-palette-ecouteurs\/","name":"#7349 - Palette - \u00c9couteurs | Concept BBM","isPartOf":{"@id":"https:\/\/conceptbbm.com\/#website"},"primaryImageOfPage":{"@id":"https:\/\/conceptbbm.com\/fr\/produit\/7349-palette-ecouteurs\/#primaryimage"},"datePublished":"2021-09-03T18:04:36+00:00","dateModified":"2022-07-08T13:32:51+00:00","description":"48'' x 40'' Palette Multim\u00e9dia pour \u00e9couteurs, avec en-t\u00eate et cartes de bon. D\u00e9monstrateur au centre, prot\u00e9g\u00e9 par une coquille de plastique sur mesure.","breadcrumb":{"@id":"https:\/\/conceptbbm.com\/fr\/produit\/7349-palette-ecouteurs\/#breadcrumb"},"inLanguage":"fr-FR","potentialAction":[{"@type":"ReadAction","target":["https:\/\/conceptbbm.com\/fr\/produit\/7349-palette-ecouteurs\/"]}]},{"@type":"BreadcrumbList","@id":"https:\/\/conceptbbm.com\/fr\/produit\/7349-palette-ecouteurs\/#breadcrumb","itemListElement":[{"@type":"ListItem","position":1,"name":"","item":"https:\/\/conceptbbm.com\/fr\/"},{"@type":"ListItem","position":2,"name":"Boutique","item":"https:\/\/conceptbbm.com\/fr\/boutique\/"},{"@type":"ListItem","position":3,"name":"#7349 &#8211; Palette &#8211; \u00c9couteurs"}]}]}},"_links":{"self":[{"href":"https:\/\/conceptbbm.com\/fr\/wp-json\/wp\/v2\/product\/9615"}],"collection":[{"href":"https:\/\/conceptbbm.com\/fr\/wp-json\/wp\/v2\/product"}],"about":[{"href":"https:\/\/conceptbbm.com\/fr\/wp-json\/wp\/v2\/types\/product"}],"wp:featuredmedia":[{"embeddable":true,"href":"https:\/\/conceptbbm.com\/fr\/wp-json\/wp\/v2\/media\/9617"}],"wp:attachment":[{"href":"https:\/\/conceptbbm.com\/fr\/wp-json\/wp\/v2\/media?parent=9615"}],"wp:term":[{"taxonomy":"product_cat","embeddable":true,"href":"https:\/\/conceptbbm.com\/fr\/wp-json\/wp\/v2\/product_cat?post=9615"},{"taxonomy":"product_tag","embeddable":true,"href":"https:\/\/conceptbbm.com\/fr\/wp-json\/wp\/v2\/product_tag?post=9615"}],"curies":[{"name":"wp","href":"https:\/\/api.w.org\/{rel}","templated":true}]}}